{"id":18053,"date":"2021-10-22T12:12:44","date_gmt":"2021-10-22T12:12:44","guid":{"rendered":"https:\/\/cultivers.es\/abonos\/engrais-pour-plantes-ornementales\/"},"modified":"2025-09-22T05:14:08","modified_gmt":"2025-09-22T05:14:08","slug":"engrais-pour-plantes-ornementales-biologiques","status":"publish","type":"product","link":"https:\/\/cultivers.es\/fr\/abonnements\/engrais-pour-plantes-ornementales-biologiques\/","title":{"rendered":"Engrais pour plantes ornementales"},"content":{"rendered":"<p>Notre engrais organique pour plantes ornementales a une formulation sp\u00e9ciale pour les plantes ornementales, 100% naturelle et organique. Il est d&rsquo;origine v\u00e9g\u00e9tale et de forme perl\u00e9e pour faciliter son utilisation. Teneur \u00e9lev\u00e9e en mati\u00e8re organique, avec un excellent rapport carbone-azote qui facilite l&rsquo;absorption des nutriments par la plante.<\/p>\n<p>Une partie de l&rsquo;azote est disponible d\u00e8s l&rsquo;\u00e9pandage, le reste est lib\u00e9r\u00e9 progressivement pour \u00e9viter les d\u00e9ficits de fertilisation. Le potassium pr\u00e9vient le stress et facilite l&rsquo;absorption de l&rsquo;eau par les plantes. Il am\u00e9liore la taille et la couleur des fleurs, contribue \u00e0 un apport \u00e9quilibr\u00e9 des principaux \u00e9l\u00e9ments, am\u00e9liore l&rsquo;a\u00e9ration et la r\u00e9tention d&rsquo;eau.<\/p>\n<p>L&rsquo;engrais organique pour plantes ornementales est d&rsquo;origine v\u00e9g\u00e9tale et se pr\u00e9sente sous forme de perles pour faciliter son utilisation. Engrais organique riche en mati\u00e8re organique, avec un excellent rapport carbone-azote qui facilite l&rsquo;absorption des nutriments par la plante.<\/p>\n","protected":false},"excerpt":{"rendered":"<div id=\"featurebullets_feature_div\" class=\"celwidget\" data-feature-name=\"featurebullets\" data-csa-c-id=\"k06zpm-578otj-s52u0w-7dnm79\" data-cel-widget=\"featurebullets_feature_div\">\n<div id=\"feature-bullets\" class=\"a-section a-spacing-medium a-spacing-top-small\">\n<ul class=\"a-unordered-list a-vertical a-spacing-mini\">\n<li><span class=\"a-list-item\">Des plantes saines et vigoureuses. Augmentation de la floraison et intensification de la couleur<\/span><\/li>\n<li><span class=\"a-list-item\">Une lib\u00e9ration contr\u00f4l\u00e9e optimale sur une p\u00e9riode plus longue, maximisant l&rsquo;efficacit\u00e9 de chaque nutriment et \u00e9vitant une surfertilisation ind\u00e9sirable.<\/span><\/li>\n<li><span class=\"a-list-item\">Stimule la croissance des racines et pr\u00e9vient les probl\u00e8mes de carence. Engrais facilement absorb\u00e9 et structure du sol am\u00e9lior\u00e9e. Favorise la r\u00e9tention des liquides et permet d&rsquo;\u00e9conomiser l&rsquo;eau.<\/span><\/li>\n<li><span class=\"a-list-item\">Granul\u00e9s d&rsquo;engrais 100% biologiques et v\u00e9g\u00e9taliens<\/span><\/li>\n<li><span class=\"a-list-item\">Des plantes plus fortes et plus r\u00e9sistantes<\/span><\/li>\n<li><span class=\"a-list-item\">Engrais organique granulaire sous forme de microsph\u00e8res \u00e0 lib\u00e9ration lente et contr\u00f4l\u00e9e.<\/span><\/li>\n<\/ul>\n<\/div>\n<\/div>\n<div id=\"bissProductSpecification_feature_div\" class=\"celwidget\" data-feature-name=\"bissProductSpecification\" data-csa-c-id=\"wd687s-f2isls-pb65gz-13vpr8\" data-cel-widget=\"bissProductSpecification_feature_div\"><\/div>\n","protected":false},"featured_media":11774,"comment_status":"open","ping_status":"closed","template":"","meta":{"_acf_changed":false},"product_brand":[],"product_cat":[314,312],"product_tag":[1416],"class_list":{"0":"post-18053","1":"product","2":"type-product","3":"status-publish","4":"has-post-thumbnail","6":"product_cat-engrais","7":"product_cat-engrais-solides","8":"product_tag-caae-fr","10":"first","11":"instock","12":"taxable","13":"shipping-taxable","14":"purchasable","15":"product-type-variable"},"acf":[],"_links":{"self":[{"href":"https:\/\/cultivers.es\/fr\/wp-json\/wp\/v2\/product\/18053","targetHints":{"allow":["GET"]}}],"collection":[{"href":"https:\/\/cultivers.es\/fr\/wp-json\/wp\/v2\/product"}],"about":[{"href":"https:\/\/cultivers.es\/fr\/wp-json\/wp\/v2\/types\/product"}],"replies":[{"embeddable":true,"href":"https:\/\/cultivers.es\/fr\/wp-json\/wp\/v2\/comments?post=18053"}],"wp:featuredmedia":[{"embeddable":true,"href":"https:\/\/cultivers.es\/fr\/wp-json\/wp\/v2\/media\/11774"}],"wp:attachment":[{"href":"https:\/\/cultivers.es\/fr\/wp-json\/wp\/v2\/media?parent=18053"}],"wp:term":[{"taxonomy":"product_brand","embeddable":true,"href":"https:\/\/cultivers.es\/fr\/wp-json\/wp\/v2\/product_brand?post=18053"},{"taxonomy":"product_cat","embeddable":true,"href":"https:\/\/cultivers.es\/fr\/wp-json\/wp\/v2\/product_cat?post=18053"},{"taxonomy":"product_tag","embeddable":true,"href":"https:\/\/cultivers.es\/fr\/wp-json\/wp\/v2\/product_tag?post=18053"}],"curies":[{"name":"wp","href":"https:\/\/api.w.org\/{rel}","templated":true}]}}