{"id":18054,"date":"2021-10-22T12:12:44","date_gmt":"2021-10-22T12:12:44","guid":{"rendered":"https:\/\/cultivers.es\/abonos\/engrais-pour-geraniums-bio\/"},"modified":"2025-09-22T05:30:01","modified_gmt":"2025-09-22T05:30:01","slug":"engrais-geranium-organique-fertilisant-ecologique","status":"publish","type":"product","link":"https:\/\/cultivers.es\/fr\/abonnements\/engrais-geranium-organique-fertilisant-ecologique\/","title":{"rendered":"Engrais pour g\u00e9raniums bio"},"content":{"rendered":"<div class=\"page\" title=\"Page 1\">\n<div class=\"section\">\n<div class=\"layoutArea\">\n<div class=\"column\">\n<p>Engrais organique d&rsquo;origine v\u00e9g\u00e9tale, perl\u00e9 pour faciliter l&rsquo;utilisation. Avec de l&rsquo;azote et des acides humiques.<\/p>\n<p>Les avantages de cet engrais pour la culture des g\u00e9raniums sont les suivants :<\/p>\n<p>L&rsquo;azote organique est progressivement lib\u00e9r\u00e9 dans le sol\/substrat, fournissant la source d&rsquo;azote n\u00e9cessaire pour \u00e9viter le jaunissement des feuilles.<\/p>\n<p>Les acides humiques facilitent la r\u00e9tention d&rsquo;eau et augmentent la formation des racines, facilitent la floraison et la croissance.<\/p>\n<\/div>\n<\/div>\n<\/div>\n<\/div>\n","protected":false},"excerpt":{"rendered":"<ul class=\"a-unordered-list a-vertical a-spacing-mini\">\n<li><span class=\"a-list-item\">Favorise la floraison et l&rsquo;ar\u00f4me des fleurs. Intensifie la couleur.<\/span><\/li>\n<li><span class=\"a-list-item\">100% d&rsquo;origine biologique et v\u00e9g\u00e9talienne. Haute assimilation avec NPK + 74% de mati\u00e8re organique et d&rsquo;acides humiques.<\/span><\/li>\n<li><span class=\"a-list-item\">Formulation lente et contr\u00f4l\u00e9e d&rsquo;origine v\u00e9g\u00e9tale. Renforce la r\u00e9sistance aux maladies.<\/span><\/li>\n<li><span class=\"a-list-item\">Convient \u00e9galement \u00e0 d&rsquo;autres vari\u00e9t\u00e9s telles que les p\u00e9tunias, les b\u00e9gonias, les fuchsias, les murcianes, etc.<\/span><\/li>\n<li><span class=\"a-list-item\">Produit 100% naturel et inoffensif pour les animaux, respectueux de l&rsquo;environnement.<\/span><\/li>\n<\/ul>\n","protected":false},"featured_media":12404,"comment_status":"open","ping_status":"closed","template":"","meta":{"_acf_changed":false},"product_brand":[],"product_cat":[314,312],"product_tag":[1416],"class_list":{"0":"post-18054","1":"product","2":"type-product","3":"status-publish","4":"has-post-thumbnail","6":"product_cat-engrais","7":"product_cat-engrais-solides","8":"product_tag-caae-fr","10":"first","11":"instock","12":"taxable","13":"shipping-taxable","14":"purchasable","15":"product-type-variable"},"acf":[],"_links":{"self":[{"href":"https:\/\/cultivers.es\/fr\/wp-json\/wp\/v2\/product\/18054","targetHints":{"allow":["GET"]}}],"collection":[{"href":"https:\/\/cultivers.es\/fr\/wp-json\/wp\/v2\/product"}],"about":[{"href":"https:\/\/cultivers.es\/fr\/wp-json\/wp\/v2\/types\/product"}],"replies":[{"embeddable":true,"href":"https:\/\/cultivers.es\/fr\/wp-json\/wp\/v2\/comments?post=18054"}],"wp:featuredmedia":[{"embeddable":true,"href":"https:\/\/cultivers.es\/fr\/wp-json\/wp\/v2\/media\/12404"}],"wp:attachment":[{"href":"https:\/\/cultivers.es\/fr\/wp-json\/wp\/v2\/media?parent=18054"}],"wp:term":[{"taxonomy":"product_brand","embeddable":true,"href":"https:\/\/cultivers.es\/fr\/wp-json\/wp\/v2\/product_brand?post=18054"},{"taxonomy":"product_cat","embeddable":true,"href":"https:\/\/cultivers.es\/fr\/wp-json\/wp\/v2\/product_cat?post=18054"},{"taxonomy":"product_tag","embeddable":true,"href":"https:\/\/cultivers.es\/fr\/wp-json\/wp\/v2\/product_tag?post=18054"}],"curies":[{"name":"wp","href":"https:\/\/api.w.org\/{rel}","templated":true}]}}