{"id":18055,"date":"2021-10-22T12:12:44","date_gmt":"2021-10-22T12:12:44","guid":{"rendered":"https:\/\/cultivers.es\/abonos\/engrais-biologique-pour-rosiers\/"},"modified":"2025-09-22T05:13:51","modified_gmt":"2025-09-22T05:13:51","slug":"engrais-rosales-ecologiques","status":"publish","type":"product","link":"https:\/\/cultivers.es\/fr\/abonnements\/engrais-rosales-ecologiques\/","title":{"rendered":"Engrais biologique pour rosiers"},"content":{"rendered":"<div class=\"detail-desc-decorate-richtext\" data-key=\"3\"><span class=\"slate-node-text\" data-key=\"4\"><span data-offset-key=\"4:0\" data-spm-anchor-id=\"5261.product_publish.0.i3.5b9a4edffpte7Q\">Engrais organique d&rsquo;origine v\u00e9g\u00e9tale riche en N et K.<\/span><\/span><\/div>\n<div class=\"detail-desc-decorate-richtext\" data-key=\"36\"><span class=\"slate-node-text\" data-key=\"35\"><span data-offset-key=\"35:0\">Les avantages de cet engrais pour les rosiers sont les suivants :<\/span><\/span><\/div>\n<div class=\"detail-desc-decorate-richtext\" data-key=\"38\" data-spm-anchor-id=\"5261.product_publish.0.i7.5b9a4edffpte7Q\"><span class=\"slate-node-text\" data-key=\"37\"><span data-offset-key=\"37:0\" data-spm-anchor-id=\"5261.product_publish.0.i6.5b9a4edffpte7Q\">L&rsquo;azote organique, qui favorise l&rsquo;apport d&rsquo;azote tout au long du cycle. On a observ\u00e9 une nouvelle croissance des pousses, une coloration accrue des feuilles de rose et une floraison abondante.<\/span><\/span><\/div>\n<div class=\"detail-desc-decorate-richtext\" data-key=\"44\"><\/div>\n<div class=\"detail-desc-decorate-richtext\" data-key=\"46\" data-spm-anchor-id=\"5261.product_publish.0.i10.5b9a4edffpte7Q\"><span class=\"slate-node-text\" data-key=\"45\"><span data-offset-key=\"45:0\" data-spm-anchor-id=\"5261.product_publish.0.i9.5b9a4edffpte7Q\">La teneur \u00e9lev\u00e9e en potassium permet un bon d\u00e9veloppement des bourgeons floraux et emp\u00eache le jaunissement ou le fl\u00e9trissement des feuilles.<\/span><\/span><\/div>\n<div class=\"detail-desc-decorate-richtext\" data-key=\"48\"><\/div>\n<div class=\"detail-desc-decorate-richtext\" data-key=\"50\" data-spm-anchor-id=\"5261.product_publish.0.i11.5b9a4edffpte7Q\" data-slate-fragment=\"JTdCJTIyb2JqZWN0JTIyJTNBJTIyZG9jdW1lbnQlMjIlMkMlMjJkYXRhJTIyJTNBJTdCJTdEJTJDJTIybm9kZXMlMjIlM0ElNUIlN0IlMjJvYmplY3QlMjIlM0ElMjJibG9jayUyMiUyQyUyMnR5cGUlMjIlM0ElMjJkaXYlMjIlMkMlMjJpc1ZvaWQlMjIlM0FmYWxzZSUyQyUyMmRhdGElMjIlM0ElN0IlMjJjbGFzc05hbWUlMjIlM0ElMjJkZXRhaWxtb2R1bGVfaHRtbCUyMiU3RCUyQyUyMm5vZGVzJTIyJTNBJTVCJTdCJTIyb2JqZWN0JTIyJTNBJTIyYmxvY2slMjIlMkMlMjJ0eXBlJTIyJTNBJTIyZGl2JTIyJTJDJTIyaXNWb2lkJTIyJTNBZmFsc2UlMkMlMjJkYXRhJTIyJTNBJTdCJTIyY2xhc3NOYW1lJTIyJTNBJTIyZGV0YWlsLWRlc2MtZGVjb3JhdGUtcmljaHRleHQlMjIlN0QlMkMlMjJub2RlcyUyMiUzQSU1QiU3QiUyMm9iamVjdCUyMiUzQSUyMnRleHQlMjIlMkMlMjJsZWF2ZXMlMjIlM0ElNUIlN0IlMjJvYmplY3QlMjIlM0ElMjJsZWFmJTIyJTJDJTIydGV4dCUyMiUzQSUyMkZlcnRpbGl6YW50ZSUyMG9yZyVDMyVBMW5pY28lMjBkZSUyMG9yaWdlbiUyMHZlZ2V0YWwlMjByaWNvJTIwZW4lMjBOJTIweSUyMEsuJTIyJTJDJTIybWFya3MlMjIlM0ElNUIlNUQlN0QlNUQlN0QlNUQlN0QlMkMlN0IlMjJvYmplY3QlMjIlM0ElMjJibG9jayUyMiUyQyUyMnR5cGUlMjIlM0ElMjJkaXYlMjIlMkMlMjJpc1ZvaWQlMjIlM0FmYWxzZSUyQyUyMmRhdGElMjIlM0ElN0IlMjJjbGFzc05hbWUlMjIlM0ElMjJkZXRhaWwtZGVzYy1kZWNvcmF0ZS1yaWNodGV4dCUyMiU3RCUyQyUyMm5vZGVzJTIyJTNBJTVCJTdCJTIyb2JqZWN0JTIyJTNBJTIydGV4dCUyMiUyQyUyMmxlYXZlcyUyMiUzQSU1QiU3QiUyMm9iamVjdCUyMiUzQSUyMmxlYWYlMjIlMkMlMjJ0ZXh0JTIyJTNBJTIyTG9zJTIwYmVuZWZpY2lvcyUyMGRlbCUyMGFwb3J0ZSUyMGRlJTIwZXN0ZSUyMGZlcnRpbGl6YW50ZSUyMGElMjBsb3MlMjByb3NhbGVzJTIwc29uJTIwbG9zJTIwc2lndWllbnRlJTNBJTIyJTJDJTIybWFya3MlMjIlM0ElNUIlNUQlN0QlNUQlN0QlNUQlN0QlMkMlN0IlMjJvYmplY3QlMjIlM0ElMjJibG9jayUyMiUyQyUyMnR5cGUlMjIlM0ElMjJkaXYlMjIlMkMlMjJpc1ZvaWQlMjIlM0FmYWxzZSUyQyUyMmRhdGElMjIlM0ElN0IlMjJjbGFzc05hbWUlMjIlM0ElMjJkZXRhaWwtZGVzYy1kZWNvcmF0ZS1yaWNodGV4dCUyMiU3RCUyQyUyMm5vZGVzJTIyJTNBJTVCJTdCJTIyb2JqZWN0JTIyJTNBJTIydGV4dCUyMiUyQyUyMmxlYXZlcyUyMiUzQSU1QiU3QiUyMm9iamVjdCUyMiUzQSUyMmxlYWYlMjIlMkMlMjJ0ZXh0JTIyJTNBJTIyRWwlMjBuaXRyJUMzJUIzZ2VubyUyMG9yZyVDMyVBMW5pY28lMkMlMjBmYXZvcmVjZSUyMGVsJTIwYXBvcnRlJTIwZGUlMjBuaXRyJUMzJUIzZ2VubyUyMGElMjBsbyUyMGxhcmdvJTIwZGUlMjB0b2RvJTIwZWwlMjBjaWNsby4lMjBPYnNlcnYlQzMlQTFuZG9zZSUyMCVDMiVBMGNyZWNpbWllbnRvcyUyMGRlJTIwYnJvdGVzJTIwbnVldm9zJTJDJTIwYXVtZW50byUyMGRlJTIwY29sb3JhY2klQzMlQjNuJTIwZGUlMjBsYXMlMjBob2phcyUyMGRlJTIwbG9zJTIwcm9zYWxlcyUyMHklMjB1bmElMjByaWNhJTIwZmxvcmFjaSVDMyVCM24uJTIyJTJDJTIybWFya3MlMjIlM0ElNUIlNUQlN0QlNUQlN0QlNUQlN0QlMkMlN0IlMjJvYmplY3QlMjIlM0ElMjJibG9jayUyMiUyQyUyMnR5cGUlMjIlM0ElMjJkaXYlMjIlMkMlMjJpc1ZvaWQlMjIlM0FmYWxzZSUyQyUyMmRhdGElMjIlM0ElN0IlMjJjbGFzc05hbWUlMjIlM0ElMjJkZXRhaWwtZGVzYy1kZWNvcmF0ZS1yaWNodGV4dCUyMiU3RCUyQyUyMm5vZGVzJTIyJTNBJTVCJTdCJTIyb2JqZWN0JTIyJTNBJTIydGV4dCUyMiUyQyUyMmxlYXZlcyUyMiUzQSU1QiU3QiUyMm9iamVjdCUyMiUzQSUyMmxlYWYlMjIlMkMlMjJ0ZXh0JTIyJTNBJTIyJTIyJTJDJTIybWFya3MlMjIlM0ElNUIlNUQlN0QlNUQlN0QlNUQlN0QlMkMlN0IlMjJvYmplY3QlMjIlM0ElMjJibG9jayUyMiUyQyUyMnR5cGUlMjIlM0ElMjJkaXYlMjIlMkMlMjJpc1ZvaWQlMjIlM0FmYWxzZSUyQyUyMmRhdGElMjIlM0ElN0IlMjJjbGFzc05hbWUlMjIlM0ElMjJkZXRhaWwtZGVzYy1kZWNvcmF0ZS1yaWNodGV4dCUyMiU3RCUyQyUyMm5vZGVzJTIyJTNBJTVCJTdCJTIyb2JqZWN0JTIyJTNBJTIydGV4dCUyMiUyQyUyMmxlYXZlcyUyMiUzQSU1QiU3QiUyMm9iamVjdCUyMiUzQSUyMmxlYWYlMjIlMkMlMjJ0ZXh0JTIyJTNBJTIyQWx0byUyMGNvbnRlbmlkbyUyMGVuJTIwUG90YXNpbyUyMHByb3ZvY2ElMjB1biUyMGJ1ZW4lMjBkZXNhcnJvbGxvJTIwZGUlMjBsb3MlMjBib3RvbmVzJTIwZmxvcmFsZXMlMjB5JTIwZXZpdGElMjBlbCUyMGFtYXJpbGxhbWllbnRvJTIwbyUyMG1hcmNoaXRhbWllbnRvJTIwZGUlMjBsYXMlMjBob2phcy4lMjIlMkMlMjJtYXJrcyUyMiUzQSU1QiU1RCU3RCU1RCU3RCU1RCU3RCUyQyU3QiUyMm9iamVjdCUyMiUzQSUyMmJsb2NrJTIyJTJDJTIydHlwZSUyMiUzQSUyMmRpdiUyMiUyQyUyMmlzVm9pZCUyMiUzQWZhbHNlJTJDJTIyZGF0YSUyMiUzQSU3QiUyMmNsYXNzTmFtZSUyMiUzQSUyMmRldGFpbC1kZXNjLWRlY29yYXRlLXJpY2h0ZXh0JTIyJTdEJTJDJTIybm9kZXMlMjIlM0ElNUIlN0IlMjJvYmplY3QlMjIlM0ElMjJ0ZXh0JTIyJTJDJTIybGVhdmVzJTIyJTNBJTVCJTdCJTIyb2JqZWN0JTIyJTNBJTIybGVhZiUyMiUyQyUyMnRleHQlMjIlM0ElMjIlMjIlMkMlMjJtYXJrcyUyMiUzQSU1QiU1RCU3RCU1RCU3RCU1RCU3RCUyQyU3QiUyMm9iamVjdCUyMiUzQSUyMmJsb2NrJTIyJTJDJTIydHlwZSUyMiUzQSUyMmRpdiUyMiUyQyUyMmlzVm9pZCUyMiUzQWZhbHNlJTJDJTIyZGF0YSUyMiUzQSU3QiUyMmNsYXNzTmFtZSUyMiUzQSUyMmRldGFpbC1kZXNjLWRlY29yYXRlLXJpY2h0ZXh0JTIyJTdEJTJDJTIybm9kZXMlMjIlM0ElNUIlN0IlMjJvYmplY3QlMjIlM0ElMjJ0ZXh0JTIyJTJDJTIybGVhdmVzJTIyJTNBJTVCJTdCJTIyb2JqZWN0JTIyJTNBJTIybGVhZiUyMiUyQyUyMnRleHQlMjIlM0ElMjJObyUyMGFjZXJjYXIlMjBhbCUyMHRyb25jbyUyMGFsJTIwYWJvbmFyLiUyMiUyQyUyMm1hcmtzJTIyJTNBJTVCJTVEJTdEJTVEJTdEJTVEJTdEJTVEJTdEJTVEJTdE\"><strong><span class=\"slate-node-text\" data-key=\"49\">Ne pas s&rsquo;approcher du tronc lors de la fertilisation.<\/span><\/strong><\/div>\n","protected":false},"excerpt":{"rendered":"<ul class=\"a-unordered-list a-vertical a-spacing-mini\">\n<li><span class=\"a-list-item\">Engrais organique sp\u00e9cial pour les roses et les plantes grimpantes.<\/span><\/li>\n<li><span class=\"a-list-item\">Favorise la floraison et l&rsquo;ar\u00f4me des fleurs. Intensifie la couleur.<\/span><\/li>\n<li><span class=\"a-list-item\">100% d&rsquo;origine biologique et v\u00e9g\u00e9talienne. Haute assimilation avec NPK + 74% de mati\u00e8re organique et d&rsquo;acides humiques.<\/span><\/li>\n<li><span class=\"a-list-item\">Formulation lente et contr\u00f4l\u00e9e d&rsquo;origine v\u00e9g\u00e9tale. Renforce la r\u00e9sistance aux maladies.<\/span><\/li>\n<li><span class=\"a-list-item\">Produit 100% naturel et inoffensif pour les animaux, respectueux de l&rsquo;environnement.<\/span><\/li>\n<\/ul>\n","protected":false},"featured_media":12314,"comment_status":"open","ping_status":"closed","template":"","meta":{"_acf_changed":false},"product_brand":[],"product_cat":[314,312],"product_tag":[1416],"class_list":{"0":"post-18055","1":"product","2":"type-product","3":"status-publish","4":"has-post-thumbnail","6":"product_cat-engrais","7":"product_cat-engrais-solides","8":"product_tag-caae-fr","10":"first","11":"instock","12":"taxable","13":"shipping-taxable","14":"purchasable","15":"product-type-variable"},"acf":[],"_links":{"self":[{"href":"https:\/\/cultivers.es\/fr\/wp-json\/wp\/v2\/product\/18055","targetHints":{"allow":["GET"]}}],"collection":[{"href":"https:\/\/cultivers.es\/fr\/wp-json\/wp\/v2\/product"}],"about":[{"href":"https:\/\/cultivers.es\/fr\/wp-json\/wp\/v2\/types\/product"}],"replies":[{"embeddable":true,"href":"https:\/\/cultivers.es\/fr\/wp-json\/wp\/v2\/comments?post=18055"}],"wp:featuredmedia":[{"embeddable":true,"href":"https:\/\/cultivers.es\/fr\/wp-json\/wp\/v2\/media\/12314"}],"wp:attachment":[{"href":"https:\/\/cultivers.es\/fr\/wp-json\/wp\/v2\/media?parent=18055"}],"wp:term":[{"taxonomy":"product_brand","embeddable":true,"href":"https:\/\/cultivers.es\/fr\/wp-json\/wp\/v2\/product_brand?post=18055"},{"taxonomy":"product_cat","embeddable":true,"href":"https:\/\/cultivers.es\/fr\/wp-json\/wp\/v2\/product_cat?post=18055"},{"taxonomy":"product_tag","embeddable":true,"href":"https:\/\/cultivers.es\/fr\/wp-json\/wp\/v2\/product_tag?post=18055"}],"curies":[{"name":"wp","href":"https:\/\/api.w.org\/{rel}","templated":true}]}}