{"id":18256,"date":"2021-10-22T12:12:49","date_gmt":"2021-10-22T12:12:49","guid":{"rendered":"https:\/\/cultivers.es\/abonos\/acides-amines-liquides\/"},"modified":"2025-09-22T05:02:29","modified_gmt":"2025-09-22T05:02:29","slug":"acides-amines-liquides","status":"publish","type":"product","link":"https:\/\/cultivers.es\/fr\/abonnements\/acides-amines-liquides\/","title":{"rendered":"Acides amin\u00e9s liquides"},"content":{"rendered":"<p>Biostimulant \u00e9cologique \u00e0 base d&rsquo;acides amin\u00e9s libres pour augmenter la productivit\u00e9. Il s&rsquo;agit d&rsquo;une formulation d&rsquo;acides amin\u00e9s obtenus par hydrolyse enzymatique qui am\u00e9liore l&rsquo;efficacit\u00e9 biologique de la culture. Il facilite le d\u00e9veloppement des cultures et augmente la productivit\u00e9, m\u00eame dans des conditions d\u00e9favorables. Son assimilation et sa translocation rapides permettent \u00e0 la plante d&rsquo;\u00e9conomiser l&rsquo;\u00e9nergie n\u00e9cessaire \u00e0 la synth\u00e8se des prot\u00e9ines, ce qui lui permet d&rsquo;activer les fonctions physiologiques li\u00e9es \u00e0 la germination, \u00e0 la floraison et \u00e0 la fructification, augmentant ainsi sa productivit\u00e9. Son aminogramme est parfaitement \u00e9quilibr\u00e9 et il a des effets positifs sur la photosynth\u00e8se, la pollinisation et la capacit\u00e9 de ch\u00e9lation.<\/p>\n","protected":false},"excerpt":{"rendered":"<ul class=\"a-unordered-list a-vertical a-spacing-mini\">\n<li><span class=\"a-list-item\">Biostimulant \u00e9cologique \u00e0 base d&rsquo;acides amin\u00e9s libres pour augmenter la productivit\u00e9.<\/span><\/li>\n<li><span class=\"a-list-item\">Il s&rsquo;agit d&rsquo;une formulation d&rsquo;acides amin\u00e9s obtenus par hydrolyse enzymatique qui am\u00e9liore l&rsquo;efficacit\u00e9 biologique de la culture.<\/span><\/li>\n<li><span class=\"a-list-item\">Son assimilation et sa translocation rapides permettent \u00e0 la plante d&rsquo;\u00e9conomiser l&rsquo;\u00e9nergie n\u00e9cessaire \u00e0 la synth\u00e8se des prot\u00e9ines, ce qui lui permet d&rsquo;activer les fonctions physiologiques li\u00e9es \u00e0 la germination, \u00e0 la floraison et \u00e0 la fructification, augmentant ainsi sa productivit\u00e9.<\/span><\/li>\n<li><span class=\"a-list-item\">Son aminogramme est parfaitement \u00e9quilibr\u00e9 et il a des effets positifs sur la photosynth\u00e8se, la pollinisation et la capacit\u00e9 de ch\u00e9lation.<\/span><\/li>\n<\/ul>\n","protected":false},"featured_media":29010,"comment_status":"open","ping_status":"closed","template":"","meta":{"_acf_changed":false},"product_brand":[],"product_cat":[465,463],"product_tag":[1416],"class_list":{"0":"post-18256","1":"product","2":"type-product","3":"status-publish","4":"has-post-thumbnail","6":"product_cat-acides-amines","7":"product_cat-biostimulants-fr","8":"product_tag-caae-fr","10":"first","11":"instock","12":"taxable","13":"shipping-taxable","14":"purchasable","15":"product-type-variable"},"acf":[],"_links":{"self":[{"href":"https:\/\/cultivers.es\/fr\/wp-json\/wp\/v2\/product\/18256","targetHints":{"allow":["GET"]}}],"collection":[{"href":"https:\/\/cultivers.es\/fr\/wp-json\/wp\/v2\/product"}],"about":[{"href":"https:\/\/cultivers.es\/fr\/wp-json\/wp\/v2\/types\/product"}],"replies":[{"embeddable":true,"href":"https:\/\/cultivers.es\/fr\/wp-json\/wp\/v2\/comments?post=18256"}],"wp:featuredmedia":[{"embeddable":true,"href":"https:\/\/cultivers.es\/fr\/wp-json\/wp\/v2\/media\/29010"}],"wp:attachment":[{"href":"https:\/\/cultivers.es\/fr\/wp-json\/wp\/v2\/media?parent=18256"}],"wp:term":[{"taxonomy":"product_brand","embeddable":true,"href":"https:\/\/cultivers.es\/fr\/wp-json\/wp\/v2\/product_brand?post=18256"},{"taxonomy":"product_cat","embeddable":true,"href":"https:\/\/cultivers.es\/fr\/wp-json\/wp\/v2\/product_cat?post=18256"},{"taxonomy":"product_tag","embeddable":true,"href":"https:\/\/cultivers.es\/fr\/wp-json\/wp\/v2\/product_tag?post=18256"}],"curies":[{"name":"wp","href":"https:\/\/api.w.org\/{rel}","templated":true}]}}