{"id":18257,"date":"2021-10-22T12:12:49","date_gmt":"2021-10-22T12:12:49","guid":{"rendered":"https:\/\/cultivers.es\/abonos\/calcium-tomates-poivrons-et-legumes-liquides\/"},"modified":"2025-09-22T04:58:52","modified_gmt":"2025-09-22T04:58:52","slug":"calcium-tomates-poivrons-et-legumes-liquide","status":"publish","type":"product","link":"https:\/\/cultivers.es\/fr\/abonnements\/calcium-tomates-poivrons-et-legumes-liquide\/","title":{"rendered":"Calcium Tomates, poivrons et l\u00e9gumes liquides"},"content":{"rendered":"<p>Le calcium contenu dans ce produit provient de sources organiques (ac\u00e9tate de calcium et lignosulfonate) riches en b\u00e9ta\u00efnes naturelles, est rapidement assimil\u00e9 et transloqu\u00e9 dans les plantes. Il fournit un calcium efficace pendant les phases de forte demande en calcium - enracinement, germination, floraison et fructification - dans les cultures exigeantes et\/ou dans celles \u00e9tablies sur des sols carenc\u00e9s. D&rsquo;autre part, la charge organique \u00e9lev\u00e9e provoque une r\u00e9ponse sp\u00e9cifique chez les plantes, caract\u00e9ris\u00e9e par une augmentation de la croissance v\u00e9g\u00e9tative. Dans les sols salins ou en cas d&rsquo;utilisation d&rsquo;eau d&rsquo;irrigation riche en sel, il att\u00e9nue les effets n\u00e9fastes de la salinit\u00e9 en d\u00e9pla\u00e7ant le sodium du bulbe humide. Le calcium li\u00e9 \u00e0 des mol\u00e9cules organiques am\u00e9liore la floculation des argiles et favorise l&rsquo;absorption d&rsquo;autres nutriments.<\/p>\n","protected":false},"excerpt":{"rendered":"<ul class=\"a-unordered-list a-vertical a-spacing-mini\">\n<li><span class=\"a-list-item\">Correcteur de calcium pour les tomates, les poivrons et toutes sortes de l\u00e9gumes.<\/span><\/li>\n<li><span class=\"a-list-item\">Renforce la r\u00e9sistance aux maladies. Lutte contre la pourriture apicale et la peseta.<\/span><\/li>\n<li><span class=\"a-list-item\">Appliquer r\u00e9guli\u00e8rement pendant les stades d&rsquo;activit\u00e9 v\u00e9g\u00e9tative les plus importants : d\u00e9veloppement de l&rsquo;apex, formation des racines, pr\u00e9floraison, nouaison et fructification.<\/span><\/li>\n<li><span class=\"a-list-item\">Solution riche en calcium d\u00e9riv\u00e9 d&rsquo;acides carboxyliques -ac\u00e9tates et lignosulfonates- qui am\u00e9liorent l&rsquo;assimilation et la distribution du calcium aux organes v\u00e9g\u00e9taux exigeants.<\/span><\/li>\n<li><span class=\"a-list-item\">Am\u00e9liore l&rsquo;\u00e9quilibre hydrique, la turgescence des tissus et la fermet\u00e9 des fruits ; appliqu\u00e9 au sol, il augmente l&rsquo;a\u00e9ration et la r\u00e9tention de l&rsquo;eau et des nutriments.<\/span><\/li>\n<li><span class=\"a-list-item\">Engrais 100% naturel et organique.<\/span><\/li>\n<\/ul>\n","protected":false},"featured_media":28359,"comment_status":"open","ping_status":"closed","template":"","meta":{"_acf_changed":false},"product_brand":[],"product_cat":[569],"product_tag":[],"woo-feed-brand":[],"class_list":{"0":"post-18257","1":"product","2":"type-product","3":"status-publish","4":"has-post-thumbnail","6":"product_cat-correcteurs-de-carence","8":"first","9":"instock","10":"taxable","11":"shipping-taxable","12":"purchasable","13":"product-type-variable"},"acf":[],"_links":{"self":[{"href":"https:\/\/cultivers.es\/fr\/wp-json\/wp\/v2\/product\/18257","targetHints":{"allow":["GET"]}}],"collection":[{"href":"https:\/\/cultivers.es\/fr\/wp-json\/wp\/v2\/product"}],"about":[{"href":"https:\/\/cultivers.es\/fr\/wp-json\/wp\/v2\/types\/product"}],"replies":[{"embeddable":true,"href":"https:\/\/cultivers.es\/fr\/wp-json\/wp\/v2\/comments?post=18257"}],"wp:featuredmedia":[{"embeddable":true,"href":"https:\/\/cultivers.es\/fr\/wp-json\/wp\/v2\/media\/28359"}],"wp:attachment":[{"href":"https:\/\/cultivers.es\/fr\/wp-json\/wp\/v2\/media?parent=18257"}],"wp:term":[{"taxonomy":"product_brand","embeddable":true,"href":"https:\/\/cultivers.es\/fr\/wp-json\/wp\/v2\/product_brand?post=18257"},{"taxonomy":"product_cat","embeddable":true,"href":"https:\/\/cultivers.es\/fr\/wp-json\/wp\/v2\/product_cat?post=18257"},{"taxonomy":"product_tag","embeddable":true,"href":"https:\/\/cultivers.es\/fr\/wp-json\/wp\/v2\/product_tag?post=18257"},{"taxonomy":"woo-feed-brand","embeddable":true,"href":"https:\/\/cultivers.es\/fr\/wp-json\/wp\/v2\/woo-feed-brand?post=18257"}],"curies":[{"name":"wp","href":"https:\/\/api.w.org\/{rel}","templated":true}]}}