{"id":18258,"date":"2021-10-22T12:12:50","date_gmt":"2021-10-22T12:12:50","guid":{"rendered":"https:\/\/cultivers.es\/abonos\/sulfate-de-cuivre\/"},"modified":"2026-04-06T10:20:12","modified_gmt":"2026-04-06T10:20:12","slug":"sulfate-de-cuivre","status":"publish","type":"product","link":"https:\/\/cultivers.es\/fr\/abonnements\/sulfate-de-cuivre\/","title":{"rendered":"Sulfate de cuivre"},"content":{"rendered":"<p>Sulfate de cuivre pour le nettoyage des piscines et l&rsquo;\u00e9limination durable des algues. Grand pouvoir algicide et fongicide. Pr\u00e9vient la formation d&rsquo;algues et de champignons. Effet fongicide cuivrique micronis\u00e9 tr\u00e8s stable, parfaitement tol\u00e9r\u00e9 par la v\u00e9g\u00e9tation, permettant une pulv\u00e9risation d&rsquo;une excellente efficacit\u00e9 et particuli\u00e8rement adapt\u00e9 au contr\u00f4le pr\u00e9ventif des maladies cryptogamiques. Poudre micronis\u00e9e, tr\u00e8s stable pour de multiples utilisations dans le jardin.Le sulfate de cuivre (II) pentahydrat\u00e9 lutte contre le mildiou, les taches et la br\u00fblure des feuilles et la tavelure du pommier. Sulfate de cuivre pour les exp\u00e9riences scolaires telles que la cristallisation ou la fabrication de neige instantan\u00e9e. Cuivre Sulfate de cuivre CuS Poudre mouillable. Nettoyage des algues dans les piscines, effet fongicide, lutte pr\u00e9ventive contre les maladies cryptogamiques, \u00e9limination des champignons dans les plantes.<\/p>\n","protected":false},"excerpt":{"rendered":"<ul class=\"a-unordered-list a-vertical a-spacing-mini\">\n<li><span class=\"a-list-item\">Sulfate de cuivre<\/span><\/li>\n<li><span class=\"a-list-item\">Poudre micronis\u00e9e, tr\u00e8s stable pour de multiples utilisations dans le jardin. sulfate de cuivre (ii) pentahydrat\u00e9<\/span><\/li>\n<\/ul>\n","protected":false},"featured_media":12644,"comment_status":"open","ping_status":"closed","template":"","meta":{"_acf_changed":false},"product_brand":[],"product_cat":[570,569,460],"product_tag":[],"class_list":{"0":"post-18258","1":"product","2":"type-product","3":"status-publish","4":"has-post-thumbnail","6":"product_cat-bioprotecteurs","7":"product_cat-correcteurs-de-carence","8":"product_cat-protection-des-cultures-et-des-plantes","10":"first","11":"instock","12":"taxable","13":"shipping-taxable","14":"purchasable","15":"product-type-variable"},"acf":[],"_links":{"self":[{"href":"https:\/\/cultivers.es\/fr\/wp-json\/wp\/v2\/product\/18258","targetHints":{"allow":["GET"]}}],"collection":[{"href":"https:\/\/cultivers.es\/fr\/wp-json\/wp\/v2\/product"}],"about":[{"href":"https:\/\/cultivers.es\/fr\/wp-json\/wp\/v2\/types\/product"}],"replies":[{"embeddable":true,"href":"https:\/\/cultivers.es\/fr\/wp-json\/wp\/v2\/comments?post=18258"}],"wp:featuredmedia":[{"embeddable":true,"href":"https:\/\/cultivers.es\/fr\/wp-json\/wp\/v2\/media\/12644"}],"wp:attachment":[{"href":"https:\/\/cultivers.es\/fr\/wp-json\/wp\/v2\/media?parent=18258"}],"wp:term":[{"taxonomy":"product_brand","embeddable":true,"href":"https:\/\/cultivers.es\/fr\/wp-json\/wp\/v2\/product_brand?post=18258"},{"taxonomy":"product_cat","embeddable":true,"href":"https:\/\/cultivers.es\/fr\/wp-json\/wp\/v2\/product_cat?post=18258"},{"taxonomy":"product_tag","embeddable":true,"href":"https:\/\/cultivers.es\/fr\/wp-json\/wp\/v2\/product_tag?post=18258"}],"curies":[{"name":"wp","href":"https:\/\/api.w.org\/{rel}","templated":true}]}}