{"id":18260,"date":"2021-10-22T12:12:49","date_gmt":"2021-10-22T12:12:49","guid":{"rendered":"https:\/\/cultivers.es\/abonos\/correcteur-de-deficiences-multiples\/"},"modified":"2025-09-22T04:58:37","modified_gmt":"2025-09-22T04:58:37","slug":"correcteur-de-deficiences-multiples","status":"publish","type":"product","link":"https:\/\/cultivers.es\/fr\/abonnements\/correcteur-de-deficiences-multiples\/","title":{"rendered":"Correcteur de d\u00e9ficiences multiples"},"content":{"rendered":"<div class=\"page\" title=\"Page 1\">\n<div class=\"section\">\n<div class=\"layoutArea\">\n<div class=\"column\">\n<p>Engrais organique hydrosoluble \u00e0 assimilation rapide qui agit comme correcteur de carences multiples. Sa richesse \u00e9quilibr\u00e9e en micro-\u00e9l\u00e9ments assure un d\u00e9veloppement optimal des plantes. Il s&rsquo;agit d&rsquo;un compl\u00e9ment efficace \u00e0 la fertilisation de base, agissant \u00e0 la fois comme stimulant du d\u00e9veloppement et comme pr\u00e9ventif des carences. Son application permet de satisfaire les cultures les plus exigeantes sur le plan nutritionnel, en garantissant des niveaux optimaux tout au long du cycle.<\/p>\n<\/div>\n<\/div>\n<\/div>\n<\/div>\n","protected":false},"excerpt":{"rendered":"<ul class=\"a-unordered-list a-vertical a-spacing-mini\">\n<li><span class=\"a-list-item\">Aide \u00e0 maintenir une nutrition \u00e9quilibr\u00e9e des plantes<\/span><\/li>\n<li><span class=\"a-list-item\">Apport optimal de micro-\u00e9l\u00e9ments rapidement assimilables par la plante<\/span><\/li>\n<li><span class=\"a-list-item\">Pr\u00e9vient les \u00e9tats de carence des plantes<\/span><\/li>\n<li><span class=\"a-list-item\">Mix eco minimise le risque de dommages caus\u00e9s aux feuilles et aux fruits par les maladies physiopathog\u00e8nes, am\u00e9liorant ainsi le rendement des cultures.<\/span><\/li>\n<li><span class=\"a-list-item\">Correcteur de carences multiples 100 % biologique ; certifi\u00e9 pour l&rsquo;agriculture biologique par le FEAGA<\/span><\/li>\n<\/ul>\n","protected":false},"featured_media":12869,"comment_status":"open","ping_status":"closed","template":"","meta":{"_acf_changed":false},"product_brand":[],"product_cat":[569],"product_tag":[1416],"class_list":{"0":"post-18260","1":"product","2":"type-product","3":"status-publish","4":"has-post-thumbnail","6":"product_cat-correcteurs-de-carence","7":"product_tag-caae-fr","9":"first","10":"instock","11":"taxable","12":"shipping-taxable","13":"purchasable","14":"product-type-variable","15":"has-default-attributes"},"acf":[],"_links":{"self":[{"href":"https:\/\/cultivers.es\/fr\/wp-json\/wp\/v2\/product\/18260","targetHints":{"allow":["GET"]}}],"collection":[{"href":"https:\/\/cultivers.es\/fr\/wp-json\/wp\/v2\/product"}],"about":[{"href":"https:\/\/cultivers.es\/fr\/wp-json\/wp\/v2\/types\/product"}],"replies":[{"embeddable":true,"href":"https:\/\/cultivers.es\/fr\/wp-json\/wp\/v2\/comments?post=18260"}],"wp:featuredmedia":[{"embeddable":true,"href":"https:\/\/cultivers.es\/fr\/wp-json\/wp\/v2\/media\/12869"}],"wp:attachment":[{"href":"https:\/\/cultivers.es\/fr\/wp-json\/wp\/v2\/media?parent=18260"}],"wp:term":[{"taxonomy":"product_brand","embeddable":true,"href":"https:\/\/cultivers.es\/fr\/wp-json\/wp\/v2\/product_brand?post=18260"},{"taxonomy":"product_cat","embeddable":true,"href":"https:\/\/cultivers.es\/fr\/wp-json\/wp\/v2\/product_cat?post=18260"},{"taxonomy":"product_tag","embeddable":true,"href":"https:\/\/cultivers.es\/fr\/wp-json\/wp\/v2\/product_tag?post=18260"}],"curies":[{"name":"wp","href":"https:\/\/api.w.org\/{rel}","templated":true}]}}