{"id":18261,"date":"2021-10-22T12:12:49","date_gmt":"2021-10-22T12:12:49","guid":{"rendered":"https:\/\/cultivers.es\/abonos\/correcteur-de-calcium-et-de-bore\/"},"modified":"2025-09-22T04:58:50","modified_gmt":"2025-09-22T04:58:50","slug":"correcteur-a-base-de-calcium-et-de-bore","status":"publish","type":"product","link":"https:\/\/cultivers.es\/fr\/abonnements\/correcteur-a-base-de-calcium-et-de-bore\/","title":{"rendered":"Correcteur de calcium et de bore"},"content":{"rendered":"<div class=\"page\" title=\"Page 1\">\n<div class=\"section\">\n<div class=\"layoutArea\">\n<div class=\"column\">\n<p>Les carences en calcium et en bore se produisent principalement dans les organes jeunes, en raison de la faible mobilit\u00e9 oematique de ces deux \u00e9l\u00e9ments ; par cons\u00e9quent, la bonne croissance des nouveaux bourgeons, des racines et des organes de r\u00e9serve d\u00e9pend de ces nutriments.<\/p>\n<p>Il fournit un apport de base en calcium et en bore qui devrait \u00eatre inclus dans tout programme de nutrition pour les cultures biologiques \u00e0 haut rendement. En particulier dans les phases de nouaison et de fructification, qui sont si importantes pour assurer la productivit\u00e9.<\/p>\n<p>Pr\u00e9vient les d\u00e9s\u00e9quilibres nutritionnels dus \u00e0 une carence ou \u00e0 une malabsorption du calcium et du bore, qui peuvent provoquer des maladies telles que la fissuration des fruits ou la pourriture apicale.<\/p>\n<p>Il donne de la fermet\u00e9 et de l&rsquo;\u00e9lasticit\u00e9 aux tissus v\u00e9g\u00e9taux, en particulier aux organes en croissance. De plus, sa charge organique \u00e9lev\u00e9e lui conf\u00e8re un avantage suppl\u00e9mentaire en tant que dynamiseur du m\u00e9tabolisme des plantes.<\/p>\n<\/div>\n<\/div>\n<\/div>\n<\/div>\n","protected":false},"excerpt":{"rendered":"<ul class=\"a-unordered-list a-vertical a-spacing-mini\">\n<li><span class=\"a-list-item\">Engrais organique soluble dans l&rsquo;eau avec du calcium et du bore pour am\u00e9liorer la fermet\u00e9, la nouaison et les probl\u00e8mes de fissuration.<\/span><\/li>\n<li><span class=\"a-list-item\">Assure la fermet\u00e9 et la qualit\u00e9 des fruits gr\u00e2ce \u00e0 son excellente capacit\u00e9 de p\u00e9n\u00e9tration et \u00e0 la translocation efficace des nutriments vers les zones de demande.<\/span><\/li>\n<li><span class=\"a-list-item\">Formulation stable de calcium, de bore et d&rsquo;acides amin\u00e9s, dont la charge organique \u00e9lev\u00e9e lui conf\u00e8re un avantage suppl\u00e9mentaire en tant qu&rsquo;activateur du m\u00e9tabolisme des plantes.<\/span><\/li>\n<li><span class=\"a-list-item\">Pr\u00e9vient et corrige les carences en calcium, notamment en bore.<\/span><\/li>\n<li><span class=\"a-list-item\">Il constitue un apport fondamental dans les phases ph\u00e9nologiques de nouaison et de fructification, si importantes pour assurer la productivit\u00e9.<\/span><\/li>\n<\/ul>\n","protected":false},"featured_media":12809,"comment_status":"open","ping_status":"closed","template":"","meta":{"_acf_changed":false},"product_brand":[],"product_cat":[522,577,569,532,357,574,573],"product_tag":[],"class_list":{"0":"post-18261","1":"product","2":"type-product","3":"status-publish","4":"has-post-thumbnail","6":"product_cat-agrumes","7":"product_cat-arbres-fruitiers","8":"product_cat-correcteurs-de-carence","9":"product_cat-orchidees","10":"product_cat-tomates","11":"product_cat-tropical-fr","12":"product_cat-verger","14":"first","15":"instock","16":"taxable","17":"shipping-taxable","18":"purchasable","19":"product-type-variable"},"acf":[],"_links":{"self":[{"href":"https:\/\/cultivers.es\/fr\/wp-json\/wp\/v2\/product\/18261","targetHints":{"allow":["GET"]}}],"collection":[{"href":"https:\/\/cultivers.es\/fr\/wp-json\/wp\/v2\/product"}],"about":[{"href":"https:\/\/cultivers.es\/fr\/wp-json\/wp\/v2\/types\/product"}],"replies":[{"embeddable":true,"href":"https:\/\/cultivers.es\/fr\/wp-json\/wp\/v2\/comments?post=18261"}],"wp:featuredmedia":[{"embeddable":true,"href":"https:\/\/cultivers.es\/fr\/wp-json\/wp\/v2\/media\/12809"}],"wp:attachment":[{"href":"https:\/\/cultivers.es\/fr\/wp-json\/wp\/v2\/media?parent=18261"}],"wp:term":[{"taxonomy":"product_brand","embeddable":true,"href":"https:\/\/cultivers.es\/fr\/wp-json\/wp\/v2\/product_brand?post=18261"},{"taxonomy":"product_cat","embeddable":true,"href":"https:\/\/cultivers.es\/fr\/wp-json\/wp\/v2\/product_cat?post=18261"},{"taxonomy":"product_tag","embeddable":true,"href":"https:\/\/cultivers.es\/fr\/wp-json\/wp\/v2\/product_tag?post=18261"}],"curies":[{"name":"wp","href":"https:\/\/api.w.org\/{rel}","templated":true}]}}