{"id":18263,"date":"2021-10-22T12:12:50","date_gmt":"2021-10-22T12:12:50","guid":{"rendered":"https:\/\/cultivers.es\/abonos\/sulfate-de-magnesium\/"},"modified":"2025-09-22T04:59:23","modified_gmt":"2025-09-22T04:59:23","slug":"sulfate-de-magnesium","status":"publish","type":"product","link":"https:\/\/cultivers.es\/fr\/abonnements\/sulfate-de-magnesium\/","title":{"rendered":"Sulfate de magn\u00e9sium"},"content":{"rendered":"<p>Le sulfate de magn\u00e9sium Cultivers est extrait naturellement par des proc\u00e9d\u00e9s m\u00e9caniques et convient particuli\u00e8rement \u00e0 l&rsquo;horticulture, \u00e0 l&rsquo;agriculture et au jardinage car il favorise le d\u00e9veloppement des fleurs et des plantes.<\/p>\n<p>Il est utilis\u00e9 comme engrais pour les plantes vertes et les plantes \u00e0 fleurs, cultiv\u00e9es en pots, dans les jardins et les serres. Sp\u00e9cifique pour corriger les carences en magn\u00e9sium des plantes.<\/p>\n","protected":false},"excerpt":{"rendered":"<ul class=\"a-unordered-list a-vertical a-spacing-mini\">\n<li><span class=\"a-list-item\">Engrais organique universel id\u00e9al pour tous les types de cultures, arbres fruitiers, pelouses, jardins, plantes d&rsquo;ext\u00e9rieur et d&rsquo;int\u00e9rieur.<\/span><\/li>\n<li><span class=\"a-list-item\">L&rsquo;herbe et les plantes sont plus vertes, ce qui permet \u00e0 la plante de r\u00e9sister aux facteurs environnementaux difficiles. Favorise le processus de germination et la croissance des graines dans les premiers stades.<\/span><\/li>\n<li><span class=\"a-list-item\">Favorise l&rsquo;activit\u00e9 photosynth\u00e9tique des cultures sous serre.<\/span><\/li>\n<li><span class=\"a-list-item\">Am\u00e9liore la qualit\u00e9 du sol, augmente la production de l\u00e9gumes, acc\u00e9l\u00e8re la croissance et augmente la floraison. En particulier pour les tomates et les poivrons en raison de leur apport \u00e9lev\u00e9 en magn\u00e9sium pendant leur croissance.<\/span><\/li>\n<li><span class=\"a-list-item\">100% naturel et inoffensif pour les animaux et les plantes.<\/span><\/li>\n<\/ul>\n","protected":false},"featured_media":13064,"comment_status":"open","ping_status":"closed","template":"","meta":{"_acf_changed":false},"product_brand":[],"product_cat":[313,569],"product_tag":[],"class_list":{"0":"post-18263","1":"product","2":"type-product","3":"status-publish","4":"has-post-thumbnail","6":"product_cat-coniferes-et-haies","7":"product_cat-correcteurs-de-carence","9":"first","10":"instock","11":"taxable","12":"shipping-taxable","13":"purchasable","14":"product-type-variable"},"acf":[],"_links":{"self":[{"href":"https:\/\/cultivers.es\/fr\/wp-json\/wp\/v2\/product\/18263","targetHints":{"allow":["GET"]}}],"collection":[{"href":"https:\/\/cultivers.es\/fr\/wp-json\/wp\/v2\/product"}],"about":[{"href":"https:\/\/cultivers.es\/fr\/wp-json\/wp\/v2\/types\/product"}],"replies":[{"embeddable":true,"href":"https:\/\/cultivers.es\/fr\/wp-json\/wp\/v2\/comments?post=18263"}],"wp:featuredmedia":[{"embeddable":true,"href":"https:\/\/cultivers.es\/fr\/wp-json\/wp\/v2\/media\/13064"}],"wp:attachment":[{"href":"https:\/\/cultivers.es\/fr\/wp-json\/wp\/v2\/media?parent=18263"}],"wp:term":[{"taxonomy":"product_brand","embeddable":true,"href":"https:\/\/cultivers.es\/fr\/wp-json\/wp\/v2\/product_brand?post=18263"},{"taxonomy":"product_cat","embeddable":true,"href":"https:\/\/cultivers.es\/fr\/wp-json\/wp\/v2\/product_cat?post=18263"},{"taxonomy":"product_tag","embeddable":true,"href":"https:\/\/cultivers.es\/fr\/wp-json\/wp\/v2\/product_tag?post=18263"}],"curies":[{"name":"wp","href":"https:\/\/api.w.org\/{rel}","templated":true}]}}