{"id":18264,"date":"2021-10-22T12:12:49","date_gmt":"2021-10-22T12:12:49","guid":{"rendered":"https:\/\/cultivers.es\/abonos\/correcteur-de-calcium\/"},"modified":"2025-09-22T04:58:44","modified_gmt":"2025-09-22T04:58:44","slug":"correcteur-de-calcium","status":"publish","type":"product","link":"https:\/\/cultivers.es\/fr\/abonnements\/correcteur-de-calcium\/","title":{"rendered":"Correcteur de calcium"},"content":{"rendered":"<p>Les carences en calcium sont principalement observ\u00e9es dans les organes jeunes, en raison de la faible mobilit\u00e9 oematique de ces deux \u00e9l\u00e9ments ; par cons\u00e9quent, la bonne croissance des nouveaux bourgeons, des racines et des organes de r\u00e9serve d\u00e9pend de ces nutriments.<br \/>\nIl s&rsquo;agit d&rsquo;un apport de calcium de base qui devrait \u00eatre inclus dans tout programme de nutrition pour les cultures biologiques \u00e0 haut rendement. En particulier pendant les phases de nouaison et de fructification, si importantes pour assurer la productivit\u00e9.<br \/>\nEvite les d\u00e9s\u00e9quilibres nutritionnels dus \u00e0 un manque ou \u00e0 une mauvaise absorption du calcium, qui peuvent provoquer des maladies telles que la fissuration des fruits ou la pourriture apicale.<br \/>\nApporte fermet\u00e9 et \u00e9lasticit\u00e9 aux tissus de la plante, en particulier aux organes en croissance. En outre, sa charge organique \u00e9lev\u00e9e, avec des principes osmoprotecteurs, lui conf\u00e8re un avantage suppl\u00e9mentaire en tant que dynamiseur du m\u00e9tabolisme des plantes.<\/p>\n","protected":false},"excerpt":{"rendered":"<div id=\"featurebullets_feature_div\" class=\"celwidget\" data-feature-name=\"featurebullets\" data-csa-c-id=\"gbqm4e-9jr50v-fcn8td-bhykca\" data-cel-widget=\"featurebullets_feature_div\">\n<div id=\"feature-bullets\" class=\"a-section a-spacing-medium a-spacing-top-small\">\n<ul class=\"a-unordered-list a-vertical a-spacing-mini\">\n<li><span class=\"a-list-item\">Engrais organique soluble dans l&rsquo;eau avec du calcium pour am\u00e9liorer la fermet\u00e9, la nouaison et les probl\u00e8mes de fissuration.<\/span><\/li>\n<li><span class=\"a-list-item\">Il assure la fermet\u00e9 et la qualit\u00e9 des fruits gr\u00e2ce \u00e0 son excellente capacit\u00e9 de p\u00e9n\u00e9tration et \u00e0 la translocation efficace des nutriments vers les zones de demande.<\/span><\/li>\n<li><span class=\"a-list-item\">Formulation stable de calcium et d&rsquo;acides organiques, ce qui lui conf\u00e8re un avantage suppl\u00e9mentaire en tant qu&rsquo;activateur du m\u00e9tabolisme des plantes.<\/span><\/li>\n<li><span class=\"a-list-item\">Pr\u00e9vient et corrige les carences en calcium. Pr\u00e9vient le pourrissement des tomates et des poivrons.<\/span><\/li>\n<li><span class=\"a-list-item\">Il constitue un apport fondamental dans les phases ph\u00e9nologiques de nouaison et de fructification, si importantes pour assurer la productivit\u00e9.<\/span><\/li>\n<\/ul>\n<\/div>\n<\/div>\n<div id=\"customerReviewsAttribute_feature_div\" class=\"celwidget\" data-feature-name=\"customerReviewsAttribute\" data-csa-c-id=\"whblxx-2rdkd0-mqk8t-btwcw4\" data-cel-widget=\"customerReviewsAttribute_feature_div\"><\/div>\n<div id=\"addOnItem_feature_div\" class=\"celwidget\" data-feature-name=\"addOnItem\" data-csa-c-id=\"4fp7ld-cjglio-gpdi2p-47ojib\" data-cel-widget=\"addOnItem_feature_div\"><\/div>\n<div id=\"andonCord_feature_div\" class=\"celwidget\" data-feature-name=\"andonCord\" data-csa-c-id=\"covfwd-9v6rya-mnj3cw-fqsqy4\" data-cel-widget=\"andonCord_feature_div\"><\/div>\n<div id=\"HLCXComparisonJumplink_feature_div\"><\/div>\n","protected":false},"featured_media":11098,"comment_status":"open","ping_status":"closed","template":"","meta":{"_acf_changed":false},"product_brand":[],"product_cat":[522,579,569,357],"product_tag":[1563],"class_list":{"0":"post-18264","1":"product","2":"type-product","3":"status-publish","4":"has-post-thumbnail","6":"product_cat-agrumes","7":"product_cat-cactus-plantes-grasses-et-succulentes","8":"product_cat-correcteurs-de-carence","9":"product_cat-tomates","10":"product_tag-ecocert-fr","12":"first","13":"instock","14":"taxable","15":"shipping-taxable","16":"purchasable","17":"product-type-variable"},"acf":[],"_links":{"self":[{"href":"https:\/\/cultivers.es\/fr\/wp-json\/wp\/v2\/product\/18264","targetHints":{"allow":["GET"]}}],"collection":[{"href":"https:\/\/cultivers.es\/fr\/wp-json\/wp\/v2\/product"}],"about":[{"href":"https:\/\/cultivers.es\/fr\/wp-json\/wp\/v2\/types\/product"}],"replies":[{"embeddable":true,"href":"https:\/\/cultivers.es\/fr\/wp-json\/wp\/v2\/comments?post=18264"}],"wp:featuredmedia":[{"embeddable":true,"href":"https:\/\/cultivers.es\/fr\/wp-json\/wp\/v2\/media\/11098"}],"wp:attachment":[{"href":"https:\/\/cultivers.es\/fr\/wp-json\/wp\/v2\/media?parent=18264"}],"wp:term":[{"taxonomy":"product_brand","embeddable":true,"href":"https:\/\/cultivers.es\/fr\/wp-json\/wp\/v2\/product_brand?post=18264"},{"taxonomy":"product_cat","embeddable":true,"href":"https:\/\/cultivers.es\/fr\/wp-json\/wp\/v2\/product_cat?post=18264"},{"taxonomy":"product_tag","embeddable":true,"href":"https:\/\/cultivers.es\/fr\/wp-json\/wp\/v2\/product_tag?post=18264"}],"curies":[{"name":"wp","href":"https:\/\/api.w.org\/{rel}","templated":true}]}}