{"id":18265,"date":"2021-10-22T12:12:49","date_gmt":"2021-10-22T12:12:49","guid":{"rendered":"https:\/\/cultivers.es\/abonos\/calcium-tomates-et-poivrons\/"},"modified":"2025-09-22T04:58:50","modified_gmt":"2025-09-22T04:58:50","slug":"calcium-tomates-et-piments","status":"publish","type":"product","link":"https:\/\/cultivers.es\/fr\/abonnements\/calcium-tomates-et-piments\/","title":{"rendered":"Calcium Tomates et poivrons"},"content":{"rendered":"<p class=\"a-spacing-base\">Engrais organique soluble dans l&rsquo;eau avec du calcium pour am\u00e9liorer la fermet\u00e9, la nouaison et les probl\u00e8mes de fissuration. Il assure la fermet\u00e9 et la qualit\u00e9 des fruits gr\u00e2ce \u00e0 son excellente capacit\u00e9 de p\u00e9n\u00e9tration et \u00e0 la translocation efficace des nutriments vers les zones de demande.<\/p>\n<p class=\"a-spacing-base\">Formulation de calcium stable, dont la charge organique \u00e9lev\u00e9e lui conf\u00e8re un avantage suppl\u00e9mentaire en tant qu&rsquo;activateur du m\u00e9tabolisme des plantes. En g\u00e9n\u00e9ral, il pr\u00e9vient et corrige les \u00e9tats de carence en calcium. Il constitue un apport fondamental dans les phases ph\u00e9nologiques de nouaison et de fructification, si importantes pour assurer la productivit\u00e9. Il favorise ainsi la qualit\u00e9 finale du fruit et \u00e9vite les \u00e9ventuels d\u00e9s\u00e9quilibres nutritionnels qui peuvent entra\u00eener la fissuration des fruits ou la pourriture apicale dans les cultures horticoles.<\/p>\n<h3 class=\"a-spacing-mini\">Qu&rsquo;est-ce que le Calcio ?<\/h3>\n<p>Le calcium est un composant structurel de la paroi cellulaire et participe \u00e0 la perm\u00e9abilit\u00e9 de la membrane plasmique. Il est donc impliqu\u00e9 dans le transport des photoassimilats, c&rsquo;est-\u00e0-dire qu&rsquo;il contribue au remplissage des fruits. La croissance des nouvelles pousses et des nouvelles racines d\u00e9pend d&rsquo;une teneur optimale en calcium. Les carences se produisent dans les jeunes organes de la plante, en raison de la faible mobilit\u00e9 via le phlo\u00e8me.<\/p>\n<h3 class=\"a-spacing-mini\">Manque de calcium dans les tomates et les poivrons<\/h3>\n<p>La pourriture apicale est une maladie caus\u00e9e par un manque de calcium. Si votre sol est calcaire et que vous souffrez de cette physiopathologie, c&rsquo;est parce que le calcium du sol est bloqu\u00e9 et ne peut \u00eatre assimil\u00e9 par les plantes. Ce calcium s&rsquo;associe au phosphore dans le sol pour former du triphosphate de calcium. Elle peut se produire dans les sols acides ou mal irrigu\u00e9s car, sans eau, ils n&rsquo;absorbent pas le calcium. Nous pouvons r\u00e9soudre ce probl\u00e8me en appliquant des produits contenant du calcium, mais il doit s&rsquo;agir de produits dont le calcium est ch\u00e9lat\u00e9 par des substances organiques, de sorte que la mol\u00e9cule de calcium puisse p\u00e9n\u00e9trer dans la plante, sinon le calcium agira comme un simple d\u00e9pla\u00e7ant de sel. L&rsquo;application de calcium doit commencer au d\u00e9but de la culture, car le calcium est une grosse mol\u00e9cule qui se d\u00e9place difficilement \u00e0 l&rsquo;int\u00e9rieur de la plante, et si nous traitons lorsque nous voyons d\u00e9j\u00e0 le probl\u00e8me ou la carence, nous continuerons \u00e0 avoir une petite diminution jusqu&rsquo;\u00e0 ce que la plante absorbe le calcium.<\/p>\n","protected":false},"excerpt":{"rendered":"<ul class=\"a-unordered-list a-vertical a-spacing-mini\">\n<li><span class=\"a-list-item\">Engrais organique hydrosoluble \u00e0 base de calcium pour am\u00e9liorer les cultures de tomates et de poivrons.<\/span><\/li>\n<li><span class=\"a-list-item\">Formulation stable de calcium et d&rsquo;acides organiques, actifs dans le m\u00e9tabolisme des plantes.<\/span><\/li>\n<li><span class=\"a-list-item\">Pr\u00e9vient et corrige les carences en calcium. Pr\u00e9vient le pourrissement des tomates et des poivrons.<\/span><\/li>\n<li><span class=\"a-list-item\">Il constitue un apport fondamental dans les phases ph\u00e9nologiques de nouaison et de fructification, si importantes pour assurer la productivit\u00e9.<\/span><\/li>\n<li><span class=\"a-list-item\">100% naturel et inoffensif pour les animaux et les plantes.<\/span><\/li>\n<\/ul>\n","protected":false},"featured_media":54017,"comment_status":"open","ping_status":"closed","template":"","meta":{"_acf_changed":false},"product_brand":[],"product_cat":[569,357,573],"product_tag":[1563],"class_list":{"0":"post-18265","1":"product","2":"type-product","3":"status-publish","4":"has-post-thumbnail","6":"product_cat-correcteurs-de-carence","7":"product_cat-tomates","8":"product_cat-verger","9":"product_tag-ecocert-fr","11":"first","12":"instock","13":"taxable","14":"shipping-taxable","15":"purchasable","16":"product-type-variable","17":"has-default-attributes"},"acf":[],"_links":{"self":[{"href":"https:\/\/cultivers.es\/fr\/wp-json\/wp\/v2\/product\/18265","targetHints":{"allow":["GET"]}}],"collection":[{"href":"https:\/\/cultivers.es\/fr\/wp-json\/wp\/v2\/product"}],"about":[{"href":"https:\/\/cultivers.es\/fr\/wp-json\/wp\/v2\/types\/product"}],"replies":[{"embeddable":true,"href":"https:\/\/cultivers.es\/fr\/wp-json\/wp\/v2\/comments?post=18265"}],"wp:featuredmedia":[{"embeddable":true,"href":"https:\/\/cultivers.es\/fr\/wp-json\/wp\/v2\/media\/54017"}],"wp:attachment":[{"href":"https:\/\/cultivers.es\/fr\/wp-json\/wp\/v2\/media?parent=18265"}],"wp:term":[{"taxonomy":"product_brand","embeddable":true,"href":"https:\/\/cultivers.es\/fr\/wp-json\/wp\/v2\/product_brand?post=18265"},{"taxonomy":"product_cat","embeddable":true,"href":"https:\/\/cultivers.es\/fr\/wp-json\/wp\/v2\/product_cat?post=18265"},{"taxonomy":"product_tag","embeddable":true,"href":"https:\/\/cultivers.es\/fr\/wp-json\/wp\/v2\/product_tag?post=18265"}],"curies":[{"name":"wp","href":"https:\/\/api.w.org\/{rel}","templated":true}]}}