{"id":18268,"date":"2021-10-22T12:12:49","date_gmt":"2021-10-22T12:12:49","guid":{"rendered":"https:\/\/cultivers.es\/abonos\/sulfate-de-fer\/"},"modified":"2026-03-19T07:05:26","modified_gmt":"2026-03-19T07:05:26","slug":"sulfate-de-fer","status":"publish","type":"product","link":"https:\/\/cultivers.es\/fr\/abonnements\/sulfate-de-fer\/","title":{"rendered":"Sulfate de fer"},"content":{"rendered":"<p>Le sulfate de fer est un compos\u00e9 chimique dont la formule chimique est FeSO4. Il apporte aux cultures une grande quantit\u00e9 d&rsquo;\u00e9l\u00e9ments nutritifs (soufre, fer, mangan\u00e8se&#8230;) et contribue \u00e0 r\u00e9duire le pH de la mati\u00e8re organique et du sol, ce qui am\u00e9liore la structure du sol et favorise ainsi la production agricole.<\/p>\n<p>IRON SULPHATE FERTILISER est un produit chimique qui se pr\u00e9sente sous la forme d&rsquo;une poudre cristalline bleu-vert terne ou p\u00e2teuse. Il est sp\u00e9cialement con\u00e7u pour \u00eatre utilis\u00e9 comme engrais et dans le traitement de l&rsquo;eau potable. Pour les sols carenc\u00e9s en fer, chlorose ferrique, jaunissement des feuilles. Il est \u00e9galement utilis\u00e9 pour enlever la mousse du sol, pour d\u00e9sinfecter le sol contre les insectes et pour peindre les murs, il donne une couleur rouille, aussi appel\u00e9 sulfate ferreux, vert, vitriol vert, vitriol de fer, m\u00e9lanterite.<\/p>\n","protected":false},"excerpt":{"rendered":"<ul class=\"a-unordered-list a-vertical a-spacing-mini\">\n<li><span class=\"a-list-item\">Il apporte du fer au sol et favorise la photosynth\u00e8se de vos plantes. Activateur du m\u00e9tabolisme des plantes<\/span><\/li>\n<li><span class=\"a-list-item\">Engrais 100% naturel. Maintient l&rsquo;acidit\u00e9 et r\u00e9duit le pH du sol, \u00e9limine le manque de nutriments dans vos plantes. Il fournit des \u00e9l\u00e9ments nutritifs au sol. Recommand\u00e9 pour les plantes acides<\/span><\/li>\n<li><span class=\"a-list-item\">Combat le jaunissement des feuilles, la chlorose ferreuse et intensifie la couleur verte. FERTILISER CE<\/span><\/li>\n<li><span class=\"a-list-item\">Teinture pour b\u00e9ton rouge\u00e2tre, effet rouille pour murs, escaliers, sols, etc.<\/span><\/li>\n<li><span class=\"a-list-item\">Sulfate de fer autoris\u00e9 en agriculture biologique.<\/span><\/li>\n<\/ul>\n","protected":false},"featured_media":12739,"comment_status":"open","ping_status":"closed","template":"","meta":{"_acf_changed":false},"product_brand":[],"product_cat":[570,569,533,315,460],"product_tag":[],"class_list":{"0":"post-18268","1":"product","2":"type-product","3":"status-publish","4":"has-post-thumbnail","6":"product_cat-bioprotecteurs","7":"product_cat-correcteurs-de-carence","8":"product_cat-hortensias-fr","9":"product_cat-pelouse","10":"product_cat-protection-des-cultures-et-des-plantes","12":"first","13":"instock","14":"featured","15":"taxable","16":"shipping-taxable","17":"purchasable","18":"product-type-variable"},"acf":[],"_links":{"self":[{"href":"https:\/\/cultivers.es\/fr\/wp-json\/wp\/v2\/product\/18268","targetHints":{"allow":["GET"]}}],"collection":[{"href":"https:\/\/cultivers.es\/fr\/wp-json\/wp\/v2\/product"}],"about":[{"href":"https:\/\/cultivers.es\/fr\/wp-json\/wp\/v2\/types\/product"}],"replies":[{"embeddable":true,"href":"https:\/\/cultivers.es\/fr\/wp-json\/wp\/v2\/comments?post=18268"}],"wp:featuredmedia":[{"embeddable":true,"href":"https:\/\/cultivers.es\/fr\/wp-json\/wp\/v2\/media\/12739"}],"wp:attachment":[{"href":"https:\/\/cultivers.es\/fr\/wp-json\/wp\/v2\/media?parent=18268"}],"wp:term":[{"taxonomy":"product_brand","embeddable":true,"href":"https:\/\/cultivers.es\/fr\/wp-json\/wp\/v2\/product_brand?post=18268"},{"taxonomy":"product_cat","embeddable":true,"href":"https:\/\/cultivers.es\/fr\/wp-json\/wp\/v2\/product_cat?post=18268"},{"taxonomy":"product_tag","embeddable":true,"href":"https:\/\/cultivers.es\/fr\/wp-json\/wp\/v2\/product_tag?post=18268"}],"curies":[{"name":"wp","href":"https:\/\/api.w.org\/{rel}","templated":true}]}}