{"id":18429,"date":"2021-10-22T12:12:47","date_gmt":"2021-10-22T12:12:47","guid":{"rendered":"https:\/\/cultivers.es\/abonos\/melasse-de-canne-a-sucre-pour-plantes\/"},"modified":"2025-09-22T04:56:53","modified_gmt":"2025-09-22T04:56:53","slug":"mousse-de-miel-pour-les-plantes","status":"publish","type":"product","link":"https:\/\/cultivers.es\/fr\/abonnements\/mousse-de-miel-pour-les-plantes\/","title":{"rendered":"M\u00e9lasse de canne \u00e0 sucre pour plantes"},"content":{"rendered":"<p>En production biologique, il est recommand\u00e9 d&rsquo;augmenter la dose de 50 %. Pour un d\u00e9veloppement optimal des cultures, le traitement peut \u00eatre combin\u00e9 avec des micro-organismes b\u00e9n\u00e9fiques du sol, afin que la plante puisse mieux assimiler les nutriments pr\u00e9sents dans le sol. Les plantes synth\u00e9tisent des acides amin\u00e9s \u00e0 partir de l&rsquo;azote absorb\u00e9 sous forme de nitrate ou d&rsquo;ammonium. Les acides amin\u00e9s sont assembl\u00e9s par des liaisons peptidiques pour former des prot\u00e9ines. Outre leur fonction structurelle, ils sont indispensables aux processus biochimiques de la plante, entrant dans la composition des enzymes, des hormones et de divers compos\u00e9s impliqu\u00e9s dans la d\u00e9fense et l&rsquo;immunit\u00e9. Il s&rsquo;agit d&rsquo;une formulation liquide d&rsquo;origine naturelle avec une forte concentration d&rsquo;acides amin\u00e9s organiques obtenus par hydrolyse enzymatique, compl\u00e9t\u00e9e par de la mati\u00e8re organique. Il contient 42% de mati\u00e8re organique d&rsquo;origine v\u00e9g\u00e9tale, avec une concentration de 10% de glycine\/b\u00e9ta\u00efne, qui am\u00e9liore les propri\u00e9t\u00e9s osmor\u00e9gulatrices de la plante et r\u00e9duit les \u00e9pisodes de stress caus\u00e9s par des agents externes (biotiques et abiotiques). Il favorise des r\u00e9coltes abondantes en am\u00e9liorant la capacit\u00e9 de r\u00e9tention de l&rsquo;eau et des nutriments. Il peut \u00eatre appliqu\u00e9 pendant tout le cycle v\u00e9g\u00e9tatif de la culture afin d&rsquo;am\u00e9liorer les propri\u00e9t\u00e9s physico-chimiques du sol, d&rsquo;optimiser la capacit\u00e9 d&rsquo;\u00e9change cationique et de favoriser un meilleur d\u00e9veloppement des racines.<\/p>\n","protected":false},"excerpt":{"rendered":"<ul class=\"a-unordered-list a-vertical a-spacing-mini\">\n<li><span class=\"a-list-item\">MIEL 100% NATUREL : Produit certifi\u00e9 biologique par le CAAE.<\/span><\/li>\n<li><span class=\"a-list-item\">AM\u00c9LIORE LES PROPRI\u00c9T\u00c9S DU SOL : favorise l&rsquo;activit\u00e9 microbienne dans le sol, facilitant la disponibilit\u00e9 des nutriments. Augmente la fertilit\u00e9 du sol, am\u00e9liore les conditions du sol, dynamise les interactions entre le sol et les plantes.<\/span><\/li>\n<li><span class=\"a-list-item\">IDEAL POUR LES SOLS ALCALINS : Gr\u00e2ce \u00e0 sa formulation \u00e9quilibr\u00e9e et \u00e0 son caract\u00e8re l\u00e9g\u00e8rement acide.<\/span><\/li>\n<li><span class=\"a-list-item\">HAUTE CONCENTRATION EN ACIDES AMIN\u00c9S ORGANIQUES : peut \u00eatre appliqu\u00e9 tout au long de la p\u00e9riode de v\u00e9g\u00e9tation pour am\u00e9liorer les propri\u00e9t\u00e9s physico-chimiques du sol.<\/span><\/li>\n<li><span class=\"a-list-item\">100% naturel et inoffensif pour les animaux et les plantes.<\/span><\/li>\n<\/ul>\n","protected":false},"featured_media":53218,"comment_status":"open","ping_status":"closed","template":"","meta":{"_acf_changed":false},"product_brand":[],"product_cat":[522,577,317,579,313,1272,581,533,523,532,315,582,388,580,357,574,573],"product_tag":[1416],"class_list":{"0":"post-18429","1":"product","2":"type-product","3":"status-publish","4":"has-post-thumbnail","6":"product_cat-agrumes","7":"product_cat-arbres-fruitiers","8":"product_cat-bonsai-fr","9":"product_cat-cactus-plantes-grasses-et-succulentes","10":"product_cat-coniferes-et-haies","11":"product_cat-engrais-recommandes","12":"product_cat-geraniums-fr","13":"product_cat-hortensias-fr","14":"product_cat-olivier","15":"product_cat-orchidees","16":"product_cat-pelouse","17":"product_cat-plantes-ornementales","18":"product_cat-regenerateurs-de-sol","19":"product_cat-rosiers","20":"product_cat-tomates","21":"product_cat-tropical-fr","22":"product_cat-verger","23":"product_tag-caae-fr","25":"first","26":"instock","27":"taxable","28":"shipping-taxable","29":"purchasable","30":"product-type-variable"},"acf":[],"_links":{"self":[{"href":"https:\/\/cultivers.es\/fr\/wp-json\/wp\/v2\/product\/18429","targetHints":{"allow":["GET"]}}],"collection":[{"href":"https:\/\/cultivers.es\/fr\/wp-json\/wp\/v2\/product"}],"about":[{"href":"https:\/\/cultivers.es\/fr\/wp-json\/wp\/v2\/types\/product"}],"replies":[{"embeddable":true,"href":"https:\/\/cultivers.es\/fr\/wp-json\/wp\/v2\/comments?post=18429"}],"wp:featuredmedia":[{"embeddable":true,"href":"https:\/\/cultivers.es\/fr\/wp-json\/wp\/v2\/media\/53218"}],"wp:attachment":[{"href":"https:\/\/cultivers.es\/fr\/wp-json\/wp\/v2\/media?parent=18429"}],"wp:term":[{"taxonomy":"product_brand","embeddable":true,"href":"https:\/\/cultivers.es\/fr\/wp-json\/wp\/v2\/product_brand?post=18429"},{"taxonomy":"product_cat","embeddable":true,"href":"https:\/\/cultivers.es\/fr\/wp-json\/wp\/v2\/product_cat?post=18429"},{"taxonomy":"product_tag","embeddable":true,"href":"https:\/\/cultivers.es\/fr\/wp-json\/wp\/v2\/product_tag?post=18429"}],"curies":[{"name":"wp","href":"https:\/\/api.w.org\/{rel}","templated":true}]}}