{"id":18470,"date":"2021-10-22T12:12:48","date_gmt":"2021-10-22T12:12:48","guid":{"rendered":"https:\/\/cultivers.es\/abonos\/acides-humiques-liquides\/"},"modified":"2025-09-22T05:02:45","modified_gmt":"2025-09-22T05:02:45","slug":"liquide-acido-humique","status":"publish","type":"product","link":"https:\/\/cultivers.es\/fr\/abonnements\/liquide-acido-humique\/","title":{"rendered":"Acides humiques liquides"},"content":{"rendered":"<p>Solution liquide d&rsquo;acides humiques et fulviques adapt\u00e9e \u00e0 la fertigation. Il se distingue par la qualit\u00e9 de ses composants et son homog\u00e9n\u00e9it\u00e9.<\/p>\n<p>Il favorise l&rsquo;efficacit\u00e9 des engrais NPK et ne forme pas de pr\u00e9cipit\u00e9s insolubles.<\/p>\n<p>Une application r\u00e9guli\u00e8re tout au long du cycle de culture a une influence directe et positive sur le maintien de la fertilit\u00e9 du sol. Stimule le d\u00e9veloppement des plantes \u00e0 diff\u00e9rents stades de d\u00e9veloppement. Dans des conditions de nutrition min\u00e9rale ad\u00e9quate, ils ont des effets positifs.<\/p>\n<p>Solution liquide d&rsquo;acides humiques et fulviques avec l\u00e9onardite adapt\u00e9e \u00e0 la fertigation.<\/p>\n","protected":false},"excerpt":{"rendered":"<ul class=\"a-unordered-list a-vertical a-spacing-mini\">\n<li><span class=\"a-list-item\">ACIDES HUMIQUES ET FULVIQUES LIQUIDE<\/span><\/li>\n<li><span class=\"a-list-item\">Solution liquide d&rsquo;acides humiques et fulviques adapt\u00e9e \u00e0 la fertigation.<\/span><\/li>\n<li><span class=\"a-list-item\">HUMIC 12-3 se distingue par la qualit\u00e9 de ses composants et son homog\u00e9n\u00e9it\u00e9. Il favorise l&rsquo;efficacit\u00e9 des engrais NPK et ne forme pas de pr\u00e9cipit\u00e9s insolubles.<\/span><\/li>\n<li><span class=\"a-list-item\">L&rsquo;application r\u00e9guli\u00e8re de Hd pendant tout le cycle de culture a une influence directe et positive sur le maintien de la fertilit\u00e9 du sol.<\/span><\/li>\n<li><span class=\"a-list-item\">Stimule le d\u00e9veloppement des plantes \u00e0 diff\u00e9rents stades de d\u00e9veloppement. Dans des conditions de nutrition min\u00e9rale ad\u00e9quate, ils ont des effets positifs<\/span><\/li>\n<\/ul>\n","protected":false},"featured_media":28237,"comment_status":"open","ping_status":"closed","template":"","meta":{"_acf_changed":false},"product_brand":[],"product_cat":[643,388],"product_tag":[],"class_list":{"0":"post-18470","1":"product","2":"type-product","3":"status-publish","4":"has-post-thumbnail","6":"product_cat-acides-humiques","7":"product_cat-regenerateurs-de-sol","9":"first","10":"instock","11":"featured","12":"taxable","13":"shipping-taxable","14":"purchasable","15":"product-type-variable"},"acf":[],"_links":{"self":[{"href":"https:\/\/cultivers.es\/fr\/wp-json\/wp\/v2\/product\/18470","targetHints":{"allow":["GET"]}}],"collection":[{"href":"https:\/\/cultivers.es\/fr\/wp-json\/wp\/v2\/product"}],"about":[{"href":"https:\/\/cultivers.es\/fr\/wp-json\/wp\/v2\/types\/product"}],"replies":[{"embeddable":true,"href":"https:\/\/cultivers.es\/fr\/wp-json\/wp\/v2\/comments?post=18470"}],"wp:featuredmedia":[{"embeddable":true,"href":"https:\/\/cultivers.es\/fr\/wp-json\/wp\/v2\/media\/28237"}],"wp:attachment":[{"href":"https:\/\/cultivers.es\/fr\/wp-json\/wp\/v2\/media?parent=18470"}],"wp:term":[{"taxonomy":"product_brand","embeddable":true,"href":"https:\/\/cultivers.es\/fr\/wp-json\/wp\/v2\/product_brand?post=18470"},{"taxonomy":"product_cat","embeddable":true,"href":"https:\/\/cultivers.es\/fr\/wp-json\/wp\/v2\/product_cat?post=18470"},{"taxonomy":"product_tag","embeddable":true,"href":"https:\/\/cultivers.es\/fr\/wp-json\/wp\/v2\/product_tag?post=18470"}],"curies":[{"name":"wp","href":"https:\/\/api.w.org\/{rel}","templated":true}]}}