{"id":18471,"date":"2021-10-22T12:12:48","date_gmt":"2021-10-22T12:12:48","guid":{"rendered":"https:\/\/cultivers.es\/abonos\/agent-denracinement-liquide\/"},"modified":"2025-09-22T05:00:18","modified_gmt":"2025-09-22T05:00:18","slug":"liquide-denracinement-ecologique","status":"publish","type":"product","link":"https:\/\/cultivers.es\/fr\/abonnements\/liquide-denracinement-ecologique\/","title":{"rendered":"Agent d&rsquo;enracinement liquide"},"content":{"rendered":"<p>Il s&rsquo;agit d&rsquo;un engrais organique sp\u00e9cialement indiqu\u00e9 pour stimuler le d\u00e9veloppement des racines dans les phases les plus difficiles de la culture et lorsque l&rsquo;implication maximale du syst\u00e8me racinaire est requise. Sa formulation \u00e9tudi\u00e9e avec des micro-\u00e9l\u00e9ments ch\u00e9lat\u00e9s par EDTA et complex\u00e9s par des acides amin\u00e9s, permet leur absorption et leur translocation rapide dans la plante, assurant une efficacit\u00e9 maximale dans les plus brefs d\u00e9lais. Il favorise les interactions entre le sol et la plante et encourage l&rsquo;\u00e9quilibre entre les syst\u00e8mes racinaires et a\u00e9riens de la plante. Son utilisation se justifie pleinement \u00e0 partir de la transplantation, dans les phases de floraison et de nouaison ou pour surmonter les \u00e9pisodes de stress ou de phytotoxicit\u00e9 qui peuvent survenir au cours du cycle de la culture.<\/p>\n","protected":false},"excerpt":{"rendered":"<ul class=\"a-unordered-list a-vertical a-spacing-mini\">\n<li><span class=\"a-list-item\">Stimule la formation de racines secondaires en augmentant le nombre de poils absorbants et en r\u00e9g\u00e9n\u00e9rant la capacit\u00e9 d&rsquo;absorption des nutriments.<\/span><\/li>\n<li><span class=\"a-list-item\">Engrais organique pour le d\u00e9veloppement des racines.<\/span><\/li>\n<li><span class=\"a-list-item\">Il favorise les interactions sol-plante et l&rsquo;\u00e9quilibre entre les racines et la partie a\u00e9rienne de la plante.<\/span><\/li>\n<li><span class=\"a-list-item\">Il doit \u00eatre utilis\u00e9 d\u00e8s la transplantation, dans la phase de floraison et de nouaison ou pour surmonter le stress ou la phytotoxicit\u00e9 qui peuvent survenir au cours du cycle de croissance.<\/span><\/li>\n<li><span class=\"a-list-item\">Agent d&rsquo;enracinement 100% organique. Certifi\u00e9 pour l&rsquo;agriculture biologique par Ecocert.<\/span><\/li>\n<\/ul>\n","protected":false},"featured_media":28279,"comment_status":"open","ping_status":"closed","template":"","meta":{"_acf_changed":false},"product_brand":[],"product_cat":[317,644],"product_tag":[1563],"class_list":{"0":"post-18471","1":"product","2":"type-product","3":"status-publish","4":"has-post-thumbnail","6":"product_cat-bonsai-fr","7":"product_cat-enracinement","8":"product_tag-ecocert-fr","10":"first","11":"instock","12":"taxable","13":"shipping-taxable","14":"purchasable","15":"product-type-variable"},"acf":[],"_links":{"self":[{"href":"https:\/\/cultivers.es\/fr\/wp-json\/wp\/v2\/product\/18471","targetHints":{"allow":["GET"]}}],"collection":[{"href":"https:\/\/cultivers.es\/fr\/wp-json\/wp\/v2\/product"}],"about":[{"href":"https:\/\/cultivers.es\/fr\/wp-json\/wp\/v2\/types\/product"}],"replies":[{"embeddable":true,"href":"https:\/\/cultivers.es\/fr\/wp-json\/wp\/v2\/comments?post=18471"}],"wp:featuredmedia":[{"embeddable":true,"href":"https:\/\/cultivers.es\/fr\/wp-json\/wp\/v2\/media\/28279"}],"wp:attachment":[{"href":"https:\/\/cultivers.es\/fr\/wp-json\/wp\/v2\/media?parent=18471"}],"wp:term":[{"taxonomy":"product_brand","embeddable":true,"href":"https:\/\/cultivers.es\/fr\/wp-json\/wp\/v2\/product_brand?post=18471"},{"taxonomy":"product_cat","embeddable":true,"href":"https:\/\/cultivers.es\/fr\/wp-json\/wp\/v2\/product_cat?post=18471"},{"taxonomy":"product_tag","embeddable":true,"href":"https:\/\/cultivers.es\/fr\/wp-json\/wp\/v2\/product_tag?post=18471"}],"curies":[{"name":"wp","href":"https:\/\/api.w.org\/{rel}","templated":true}]}}