{"id":18472,"date":"2021-10-22T12:12:47","date_gmt":"2021-10-22T12:12:47","guid":{"rendered":"https:\/\/cultivers.es\/abonos\/hydrangea-fertilisant-liquide-organique\/"},"modified":"2025-09-22T04:54:42","modified_gmt":"2025-09-22T04:54:42","slug":"hortensia-engrais-liquide-ecologique","status":"publish","type":"product","link":"https:\/\/cultivers.es\/fr\/abonnements\/hortensia-engrais-liquide-ecologique\/","title":{"rendered":"Hydrangea Fertilisant Liquide Organique"},"content":{"rendered":"<p>Engrais liquide pour hortensias. L&rsquo;engrais organique pour <a href=\"https:\/\/cultivers.es\/fr\/abonos-ecologicos\/cultures\/hortensias-fr\/\">hortensias<\/a> et autres plantes acides est une formulation organique liquide qui fournit un \u00e9quilibre nutritionnel d\u00e9velopp\u00e9 pour maintenir le pH du sol \u00e0 un niveau plus bas. Faciliter l&rsquo;absorption des nutriments par la plante. Recommand\u00e9 pour stimuler la floraison et la croissance contr\u00f4l\u00e9e. Contient du fer ch\u00e9lat\u00e9 pour maintenir le vert intense des feuilles.<\/p>\n","protected":false},"excerpt":{"rendered":"<div id=\"featurebullets_feature_div\" class=\"celwidget\" data-feature-name=\"featurebullets\" data-csa-c-id=\"h67mi0-q9y2q7-vu8qw4-w2mjpb\" data-cel-widget=\"featurebullets_feature_div\">\n<div id=\"feature-bullets\" class=\"a-section a-spacing-medium a-spacing-top-small\">\n<ul class=\"a-unordered-list a-vertical a-spacing-mini\">\n<li><span class=\"a-list-item\">Engrais organique universel liquide pour tous les types d&rsquo;hortensias<\/span><\/li>\n<li><span class=\"a-list-item\">Plantes plus saines et plus vigoureuses ; facilite le d\u00e9veloppement des plantes dans les situations de stress, permettant une meilleure r\u00e9cup\u00e9ration des plantes<\/span><\/li>\n<li><span class=\"a-list-item\">\u00c9quilibre optimal des nutriments essentiels pour la croissance v\u00e9g\u00e9tative et la floraison<\/span><\/li>\n<li><span class=\"a-list-item\">solution npk 4-1-4 ; apport combin\u00e9 de macronutriments (azote, phosphore et potassium) et de micronutriments (bore, calcium, fer, magn\u00e9sium, molybd\u00e8ne et zinc) pour une nutrition plus compl\u00e8te et \u00e9quilibr\u00e9e ; les acides amin\u00e9s favorisent l&rsquo;assimilation des \u00e9l\u00e9ments et exercent une action biostimulante<\/span><\/li>\n<li><span class=\"a-list-item\">Produit 100% naturel et sans danger pour les animaux, respectueux de l&rsquo;environnement.<\/span><\/li>\n<\/ul>\n<\/div>\n<\/div>\n<div id=\"customerReviewsAttribute_feature_div\" class=\"celwidget\" data-feature-name=\"customerReviewsAttribute\" data-csa-c-id=\"ects49-4kgjvk-2bbvbt-fwog5a\" data-cel-widget=\"customerReviewsAttribute_feature_div\"><\/div>\n<div id=\"addOnItem_feature_div\" class=\"celwidget\" data-feature-name=\"addOnItem\" data-csa-c-id=\"32fera-bvdwdu-3reqfs-j84kzh\" data-cel-widget=\"addOnItem_feature_div\"><\/div>\n<div id=\"andonCord_feature_div\" class=\"celwidget\" data-feature-name=\"andonCord\" data-csa-c-id=\"m483jm-dl2w6t-iso3nd-zdw8h4\" data-cel-widget=\"andonCord_feature_div\"><\/div>\n<div id=\"HLCXComparisonJumplink_feature_div\"><\/div>\n","protected":false},"featured_media":26999,"comment_status":"open","ping_status":"closed","template":"","meta":{"_acf_changed":false},"product_brand":[],"product_cat":[314,378,533],"product_tag":[1416],"class_list":{"0":"post-18472","1":"product","2":"type-product","3":"status-publish","4":"has-post-thumbnail","6":"product_cat-engrais","7":"product_cat-engrais-liquides","8":"product_cat-hortensias-fr","9":"product_tag-caae-fr","11":"first","12":"instock","13":"taxable","14":"shipping-taxable","15":"purchasable","16":"product-type-variable"},"acf":[],"_links":{"self":[{"href":"https:\/\/cultivers.es\/fr\/wp-json\/wp\/v2\/product\/18472","targetHints":{"allow":["GET"]}}],"collection":[{"href":"https:\/\/cultivers.es\/fr\/wp-json\/wp\/v2\/product"}],"about":[{"href":"https:\/\/cultivers.es\/fr\/wp-json\/wp\/v2\/types\/product"}],"replies":[{"embeddable":true,"href":"https:\/\/cultivers.es\/fr\/wp-json\/wp\/v2\/comments?post=18472"}],"wp:featuredmedia":[{"embeddable":true,"href":"https:\/\/cultivers.es\/fr\/wp-json\/wp\/v2\/media\/26999"}],"wp:attachment":[{"href":"https:\/\/cultivers.es\/fr\/wp-json\/wp\/v2\/media?parent=18472"}],"wp:term":[{"taxonomy":"product_brand","embeddable":true,"href":"https:\/\/cultivers.es\/fr\/wp-json\/wp\/v2\/product_brand?post=18472"},{"taxonomy":"product_cat","embeddable":true,"href":"https:\/\/cultivers.es\/fr\/wp-json\/wp\/v2\/product_cat?post=18472"},{"taxonomy":"product_tag","embeddable":true,"href":"https:\/\/cultivers.es\/fr\/wp-json\/wp\/v2\/product_tag?post=18472"}],"curies":[{"name":"wp","href":"https:\/\/api.w.org\/{rel}","templated":true}]}}