{"id":18473,"date":"2021-10-22T12:12:48","date_gmt":"2021-10-22T12:12:48","guid":{"rendered":"https:\/\/cultivers.es\/abonos\/acides-humiques\/"},"modified":"2025-09-22T04:34:43","modified_gmt":"2025-09-22T04:34:43","slug":"acides-acido-humiques","status":"publish","type":"product","link":"https:\/\/cultivers.es\/fr\/abonnements\/acides-acido-humiques\/","title":{"rendered":"Acides humiques solides"},"content":{"rendered":"<p>Acides humiques concentr\u00e9s tr\u00e8s solubles. Il am\u00e9liore les propri\u00e9t\u00e9s du sol, la capacit\u00e9 de r\u00e9tention de l&rsquo;humidit\u00e9, le d\u00e9veloppement des racines des plantes et leur capacit\u00e9 \u00e0 assimiler plus efficacement les nutriments. Il se pr\u00e9sente sous la forme de micro-granules de haute puret\u00e9, totalement solubles dans l&rsquo;eau, ce qui le rend id\u00e9al pour l&rsquo;application racinaire, y compris son utilisation en fertirrigation. Son apport r\u00e9gulier favorise le d\u00e9veloppement des cultures en am\u00e9liorant la fertilit\u00e9 du sol et en augmentant la capacit\u00e9 de r\u00e9tention de l&rsquo;eau et des \u00e9l\u00e9ments nutritifs. Il peut \u00eatre appliqu\u00e9 tout au long de la p\u00e9riode de v\u00e9g\u00e9tation pour am\u00e9liorer les propri\u00e9t\u00e9s physico-chimiques du sol, augmenter sa capacit\u00e9 d&rsquo;\u00e9change cationique, am\u00e9liorer les conditions hydriques et stimuler le d\u00e9veloppement des racines. Sa composition lui conf\u00e8re une grande capacit\u00e9 \u00e0 am\u00e9liorer tous les types de sols : il augmente l&rsquo;a\u00e9ration des sols argileux ; il am\u00e9liore la capacit\u00e9 de r\u00e9tention d&rsquo;eau des sols sablonneux ; il aide \u00e0 r\u00e9cup\u00e9rer la structure des sols \u00e9rod\u00e9s.     <\/p>\n","protected":false},"excerpt":{"rendered":"<ul>\n<li>Acides humiques et fulviques solubles de Leonardite<\/li>\n<li>Am\u00e9liore les propri\u00e9t\u00e9s du sol, la capacit\u00e9 de r\u00e9tention de l&rsquo;humidit\u00e9, le d\u00e9veloppement des racines des plantes.<\/li>\n<li>Microgranules de haute puret\u00e9, totalement solubles dans l&rsquo;eau, ce qui en fait un produit id\u00e9al pour les applications racinaires, y compris la fertigation.<\/li>\n<li>Son apport r\u00e9gulier favorise le d\u00e9veloppement des cultures en am\u00e9liorant la fertilit\u00e9 du sol et en augmentant la capacit\u00e9 de r\u00e9tention de l&rsquo;eau et des \u00e9l\u00e9ments nutritifs.<\/li>\n<li>Peut \u00eatre appliqu\u00e9 tout au long de la saison de croissance pour am\u00e9liorer les propri\u00e9t\u00e9s physico-chimiques du sol, augmenter sa capacit\u00e9 d&rsquo;\u00e9change cationique.<\/li>\n<\/ul>\n","protected":false},"featured_media":13039,"comment_status":"open","ping_status":"closed","template":"","meta":{"_acf_changed":false},"product_brand":[],"product_cat":[643,388],"product_tag":[1416],"class_list":{"0":"post-18473","1":"product","2":"type-product","3":"status-publish","4":"has-post-thumbnail","6":"product_cat-acides-humiques","7":"product_cat-regenerateurs-de-sol","8":"product_tag-caae-fr","10":"first","11":"instock","12":"taxable","13":"shipping-taxable","14":"purchasable","15":"product-type-variable","16":"has-default-attributes"},"acf":[],"_links":{"self":[{"href":"https:\/\/cultivers.es\/fr\/wp-json\/wp\/v2\/product\/18473","targetHints":{"allow":["GET"]}}],"collection":[{"href":"https:\/\/cultivers.es\/fr\/wp-json\/wp\/v2\/product"}],"about":[{"href":"https:\/\/cultivers.es\/fr\/wp-json\/wp\/v2\/types\/product"}],"replies":[{"embeddable":true,"href":"https:\/\/cultivers.es\/fr\/wp-json\/wp\/v2\/comments?post=18473"}],"wp:featuredmedia":[{"embeddable":true,"href":"https:\/\/cultivers.es\/fr\/wp-json\/wp\/v2\/media\/13039"}],"wp:attachment":[{"href":"https:\/\/cultivers.es\/fr\/wp-json\/wp\/v2\/media?parent=18473"}],"wp:term":[{"taxonomy":"product_brand","embeddable":true,"href":"https:\/\/cultivers.es\/fr\/wp-json\/wp\/v2\/product_brand?post=18473"},{"taxonomy":"product_cat","embeddable":true,"href":"https:\/\/cultivers.es\/fr\/wp-json\/wp\/v2\/product_cat?post=18473"},{"taxonomy":"product_tag","embeddable":true,"href":"https:\/\/cultivers.es\/fr\/wp-json\/wp\/v2\/product_tag?post=18473"}],"curies":[{"name":"wp","href":"https:\/\/api.w.org\/{rel}","templated":true}]}}