{"id":18474,"date":"2021-10-22T12:12:47","date_gmt":"2021-10-22T12:12:47","guid":{"rendered":"https:\/\/cultivers.es\/abonos\/engrais-liquide-biologique-pour-orchidees\/"},"modified":"2025-09-22T04:54:51","modified_gmt":"2025-09-22T04:54:51","slug":"engrais-orchidees-ecologique-liquide","status":"publish","type":"product","link":"https:\/\/cultivers.es\/fr\/abonnements\/engrais-orchidees-ecologique-liquide\/","title":{"rendered":"Engrais liquide biologique pour orchid\u00e9es"},"content":{"rendered":"<p>Engrais liquide \u00e9cologique pour <a href=\"https:\/\/es.wikipedia.org\/wiki\/Orchidaceae\" target=\"_blank\" rel=\"noopener\">orchid\u00e9es<\/a>. L&rsquo;engrais organique pour <a href=\"https:\/\/cultivers.es\/fr\/abonos-ecologicos\/cultures\/orchidees\/\">orchid\u00e9es<\/a> est une formulation liquide d\u00e9velopp\u00e9e pour fournir une nutrition compl\u00e8te et \u00e9quilibr\u00e9e pour la croissance et la floraison.<br \/>\nLa formule contient des micro-\u00e9l\u00e9ments n\u00e9cessaires au d\u00e9veloppement de la plante et \u00e0 une floraison durable.<\/p>\n","protected":false},"excerpt":{"rendered":"<ul class=\"a-unordered-list a-vertical a-spacing-mini\">\n<li><span class=\"a-list-item\">Engrais organique liquide universel pour tous les types d&rsquo;orchid\u00e9es.<\/span><\/li>\n<li><span class=\"a-list-item\">Des plantes plus saines et plus vigoureuses. Facilite le d\u00e9veloppement des plantes dans les situations de stress, ce qui permet une meilleure r\u00e9cup\u00e9ration des plantes.<\/span><\/li>\n<li><span class=\"a-list-item\">\u00c9quilibre optimal des nutriments essentiels pour le d\u00e9veloppement v\u00e9g\u00e9tatif et la fructification.<\/span><\/li>\n<li><span class=\"a-list-item\">Solution NPK 3-1-3. Apport combin\u00e9 de macronutriments (azote, phosphore et potassium) et de micronutriments (bore, calcium, fer, mangan\u00e8se, molybd\u00e8ne et zinc) pour une alimentation plus compl\u00e8te et \u00e9quilibr\u00e9e. Les acides amin\u00e9s favorisent l&rsquo;assimilation des \u00e9l\u00e9ments et leur conf\u00e8rent une action biostimulante.<\/span><\/li>\n<li><span class=\"a-list-item\">Produit 100% naturel et inoffensif pour les animaux, respectueux de l&rsquo;environnement.<\/span><\/li>\n<\/ul>\n","protected":false},"featured_media":26975,"comment_status":"open","ping_status":"closed","template":"","meta":{"_acf_changed":false},"product_brand":[],"product_cat":[314,378,532],"product_tag":[1416],"class_list":{"0":"post-18474","1":"product","2":"type-product","3":"status-publish","4":"has-post-thumbnail","6":"product_cat-engrais","7":"product_cat-engrais-liquides","8":"product_cat-orchidees","9":"product_tag-caae-fr","11":"first","12":"instock","13":"featured","14":"taxable","15":"shipping-taxable","16":"purchasable","17":"product-type-variable"},"acf":[],"_links":{"self":[{"href":"https:\/\/cultivers.es\/fr\/wp-json\/wp\/v2\/product\/18474","targetHints":{"allow":["GET"]}}],"collection":[{"href":"https:\/\/cultivers.es\/fr\/wp-json\/wp\/v2\/product"}],"about":[{"href":"https:\/\/cultivers.es\/fr\/wp-json\/wp\/v2\/types\/product"}],"replies":[{"embeddable":true,"href":"https:\/\/cultivers.es\/fr\/wp-json\/wp\/v2\/comments?post=18474"}],"wp:featuredmedia":[{"embeddable":true,"href":"https:\/\/cultivers.es\/fr\/wp-json\/wp\/v2\/media\/26975"}],"wp:attachment":[{"href":"https:\/\/cultivers.es\/fr\/wp-json\/wp\/v2\/media?parent=18474"}],"wp:term":[{"taxonomy":"product_brand","embeddable":true,"href":"https:\/\/cultivers.es\/fr\/wp-json\/wp\/v2\/product_brand?post=18474"},{"taxonomy":"product_cat","embeddable":true,"href":"https:\/\/cultivers.es\/fr\/wp-json\/wp\/v2\/product_cat?post=18474"},{"taxonomy":"product_tag","embeddable":true,"href":"https:\/\/cultivers.es\/fr\/wp-json\/wp\/v2\/product_tag?post=18474"}],"curies":[{"name":"wp","href":"https:\/\/api.w.org\/{rel}","templated":true}]}}