{"id":18478,"date":"2021-10-22T12:12:47","date_gmt":"2021-10-22T12:12:47","guid":{"rendered":"https:\/\/cultivers.es\/abonos\/engrais-liquide-biologique-pour-rosiers\/"},"modified":"2025-09-22T04:54:30","modified_gmt":"2025-09-22T04:54:30","slug":"engrais-ecologique-liquide-rosal-organique","status":"publish","type":"product","link":"https:\/\/cultivers.es\/fr\/abonnements\/engrais-ecologique-liquide-rosal-organique\/","title":{"rendered":"Engrais liquide biologique pour rosiers"},"content":{"rendered":"<p>Engrais liquide \u00e9cologique pour les rosiers. L&rsquo;engrais organique pour rosiers est une formulation liquide d\u00e9velopp\u00e9e pour fournir une nutrition \u00e9quilibr\u00e9e aux rosiers et autres plantes \u00e0 fleurs. Contient du <a href=\"https:\/\/cultivers.es\/fr\/abonos\/chelate-de-fer\/\">ch\u00e9late de fer<\/a> pour pr\u00e9venir la chlorose des roses et assurer une croissance vigoureuse des plantes. Pr\u00e9vient le jaunissement des feuilles.<\/p>\n","protected":false},"excerpt":{"rendered":"<ul class=\"a-unordered-list a-vertical a-spacing-mini\">\n<li><span class=\"a-list-item\">Engrais organique liquide universel pour tous les types de rosiers<\/span><\/li>\n<li><span class=\"a-list-item\">Des plantes plus saines et plus vigoureuses. Facilite le d\u00e9veloppement des plantes dans les situations de stress, ce qui permet une meilleure r\u00e9cup\u00e9ration des plantes.<\/span><\/li>\n<li><span class=\"a-list-item\">\u00c9quilibre optimal des nutriments essentiels pour le d\u00e9veloppement v\u00e9g\u00e9tatif et la fructification.<\/span><\/li>\n<li><span class=\"a-list-item\">Solution NPK 3-1-5. Apport combin\u00e9 de macronutriments (azote, phosphore et potassium) et de micronutriments (bore, calcium, fer, mangan\u00e8se, molybd\u00e8ne et zinc) pour une alimentation plus compl\u00e8te et \u00e9quilibr\u00e9e. Les acides amin\u00e9s favorisent l&rsquo;assimilation des \u00e9l\u00e9ments et lui conf\u00e8rent une action biostimulante.<\/span><\/li>\n<li><span class=\"a-list-item\">Produit 100% naturel et inoffensif pour les animaux, respectueux de l&rsquo;environnement.<\/span><\/li>\n<\/ul>\n","protected":false},"featured_media":27379,"comment_status":"open","ping_status":"closed","template":"","meta":{"_acf_changed":false},"product_brand":[],"product_cat":[314,378],"product_tag":[1416],"class_list":{"0":"post-18478","1":"product","2":"type-product","3":"status-publish","4":"has-post-thumbnail","6":"product_cat-engrais","7":"product_cat-engrais-liquides","8":"product_tag-caae-fr","10":"first","11":"instock","12":"taxable","13":"shipping-taxable","14":"purchasable","15":"product-type-variable"},"acf":[],"_links":{"self":[{"href":"https:\/\/cultivers.es\/fr\/wp-json\/wp\/v2\/product\/18478","targetHints":{"allow":["GET"]}}],"collection":[{"href":"https:\/\/cultivers.es\/fr\/wp-json\/wp\/v2\/product"}],"about":[{"href":"https:\/\/cultivers.es\/fr\/wp-json\/wp\/v2\/types\/product"}],"replies":[{"embeddable":true,"href":"https:\/\/cultivers.es\/fr\/wp-json\/wp\/v2\/comments?post=18478"}],"wp:featuredmedia":[{"embeddable":true,"href":"https:\/\/cultivers.es\/fr\/wp-json\/wp\/v2\/media\/27379"}],"wp:attachment":[{"href":"https:\/\/cultivers.es\/fr\/wp-json\/wp\/v2\/media?parent=18478"}],"wp:term":[{"taxonomy":"product_brand","embeddable":true,"href":"https:\/\/cultivers.es\/fr\/wp-json\/wp\/v2\/product_brand?post=18478"},{"taxonomy":"product_cat","embeddable":true,"href":"https:\/\/cultivers.es\/fr\/wp-json\/wp\/v2\/product_cat?post=18478"},{"taxonomy":"product_tag","embeddable":true,"href":"https:\/\/cultivers.es\/fr\/wp-json\/wp\/v2\/product_tag?post=18478"}],"curies":[{"name":"wp","href":"https:\/\/api.w.org\/{rel}","templated":true}]}}