{"id":18634,"date":"2021-10-25T08:52:28","date_gmt":"2021-10-25T08:52:28","guid":{"rendered":"https:\/\/cultivers.es\/abonos\/oxychlorure-de-cuivre\/"},"modified":"2025-09-22T05:00:45","modified_gmt":"2025-09-22T05:00:45","slug":"oxychlorure-de-cuivre","status":"publish","type":"product","link":"https:\/\/cultivers.es\/fr\/abonnements\/oxychlorure-de-cuivre\/","title":{"rendered":"Oxychlorure de cuivre"},"content":{"rendered":"<div class=\"fusion-text\">\n<h3 class=\"fusion-responsive-typography-calculated\" data-fontsize=\"16\" data-lineheight=\"30.08px\">Source de cuivre pour tous les types de plantes<\/h3>\n<\/div>\n<div class=\"fusion-text\">\n<h4 class=\"fusion-responsive-typography-calculated\" data-fontsize=\"15\" data-lineheight=\"25.95px\">Le cuivre est class\u00e9 par le FRAC (Fungicide Resistance Action Committee) comme un fongicide inorganique, multi-sites et bact\u00e9riostatique avec un tr\u00e8s faible risque de r\u00e9sistance.<\/h4>\n<div class=\"fusion-text\">\n<p>Son mode d&rsquo;action est bas\u00e9 sur la pr\u00e9sence d&rsquo;ions Cu2+ dans une solution aqueuse. Les ions Cu2+ sont absorb\u00e9s par le pathog\u00e8ne jusqu&rsquo;\u00e0 ce que l&rsquo;accumulation effondre ses cellules en bloquant le processus respiratoire, en inhibant la synth\u00e8se des prot\u00e9ines et en r\u00e9duisant l&rsquo;activit\u00e9 membranaire.<br \/>\nCette action multidienne du cuivre implique diff\u00e9rents processus contr\u00f4l\u00e9s par diff\u00e9rents g\u00e8nes, ce qui rend difficile le d\u00e9veloppement d&rsquo;une r\u00e9sistance.<\/p>\n<\/div>\n<p>Le cuivre est class\u00e9 par le FRAC (Fungicide Resistance Action Committee) comme un fongicide inorganique, multisite et bact\u00e9riostatique avec un tr\u00e8s faible risque de r\u00e9sistance.<br \/>\nSon mode d&rsquo;action est bas\u00e9 sur la pr\u00e9sence d&rsquo;ions Cu2+ dans une solution aqueuse. Les ions Cu2+ sont absorb\u00e9s par le pathog\u00e8ne jusqu&rsquo;\u00e0 ce que l&rsquo;accumulation effondre ses cellules en bloquant le processus respiratoire, en inhibant la synth\u00e8se des prot\u00e9ines et en r\u00e9duisant l&rsquo;activit\u00e9 membranaire.<br \/>\nCette action multidiagnostique du cuivre implique diff\u00e9rents processus contr\u00f4l\u00e9s par diff\u00e9rents g\u00e8nes, ce qui rend difficile le d\u00e9veloppement d&rsquo;une r\u00e9sistance. <\/p>\n<\/div>\n","protected":false},"excerpt":{"rendered":"<ul>\n<li>L&rsquo;oxychlorure de cuivre est une source de cuivre pour tous les types de plantes.<\/li>\n<li>Oxychlorure de cuivre \u00e0 70<\/li>\n<li>Produit destin\u00e9 \u00e0 l&rsquo;agriculture biologique conform\u00e9ment aux r\u00e8glements CE 834\/2007 et 889\/2008 et au r\u00e8glement NOP.<\/li>\n<li>Suspension d&rsquo;engrais \u00e0 base de cuivre<\/li>\n<li>Appliquer en pulv\u00e9risation foliaire, dilu\u00e9 dans de l&rsquo;eau, en agitant le r\u00e9cipient au pr\u00e9alable.<\/li>\n<\/ul>\n","protected":false},"featured_media":28706,"comment_status":"open","ping_status":"closed","template":"","meta":{"_acf_changed":false},"product_brand":[],"product_cat":[569,577,570,523,460,573],"product_tag":[1563],"class_list":{"0":"post-18634","1":"product","2":"type-product","3":"status-publish","4":"has-post-thumbnail","6":"product_cat-correcteurs-de-carence","7":"product_cat-arbres-fruitiers","8":"product_cat-bioprotecteurs","9":"product_cat-olivier","10":"product_cat-protection-des-cultures-et-des-plantes","11":"product_cat-verger","12":"product_tag-ecocert-fr","14":"first","15":"instock","16":"taxable","17":"shipping-taxable","18":"purchasable","19":"product-type-variable","20":"has-default-attributes"},"acf":[],"_links":{"self":[{"href":"https:\/\/cultivers.es\/fr\/wp-json\/wp\/v2\/product\/18634","targetHints":{"allow":["GET"]}}],"collection":[{"href":"https:\/\/cultivers.es\/fr\/wp-json\/wp\/v2\/product"}],"about":[{"href":"https:\/\/cultivers.es\/fr\/wp-json\/wp\/v2\/types\/product"}],"replies":[{"embeddable":true,"href":"https:\/\/cultivers.es\/fr\/wp-json\/wp\/v2\/comments?post=18634"}],"wp:featuredmedia":[{"embeddable":true,"href":"https:\/\/cultivers.es\/fr\/wp-json\/wp\/v2\/media\/28706"}],"wp:attachment":[{"href":"https:\/\/cultivers.es\/fr\/wp-json\/wp\/v2\/media?parent=18634"}],"wp:term":[{"taxonomy":"product_brand","embeddable":true,"href":"https:\/\/cultivers.es\/fr\/wp-json\/wp\/v2\/product_brand?post=18634"},{"taxonomy":"product_cat","embeddable":true,"href":"https:\/\/cultivers.es\/fr\/wp-json\/wp\/v2\/product_cat?post=18634"},{"taxonomy":"product_tag","embeddable":true,"href":"https:\/\/cultivers.es\/fr\/wp-json\/wp\/v2\/product_tag?post=18634"}],"curies":[{"name":"wp","href":"https:\/\/api.w.org\/{rel}","templated":true}]}}