{"id":18686,"date":"2021-10-22T12:12:52","date_gmt":"2021-10-22T12:12:52","guid":{"rendered":"https:\/\/cultivers.es\/abonos\/terre-de-diatomees-moulue\/"},"modified":"2025-09-22T05:23:49","modified_gmt":"2025-09-22T05:23:49","slug":"terre-a-diatomees","status":"publish","type":"product","link":"https:\/\/cultivers.es\/fr\/abonnements\/terre-a-diatomees\/","title":{"rendered":"Terre de diatom\u00e9es moulue"},"content":{"rendered":"<p>La nutrition en silicium de la culture am\u00e9liore la capacit\u00e9 de la plante \u00e0 stocker et \u00e0 distribuer les hydrates de carbone n\u00e9cessaires \u00e0 la croissance et \u00e0 la production de la culture.<br \/>\nLa terre de diatom\u00e9es, source de silice min\u00e9rale, favorise la colonisation des racines par les algues, les lichens, les bact\u00e9ries et les mycorhizes, am\u00e9liorant ainsi la fixation et l&rsquo;assimilation de l&rsquo;azote et du phosphore, entre autres min\u00e9raux.<br \/>\nLe silicium agit en synergie avec le calcium (Ca), le magn\u00e9sium (Mg), le fer (Fe), le zinc (Zn) et le molybd\u00e8ne (Mo). Les six \u00e9l\u00e9ments ont une action synergique, optimisant le d\u00e9veloppement et la production des cultures, et am\u00e9liorant \u00e9galement la demi-vie des cultures p\u00e9rissables.<\/p>\n","protected":false},"excerpt":{"rendered":"<ul>\n<li>Solide en poudre broy\u00e9 (broyage).<\/li>\n<\/ul>\n","protected":false},"featured_media":30791,"comment_status":"open","ping_status":"closed","template":"","meta":{"_acf_changed":false},"product_brand":[],"product_cat":[687],"product_tag":[1563],"woo-feed-brand":[],"class_list":{"0":"post-18686","1":"product","2":"type-product","3":"status-publish","4":"has-post-thumbnail","6":"product_cat-matieres-premieres","7":"product_tag-ecocert-fr","9":"first","10":"instock","11":"taxable","12":"shipping-taxable","13":"purchasable","14":"product-type-variable"},"acf":[],"_links":{"self":[{"href":"https:\/\/cultivers.es\/fr\/wp-json\/wp\/v2\/product\/18686","targetHints":{"allow":["GET"]}}],"collection":[{"href":"https:\/\/cultivers.es\/fr\/wp-json\/wp\/v2\/product"}],"about":[{"href":"https:\/\/cultivers.es\/fr\/wp-json\/wp\/v2\/types\/product"}],"replies":[{"embeddable":true,"href":"https:\/\/cultivers.es\/fr\/wp-json\/wp\/v2\/comments?post=18686"}],"wp:featuredmedia":[{"embeddable":true,"href":"https:\/\/cultivers.es\/fr\/wp-json\/wp\/v2\/media\/30791"}],"wp:attachment":[{"href":"https:\/\/cultivers.es\/fr\/wp-json\/wp\/v2\/media?parent=18686"}],"wp:term":[{"taxonomy":"product_brand","embeddable":true,"href":"https:\/\/cultivers.es\/fr\/wp-json\/wp\/v2\/product_brand?post=18686"},{"taxonomy":"product_cat","embeddable":true,"href":"https:\/\/cultivers.es\/fr\/wp-json\/wp\/v2\/product_cat?post=18686"},{"taxonomy":"product_tag","embeddable":true,"href":"https:\/\/cultivers.es\/fr\/wp-json\/wp\/v2\/product_tag?post=18686"},{"taxonomy":"woo-feed-brand","embeddable":true,"href":"https:\/\/cultivers.es\/fr\/wp-json\/wp\/v2\/woo-feed-brand?post=18686"}],"curies":[{"name":"wp","href":"https:\/\/api.w.org\/{rel}","templated":true}]}}