{"id":18687,"date":"2021-10-25T06:37:06","date_gmt":"2021-10-25T06:37:06","guid":{"rendered":"https:\/\/cultivers.es\/abonos\/engrais-liquide-a-base-dalgues\/"},"modified":"2026-03-19T07:05:52","modified_gmt":"2026-03-19T07:05:52","slug":"algues-algues-liquide","status":"publish","type":"product","link":"https:\/\/cultivers.es\/fr\/abonnements\/algues-algues-liquide\/","title":{"rendered":"Engrais liquide \u00e0 base d&rsquo;algues"},"content":{"rendered":"<p>Solution concentr\u00e9e d&rsquo;extrait naturel d&rsquo;algues (Ascophyllum nodosum), d&rsquo;acides amin\u00e9s, de peptides, d&rsquo;acide alginique et de mannitol, qui acc\u00e9l\u00e8re la croissance avec une vigueur maximale, gr\u00e2ce \u00e0 l&rsquo;apport \u00e9nerg\u00e9tique, \u00e0 l&rsquo;activation m\u00e9tabolique, aux sources min\u00e9rales ch\u00e9lat\u00e9es et aux substances phytohormonales naturellement pr\u00e9sentes dans les algues, qui stimulent et renforcent les ressources g\u00e9n\u00e9tiques de la plante, m\u00eame dans des conditions d\u00e9favorables. L&rsquo;extrait d&rsquo;algues est riche en hormones de croissance v\u00e9g\u00e9tale telles que les cytokinines, les gibb\u00e9rellines et les auxines, et en mol\u00e9cules organiques naturelles telles que les b\u00e9ta\u00efnes, le mannitol, les polysaccharides et les acides amin\u00e9s. Les acides amin\u00e9s jouent un r\u00f4le essentiel dans le maintien de l&rsquo;\u00e9quilibre hydrique des plantes, en particulier dans des conditions climatiques d\u00e9favorables. Il fournit des m\u00e9tabolites essentiels, qui sont facilement absorb\u00e9s par les syst\u00e8mes racinaires, et augmente la fertilit\u00e9 du sol en stimulant l&rsquo;activit\u00e9 microbienne. R\u00e9activateur de la croissance et du m\u00e9tabolisme des plantes alt\u00e9r\u00e9s par des \u00e9v\u00e9nements physiologiques d\u00e9favorables ou un stress abiotique.<\/p>\n","protected":false},"excerpt":{"rendered":"<ul class=\"a-unordered-list a-vertical a-spacing-mini\">\n<li><span class=\"a-list-item\">Fertilisant 100% naturel \u00e0 base d&rsquo;algues. Extrait d&rsquo;algues (Ascophyllum nodosum)<\/span><\/li>\n<li><span class=\"a-list-item\">Ils stimulent la croissance des racines et la croissance v\u00e9g\u00e9tative. Motiver l&rsquo;\u00e9change entre la racine et le sol<\/span><\/li>\n<li><span class=\"a-list-item\">R\u00e9cup\u00e9ration des cultures stress\u00e9es.<\/span><\/li>\n<li><span class=\"a-list-item\">Augmenter le pouvoir d&rsquo;absorption des racines et de translocation des nutriments<\/span><\/li>\n<li><span class=\"a-list-item\">Am\u00e9liorer le syst\u00e8me racinaire et la transplantation.<\/span><\/li>\n<li><span class=\"a-list-item\">Am\u00e9lioration des cultures. Augmenter le nombre de fruits et am\u00e9liorer leur qualit\u00e9.<\/span><\/li>\n<li><span class=\"a-list-item\">L&rsquo;extrait d&rsquo;algues est riche en hormones de croissance v\u00e9g\u00e9tale telles que les cytokinines, les gibb\u00e9rellines et les auxines, et en mol\u00e9cules organiques naturelles telles que les b\u00e9ta\u00efnes, le mannitol, les polysaccharides et les acides amin\u00e9s.<\/span><\/li>\n<\/ul>\n","protected":false},"featured_media":28943,"comment_status":"open","ping_status":"closed","template":"","meta":{"_acf_changed":false},"product_brand":[],"product_cat":[688,522,577,463,317,581,533,315,582,580,574,573],"product_tag":[1416],"class_list":{"0":"post-18687","1":"product","2":"type-product","3":"status-publish","4":"has-post-thumbnail","6":"product_cat-algues","7":"product_cat-agrumes","8":"product_cat-arbres-fruitiers","9":"product_cat-biostimulants-fr","10":"product_cat-bonsai-fr","11":"product_cat-geraniums-fr","12":"product_cat-hortensias-fr","13":"product_cat-pelouse","14":"product_cat-plantes-ornementales","15":"product_cat-rosiers","16":"product_cat-tropical-fr","17":"product_cat-verger","18":"product_tag-caae-fr","20":"first","21":"instock","22":"taxable","23":"shipping-taxable","24":"purchasable","25":"product-type-variable"},"acf":[],"_links":{"self":[{"href":"https:\/\/cultivers.es\/fr\/wp-json\/wp\/v2\/product\/18687","targetHints":{"allow":["GET"]}}],"collection":[{"href":"https:\/\/cultivers.es\/fr\/wp-json\/wp\/v2\/product"}],"about":[{"href":"https:\/\/cultivers.es\/fr\/wp-json\/wp\/v2\/types\/product"}],"replies":[{"embeddable":true,"href":"https:\/\/cultivers.es\/fr\/wp-json\/wp\/v2\/comments?post=18687"}],"wp:featuredmedia":[{"embeddable":true,"href":"https:\/\/cultivers.es\/fr\/wp-json\/wp\/v2\/media\/28943"}],"wp:attachment":[{"href":"https:\/\/cultivers.es\/fr\/wp-json\/wp\/v2\/media?parent=18687"}],"wp:term":[{"taxonomy":"product_brand","embeddable":true,"href":"https:\/\/cultivers.es\/fr\/wp-json\/wp\/v2\/product_brand?post=18687"},{"taxonomy":"product_cat","embeddable":true,"href":"https:\/\/cultivers.es\/fr\/wp-json\/wp\/v2\/product_cat?post=18687"},{"taxonomy":"product_tag","embeddable":true,"href":"https:\/\/cultivers.es\/fr\/wp-json\/wp\/v2\/product_tag?post=18687"}],"curies":[{"name":"wp","href":"https:\/\/api.w.org\/{rel}","templated":true}]}}