{"id":18689,"date":"2021-10-22T13:29:43","date_gmt":"2021-10-22T13:29:43","guid":{"rendered":"https:\/\/cultivers.es\/abonos\/humus-liquide-de-vers\/"},"modified":"2025-09-22T05:00:22","modified_gmt":"2025-09-22T05:00:22","slug":"ver-de-terre-liquide-humus","status":"publish","type":"product","link":"https:\/\/cultivers.es\/fr\/abonnements\/ver-de-terre-liquide-humus\/","title":{"rendered":"Humus liquide de vers"},"content":{"rendered":"<p>LOMBRIZ HUMUS provient de la stabilisation de la mati\u00e8re organique d&rsquo;origine animale par des vers de terre de l&rsquo;esp\u00e8ce Eisenia foetida et est enrichi en phytohormones qui agissent comme r\u00e9gulateurs de croissance des plantes. Il est riche en flore microbienne (1 gramme d&rsquo;humus contient environ 2 billions de micro-organismes), ce qui r\u00e9tablit rapidement la vie dans le sol. Am\u00e9liore la structure du sol, l&rsquo;a\u00e9ration et la capacit\u00e9 de r\u00e9tention de l&rsquo;humidit\u00e9. Stimule le d\u00e9veloppement des racines des plantes et l&rsquo;absorption des nutriments. Il a un pH neutre qui le rend id\u00e9al pour l&rsquo;application sur tout type de sol. Produit exempt de Salmonella sp, Escherichia coli et de m\u00e9taux lourds. Produit exempt de Salmonella sp, Escherichia coli et de m\u00e9taux lourds. L&rsquo;application continue du lombricompost am\u00e9liore les propri\u00e9t\u00e9s du sol, ce qui se traduit par une am\u00e9lioration de la qualit\u00e9 et du rendement des cultures. L&rsquo;humus de vers a une activit\u00e9 microbienne \u00e9lev\u00e9e qui am\u00e9liore la croissance des plantes. Il a un effet suppressif contre les n\u00e9matodes et autres agents pathog\u00e8nes des plantes. L&rsquo;humus des vers a la capacit\u00e9 de modifier l&rsquo;extractibilit\u00e9 des m\u00e9taux lourds, le comportement (adsorption, d\u00e9gradation) des pesticides dans le sol et de r\u00e9g\u00e9n\u00e9rer les sols d\u00e9grad\u00e9s.<\/p>\n","protected":false},"excerpt":{"rendered":"<div id=\"featurebullets_feature_div\" class=\"celwidget\" data-feature-name=\"featurebullets\" data-csa-c-id=\"245fnw-2te75m-sv0udn-eq9t1v\" data-cel-widget=\"featurebullets_feature_div\">\n<div id=\"feature-bullets\" class=\"a-section a-spacing-medium a-spacing-top-small\">\n<ul class=\"a-unordered-list a-vertical a-spacing-mini\">\n<li><span class=\"a-list-item\">100% d&rsquo;humus de vers biologique de la plus haute qualit\u00e9.<\/span><\/li>\n<li><span class=\"a-list-item\">Stimule le d\u00e9veloppement des racines des plantes et l&rsquo;absorption des nutriments. <\/span><\/li>\n<li><span class=\"a-list-item\">Son pH neutre le rend id\u00e9al pour tous les types de sols en tant que source de mati\u00e8re organique. <\/span><\/li>\n<li><span class=\"a-list-item\">L&rsquo;humus des vers augmente la qualit\u00e9 et le rendement des cultures. Le rapport C\/N est faible, ce qui permet une min\u00e9ralisation et une lib\u00e9ration rapide des nutriments.<\/span><\/li>\n<li><span class=\"a-list-item\">Num\u00e9ro d&rsquo;enregistrement certifi\u00e9 par sohiscert : CV237PAE-07.<\/span><\/li>\n<\/ul>\n<\/div>\n<\/div>\n<div id=\"customerReviewsAttribute_feature_div\" class=\"celwidget\" data-feature-name=\"customerReviewsAttribute\" data-csa-c-id=\"gms01g-hds0gw-ttj0o5-amotg8\" data-cel-widget=\"customerReviewsAttribute_feature_div\"><\/div>\n<div id=\"addOnItem_feature_div\" class=\"celwidget\" data-feature-name=\"addOnItem\" data-csa-c-id=\"sjbsfd-ae4hfa-ywtuny-kelnhg\" data-cel-widget=\"addOnItem_feature_div\"><\/div>\n<div id=\"andonCord_feature_div\" class=\"celwidget\" data-feature-name=\"andonCord\" data-csa-c-id=\"vkqi6k-olw88z-eqvebc-9slw0y\" data-cel-widget=\"andonCord_feature_div\"><\/div>\n<div id=\"HLCXComparisonJumplink_feature_div\"><\/div>\n","protected":false},"featured_media":28791,"comment_status":"open","ping_status":"closed","template":"","meta":{"_acf_changed":false},"product_brand":[],"product_cat":[522,577,317,313,378,581,533,315,583,582,388,580,357,574,573],"product_tag":[1563],"class_list":{"0":"post-18689","1":"product","2":"type-product","3":"status-publish","4":"has-post-thumbnail","6":"product_cat-agrumes","7":"product_cat-arbres-fruitiers","8":"product_cat-bonsai-fr","9":"product_cat-coniferes-et-haies","10":"product_cat-engrais-liquides","11":"product_cat-geraniums-fr","12":"product_cat-hortensias-fr","13":"product_cat-pelouse","14":"product_cat-plantes-dinterieur","15":"product_cat-plantes-ornementales","16":"product_cat-regenerateurs-de-sol","17":"product_cat-rosiers","18":"product_cat-tomates","19":"product_cat-tropical-fr","20":"product_cat-verger","21":"product_tag-ecocert-fr","23":"first","24":"instock","25":"taxable","26":"shipping-taxable","27":"purchasable","28":"product-type-variable"},"acf":[],"_links":{"self":[{"href":"https:\/\/cultivers.es\/fr\/wp-json\/wp\/v2\/product\/18689","targetHints":{"allow":["GET"]}}],"collection":[{"href":"https:\/\/cultivers.es\/fr\/wp-json\/wp\/v2\/product"}],"about":[{"href":"https:\/\/cultivers.es\/fr\/wp-json\/wp\/v2\/types\/product"}],"replies":[{"embeddable":true,"href":"https:\/\/cultivers.es\/fr\/wp-json\/wp\/v2\/comments?post=18689"}],"wp:featuredmedia":[{"embeddable":true,"href":"https:\/\/cultivers.es\/fr\/wp-json\/wp\/v2\/media\/28791"}],"wp:attachment":[{"href":"https:\/\/cultivers.es\/fr\/wp-json\/wp\/v2\/media?parent=18689"}],"wp:term":[{"taxonomy":"product_brand","embeddable":true,"href":"https:\/\/cultivers.es\/fr\/wp-json\/wp\/v2\/product_brand?post=18689"},{"taxonomy":"product_cat","embeddable":true,"href":"https:\/\/cultivers.es\/fr\/wp-json\/wp\/v2\/product_cat?post=18689"},{"taxonomy":"product_tag","embeddable":true,"href":"https:\/\/cultivers.es\/fr\/wp-json\/wp\/v2\/product_tag?post=18689"}],"curies":[{"name":"wp","href":"https:\/\/api.w.org\/{rel}","templated":true}]}}