{"id":18690,"date":"2021-10-25T06:46:15","date_gmt":"2021-10-25T06:46:15","guid":{"rendered":"https:\/\/cultivers.es\/abonos\/chelate-de-fer\/"},"modified":"2025-09-22T05:00:43","modified_gmt":"2025-09-22T05:00:43","slug":"chelate-de-fer","status":"publish","type":"product","link":"https:\/\/cultivers.es\/fr\/abonnements\/chelate-de-fer\/","title":{"rendered":"Ch\u00e9late de fer"},"content":{"rendered":"<p>Ch\u00e9late de fer organique de haute qualit\u00e9 (Fe-EDDHA). L&rsquo;agent ch\u00e9lateur EDDHA s&rsquo;est av\u00e9r\u00e9 \u00eatre le plus stable dans une large gamme de pH et efficace dans la pr\u00e9vention et la correction des carences en fer. L&rsquo;application de fer permet de satisfaire sur le plan nutritionnel les cultures les plus exigeantes en fer, en garantissant des niveaux optimaux pendant tout le cycle. Un des meilleurs ch\u00e9lates de fer sur le march\u00e9 gr\u00e2ce \u00e0 son assimilation rapide et au fait qu&rsquo;il n&rsquo;obstrue pas les syst\u00e8mes de goutte-\u00e0-goutte. Il est tr\u00e8s facile \u00e0 appliquer et tr\u00e8s important pour le fonctionnement normal et le bon d\u00e9veloppement des plantes.<\/p>\n","protected":false},"excerpt":{"rendered":"<div id=\"featurebullets_feature_div\" class=\"celwidget\" data-feature-name=\"featurebullets\" data-csa-c-id=\"l7uvy3-ao07gy-on54rr-cc6d0a\" data-cel-widget=\"featurebullets_feature_div\">\n<div id=\"feature-bullets\" class=\"a-section a-spacing-medium a-spacing-top-small\">\n<ul class=\"a-unordered-list a-vertical a-spacing-mini\">\n<li>Ch\u00e9late de fer hautement dissolvant, qui ne provoque pas de probl\u00e8mes de colmatage dans les syst\u00e8mes d&rsquo;irrigation.<\/li>\n<li>Un nutriment essentiel pour les plantes, impliqu\u00e9 dans de nombreuses fonctions vitales, y compris la synth\u00e8se de la chlorophylle.<\/li>\n<li>Correcteur de carence en fer. Pr\u00e9vient et soigne les carences en fer (chlorose ferrique) dans les cultures horticoles, arboricoles et ornementales.<\/li>\n<li>Produit \u00e9cologique con\u00e7u pour tous les types de plantes et d&rsquo;arbres. COMPOSITION 6%Fe-EDDHA, 4,8 ORTHO-ORTHO ISOMERE<\/li>\n<li><span class=\"a-list-item\">Num\u00e9ro d&rsquo;enregistrement certifi\u00e9 CAAE : CE-007459-2019.<\/span><\/li>\n<\/ul>\n<\/div>\n<\/div>\n<div id=\"bissProductSpecification_feature_div\" class=\"celwidget\" data-feature-name=\"bissProductSpecification\" data-csa-c-id=\"sq1azf-sizrfp-blbik0-fsxp1s\" data-cel-widget=\"bissProductSpecification_feature_div\"><\/div>\n","protected":false},"featured_media":13059,"comment_status":"open","ping_status":"closed","template":"","meta":{"_acf_changed":false},"product_brand":[],"product_cat":[569,522,577,317,313,533,523,357,574,573],"product_tag":[1416],"class_list":{"0":"post-18690","1":"product","2":"type-product","3":"status-publish","4":"has-post-thumbnail","6":"product_cat-correcteurs-de-carence","7":"product_cat-agrumes","8":"product_cat-arbres-fruitiers","9":"product_cat-bonsai-fr","10":"product_cat-coniferes-et-haies","11":"product_cat-hortensias-fr","12":"product_cat-olivier","13":"product_cat-tomates","14":"product_cat-tropical-fr","15":"product_cat-verger","16":"product_tag-caae-fr","18":"first","19":"instock","20":"taxable","21":"shipping-taxable","22":"purchasable","23":"product-type-variable"},"acf":[],"_links":{"self":[{"href":"https:\/\/cultivers.es\/fr\/wp-json\/wp\/v2\/product\/18690","targetHints":{"allow":["GET"]}}],"collection":[{"href":"https:\/\/cultivers.es\/fr\/wp-json\/wp\/v2\/product"}],"about":[{"href":"https:\/\/cultivers.es\/fr\/wp-json\/wp\/v2\/types\/product"}],"replies":[{"embeddable":true,"href":"https:\/\/cultivers.es\/fr\/wp-json\/wp\/v2\/comments?post=18690"}],"wp:featuredmedia":[{"embeddable":true,"href":"https:\/\/cultivers.es\/fr\/wp-json\/wp\/v2\/media\/13059"}],"wp:attachment":[{"href":"https:\/\/cultivers.es\/fr\/wp-json\/wp\/v2\/media?parent=18690"}],"wp:term":[{"taxonomy":"product_brand","embeddable":true,"href":"https:\/\/cultivers.es\/fr\/wp-json\/wp\/v2\/product_brand?post=18690"},{"taxonomy":"product_cat","embeddable":true,"href":"https:\/\/cultivers.es\/fr\/wp-json\/wp\/v2\/product_cat?post=18690"},{"taxonomy":"product_tag","embeddable":true,"href":"https:\/\/cultivers.es\/fr\/wp-json\/wp\/v2\/product_tag?post=18690"}],"curies":[{"name":"wp","href":"https:\/\/api.w.org\/{rel}","templated":true}]}}