{"id":18692,"date":"2021-10-22T12:12:52","date_gmt":"2021-10-22T12:12:52","guid":{"rendered":"https:\/\/cultivers.es\/abonos\/farine-dos\/"},"modified":"2025-09-22T05:00:19","modified_gmt":"2025-09-22T05:00:19","slug":"os-de-farine","status":"publish","type":"product","link":"https:\/\/cultivers.es\/fr\/abonnements\/os-de-farine\/","title":{"rendered":"Farine d&rsquo;os"},"content":{"rendered":"<p>Le syst\u00e8me racinaire de la plante est responsable de l&rsquo;exploration du sol et de l&rsquo;absorption de l&rsquo;eau et des nutriments min\u00e9raux ; une racine abondante est l&rsquo;un des moyens les plus directs et les plus \u00e9conomiques d&rsquo;augmenter l&rsquo;efficacit\u00e9 de l&rsquo;absorption des nutriments, r\u00e9duisant ainsi l&rsquo;apport suppl\u00e9mentaire de NPK.<br \/>\nEn outre, c&rsquo;est dans la racine que sont synth\u00e9tis\u00e9es la plupart des hormones responsables de la r\u00e9gulation du m\u00e9tabolisme de la plante dans des processus importants tels que la division cellulaire, l&rsquo;\u00e9paississement et l&rsquo;\u00e9longation des cellules, la nouaison et la croissance des fruits, etc. Le calcium est impliqu\u00e9 dans les r\u00e9actions de r\u00e9sistance et d&rsquo;adaptation de la plante et est l&rsquo;un des composants les plus importants de la paroi cellulaire, ce qui la rend perm\u00e9able. Il am\u00e9liore \u00e9galement la qualit\u00e9, la consistance et la dur\u00e9e de vie des fruits apr\u00e8s la r\u00e9colte.<br \/>\nEngrais naturel id\u00e9al pour la plantation d&rsquo;arbres et d&rsquo;arbustes. Favorise l&rsquo;enracinement et stimule la floraison et la fructification.<\/p>\n","protected":false},"excerpt":{"rendered":"<ul>\n<li>Engrais naturel pour apporter du phosphore et du calcium \u00e0 tous les types de cultures.<\/li>\n<li>Stimule l&rsquo;enracinement, la croissance, l&rsquo;absorption des nutriments et la floraison des plantes<\/li>\n<li>Augmente la nouaison<\/li>\n<li>Renforce la vigueur et la r\u00e9sistance contre les ravageurs et les facteurs n\u00e9gatifs externes<\/li>\n<li>Id\u00e9al pour tous les types de cultures, de plantes et de jardins.<\/li>\n<\/ul>\n","protected":false},"featured_media":13169,"comment_status":"open","ping_status":"closed","template":"","meta":{"_acf_changed":false},"product_brand":[],"product_cat":[1272,687,388],"product_tag":[1563],"woo-feed-brand":[],"class_list":{"0":"post-18692","1":"product","2":"type-product","3":"status-publish","4":"has-post-thumbnail","6":"product_cat-engrais-recommandes","7":"product_cat-matieres-premieres","8":"product_cat-regenerateurs-de-sol","9":"product_tag-ecocert-fr","11":"first","12":"outofstock","13":"taxable","14":"shipping-taxable","15":"purchasable","16":"product-type-variable"},"acf":[],"_links":{"self":[{"href":"https:\/\/cultivers.es\/fr\/wp-json\/wp\/v2\/product\/18692","targetHints":{"allow":["GET"]}}],"collection":[{"href":"https:\/\/cultivers.es\/fr\/wp-json\/wp\/v2\/product"}],"about":[{"href":"https:\/\/cultivers.es\/fr\/wp-json\/wp\/v2\/types\/product"}],"replies":[{"embeddable":true,"href":"https:\/\/cultivers.es\/fr\/wp-json\/wp\/v2\/comments?post=18692"}],"wp:featuredmedia":[{"embeddable":true,"href":"https:\/\/cultivers.es\/fr\/wp-json\/wp\/v2\/media\/13169"}],"wp:attachment":[{"href":"https:\/\/cultivers.es\/fr\/wp-json\/wp\/v2\/media?parent=18692"}],"wp:term":[{"taxonomy":"product_brand","embeddable":true,"href":"https:\/\/cultivers.es\/fr\/wp-json\/wp\/v2\/product_brand?post=18692"},{"taxonomy":"product_cat","embeddable":true,"href":"https:\/\/cultivers.es\/fr\/wp-json\/wp\/v2\/product_cat?post=18692"},{"taxonomy":"product_tag","embeddable":true,"href":"https:\/\/cultivers.es\/fr\/wp-json\/wp\/v2\/product_tag?post=18692"},{"taxonomy":"woo-feed-brand","embeddable":true,"href":"https:\/\/cultivers.es\/fr\/wp-json\/wp\/v2\/woo-feed-brand?post=18692"}],"curies":[{"name":"wp","href":"https:\/\/api.w.org\/{rel}","templated":true}]}}