{"id":18693,"date":"2021-10-22T12:12:52","date_gmt":"2021-10-22T12:12:52","guid":{"rendered":"https:\/\/cultivers.es\/abonos\/farine-de-poisson\/"},"modified":"2025-09-22T05:24:04","modified_gmt":"2025-09-22T05:24:04","slug":"farine-de-poisson","status":"publish","type":"product","link":"https:\/\/cultivers.es\/fr\/abonnements\/farine-de-poisson\/","title":{"rendered":"Farine de poisson"},"content":{"rendered":"<p>La farine de poisson est un engrais organique \u00e0 forte teneur en azote et en phosphore. Activateur d&rsquo;une croissance \u00e9quilibr\u00e9e des cultures. Son application permet un apport rapide et \u00e9quilibr\u00e9 d&rsquo;azote et de phosphore, qui favorise et stimule les processus physiologiques des plantes. Dans les plantes, la majeure partie de l&rsquo;azote se trouve dans des compos\u00e9s de poids mol\u00e9culaire \u00e9lev\u00e9 (prot\u00e9ines et acides nucl\u00e9iques). C&rsquo;est g\u00e9n\u00e9ralement le macro-\u00e9l\u00e9ment qui limite le plus souvent la production agricole. La carence en azote entra\u00eene une chlorose des feuilles plus \u00e2g\u00e9es et une diminution de la surface de la biomasse.    Ses nutriments sont lib\u00e9r\u00e9s progressivement et couvrent les besoins de la culture pendant son d\u00e9veloppement. Son application augmente le taux de photosynth\u00e8se et assure l&rsquo;apport d&rsquo;azote et de phosphore aux moments critiques de la croissance v\u00e9g\u00e9tative. Son origine et son processus de fabrication font que ses composants ne sont pas lessiv\u00e9s par l&rsquo;eau de pluie ou une irrigation prolong\u00e9e, ce qui \u00e9vite la perte de mati\u00e8re nutritive et la contamination des nappes phr\u00e9atiques. <\/p>\n","protected":false},"excerpt":{"rendered":"<ul class=\"a-unordered-list a-vertical a-spacing-mini\">\n<li><span class=\"a-list-item\">Engrais organique d&rsquo;origine animale \u00e0 forte teneur en azote et en phosphore. PN 9,5 % + 8,23 % + 8,23 %.<\/span><\/li>\n<li><span class=\"a-list-item\">Engrais 100% naturel pour le sol \u00e0 appliquer uniform\u00e9ment sur la surface du sol, en l&rsquo;enfouissant l\u00e9g\u00e8rement et en l&rsquo;arrosant ensuite.<\/span><\/li>\n<li><span class=\"a-list-item\">Il r\u00e9pond aux besoins des plantes progressivement au cours de leur d\u00e9veloppement.<\/span><\/li>\n<li><span class=\"a-list-item\">Il ne perd pas ses qualit\u00e9s lorsqu&rsquo;il pleut.<\/span><\/li>\n<li><span class=\"a-list-item\">Activateur d&rsquo;une croissance \u00e9quilibr\u00e9e des cultures. Son application permet un apport rapide et \u00e9quilibr\u00e9 d&rsquo;azote et de phosphore, qui favorise et stimule les processus physiologiques des plantes.<\/span><\/li>\n<\/ul>\n","protected":false},"featured_media":13029,"comment_status":"open","ping_status":"closed","template":"","meta":{"_acf_changed":false},"product_brand":[],"product_cat":[687,388],"product_tag":[1563],"woo-feed-brand":[],"class_list":{"0":"post-18693","1":"product","2":"type-product","3":"status-publish","4":"has-post-thumbnail","6":"product_cat-matieres-premieres","7":"product_cat-regenerateurs-de-sol","8":"product_tag-ecocert-fr","10":"first","11":"outofstock","12":"taxable","13":"shipping-taxable","14":"purchasable","15":"product-type-variable"},"acf":[],"_links":{"self":[{"href":"https:\/\/cultivers.es\/fr\/wp-json\/wp\/v2\/product\/18693","targetHints":{"allow":["GET"]}}],"collection":[{"href":"https:\/\/cultivers.es\/fr\/wp-json\/wp\/v2\/product"}],"about":[{"href":"https:\/\/cultivers.es\/fr\/wp-json\/wp\/v2\/types\/product"}],"replies":[{"embeddable":true,"href":"https:\/\/cultivers.es\/fr\/wp-json\/wp\/v2\/comments?post=18693"}],"wp:featuredmedia":[{"embeddable":true,"href":"https:\/\/cultivers.es\/fr\/wp-json\/wp\/v2\/media\/13029"}],"wp:attachment":[{"href":"https:\/\/cultivers.es\/fr\/wp-json\/wp\/v2\/media?parent=18693"}],"wp:term":[{"taxonomy":"product_brand","embeddable":true,"href":"https:\/\/cultivers.es\/fr\/wp-json\/wp\/v2\/product_brand?post=18693"},{"taxonomy":"product_cat","embeddable":true,"href":"https:\/\/cultivers.es\/fr\/wp-json\/wp\/v2\/product_cat?post=18693"},{"taxonomy":"product_tag","embeddable":true,"href":"https:\/\/cultivers.es\/fr\/wp-json\/wp\/v2\/product_tag?post=18693"},{"taxonomy":"woo-feed-brand","embeddable":true,"href":"https:\/\/cultivers.es\/fr\/wp-json\/wp\/v2\/woo-feed-brand?post=18693"}],"curies":[{"name":"wp","href":"https:\/\/api.w.org\/{rel}","templated":true}]}}