{"id":18702,"date":"2021-10-22T12:12:52","date_gmt":"2021-10-22T12:12:52","guid":{"rendered":"https:\/\/cultivers.es\/abonos\/farine-de-roche-poussiere-de-basalte\/"},"modified":"2025-09-22T05:24:33","modified_gmt":"2025-09-22T05:24:33","slug":"farine-de-roche","status":"publish","type":"product","link":"https:\/\/cultivers.es\/fr\/abonnements\/farine-de-roche\/","title":{"rendered":"Farine de roche. Poussi\u00e8re de basalte"},"content":{"rendered":"<p>Le basalte est une roche ign\u00e9e d&rsquo;origine volcanique riche en silice, en calcium, en magn\u00e9sium et en fer, \u00e0 utiliser dans l&rsquo;agriculture conventionnelle et biologique.<br \/>\nDes applications p\u00e9riodiques dans les sols pauvres am\u00e9liorent la capacit\u00e9 d&rsquo;\u00e9change cationique et la r\u00e9tention des \u00e9l\u00e9ments nutritifs.<br \/>\nDans des conditions de fortes pluies et de lessivage, les \u00e9l\u00e9ments nutritifs peuvent \u00eatre lib\u00e9r\u00e9s \u00e0 un rythme qui leur permet de rester dans le sol et d&rsquo;\u00eatre utilis\u00e9s par les plantes.<\/p>\n","protected":false},"excerpt":{"rendered":"<ul>\n<li>Poudre de basalte. Engrais \u00e0 base de silicium. Fourniture de micro-\u00e9l\u00e9ments pour tous les types de plantes.<\/li>\n<li>La poudre de basalte est une roche ign\u00e9e d&rsquo;origine volcanique riche en silice, en calcium, en magn\u00e9sium et en fer, destin\u00e9e \u00e0 l&rsquo;agriculture conventionnelle et biologique.<\/li>\n<li>Des applications p\u00e9riodiques de Rock Flour dans les sols pauvres am\u00e9liorent la capacit\u00e9 d&rsquo;\u00e9change cationique et la r\u00e9tention des nutriments.<\/li>\n<li>Aide \u00e0 corriger les toxicit\u00e9s caus\u00e9es par un exc\u00e8s d&rsquo;aluminium, de fer ou de mangan\u00e8se.<\/li>\n<\/ul>\n","protected":false},"featured_media":11158,"comment_status":"open","ping_status":"closed","template":"","meta":{"_acf_changed":false},"product_brand":[],"product_cat":[687,388],"product_tag":[],"woo-feed-brand":[],"class_list":{"0":"post-18702","1":"product","2":"type-product","3":"status-publish","4":"has-post-thumbnail","6":"product_cat-matieres-premieres","7":"product_cat-regenerateurs-de-sol","9":"first","10":"instock","11":"featured","12":"taxable","13":"shipping-taxable","14":"purchasable","15":"product-type-variable","16":"has-default-attributes"},"acf":[],"_links":{"self":[{"href":"https:\/\/cultivers.es\/fr\/wp-json\/wp\/v2\/product\/18702","targetHints":{"allow":["GET"]}}],"collection":[{"href":"https:\/\/cultivers.es\/fr\/wp-json\/wp\/v2\/product"}],"about":[{"href":"https:\/\/cultivers.es\/fr\/wp-json\/wp\/v2\/types\/product"}],"replies":[{"embeddable":true,"href":"https:\/\/cultivers.es\/fr\/wp-json\/wp\/v2\/comments?post=18702"}],"wp:featuredmedia":[{"embeddable":true,"href":"https:\/\/cultivers.es\/fr\/wp-json\/wp\/v2\/media\/11158"}],"wp:attachment":[{"href":"https:\/\/cultivers.es\/fr\/wp-json\/wp\/v2\/media?parent=18702"}],"wp:term":[{"taxonomy":"product_brand","embeddable":true,"href":"https:\/\/cultivers.es\/fr\/wp-json\/wp\/v2\/product_brand?post=18702"},{"taxonomy":"product_cat","embeddable":true,"href":"https:\/\/cultivers.es\/fr\/wp-json\/wp\/v2\/product_cat?post=18702"},{"taxonomy":"product_tag","embeddable":true,"href":"https:\/\/cultivers.es\/fr\/wp-json\/wp\/v2\/product_tag?post=18702"},{"taxonomy":"woo-feed-brand","embeddable":true,"href":"https:\/\/cultivers.es\/fr\/wp-json\/wp\/v2\/woo-feed-brand?post=18702"}],"curies":[{"name":"wp","href":"https:\/\/api.w.org\/{rel}","templated":true}]}}