{"id":18879,"date":"2021-10-22T12:12:50","date_gmt":"2021-10-22T12:12:50","guid":{"rendered":"https:\/\/cultivers.es\/abonos\/bouillie-dortie\/"},"modified":"2026-01-16T06:28:51","modified_gmt":"2026-01-16T06:28:51","slug":"ortie-purine","status":"publish","type":"product","link":"https:\/\/cultivers.es\/fr\/abonnements\/ortie-purine\/","title":{"rendered":"Bouillie d&rsquo;ortie"},"content":{"rendered":"<p>Ortie biologique. Substance de base naturelle \u00e0 base d&rsquo;Urtica spp. L&rsquo;ortie (urtica spp.) est une plante dont l&rsquo;extrait ou la bouillie contient une composition riche en compos\u00e9s qui renforcent le m\u00e9canisme de d\u00e9fense naturel des plantes. Il peut \u00eatre appliqu\u00e9 comme engrais ou comme stimulant pour les plantes. Il est \u00e9galement riche en \u00e9l\u00e9ments secondaires tels que le soufre, le silicium et le magn\u00e9sium. Il contient \u00e9galement des oligo-\u00e9l\u00e9ments tels que le fer et le mangan\u00e8se. Il est connu pour repousser les insectes (principalement les pucerons) et le silicium contribue \u00e0 son effet de pr\u00e9vention des champignons. D&rsquo;autres effets lui sont \u00e9galement attribu\u00e9s, comme indiqu\u00e9 ci-dessous : -Facilite le d\u00e9veloppement des racines, la floraison et l&rsquo;augmentation de la valeur Brix dans les fruits. Ils acc\u00e9l\u00e8rent la d\u00e9composition de la mati\u00e8re organique et sont utilis\u00e9s comme activateurs dans les processus de compostage. Corrige les carences en nutriments et am\u00e9liore la photosynth\u00e8se des plantes. Augmente l&rsquo;activit\u00e9 microbienne dans le sol.<\/p>\n","protected":false},"excerpt":{"rendered":"<ul class=\"a-unordered-list a-vertical a-spacing-mini\">\n<li><span class=\"a-list-item\">L&rsquo;extrait ou la bouillie contient une composition riche en compos\u00e9s qui renforcent le m\u00e9canisme de d\u00e9fense naturelle des plantes. Il peut \u00eatre appliqu\u00e9 comme engrais ou comme stimulant pour les plantes. <\/span><\/li>\n<li><span class=\"a-list-item\">Riche en \u00e9l\u00e9ments secondaires tels que le soufre, le silicium et le magn\u00e9sium.<\/span><\/li>\n<li><span class=\"a-list-item\">Effet r\u00e9pulsif sur les insectes (principalement les pucerons) et le silicium contribue \u00e0 son effet pr\u00e9ventif sur les champignons.<\/span><\/li>\n<li><span class=\"a-list-item\">Il favorise le d\u00e9veloppement des racines, la floraison et l&rsquo;augmentation des degr\u00e9s Brix dans les fruits. Augmente l&rsquo;activit\u00e9 microbienne dans le sol.<\/span><\/li>\n<li><span class=\"a-list-item\">Ils acc\u00e9l\u00e8rent la d\u00e9composition de la mati\u00e8re organique et sont utilis\u00e9s comme activateurs dans les processus de compostage.<\/span><\/li>\n<li><span class=\"a-list-item\">Corrige les carences en nutriments et am\u00e9liore la photosynth\u00e8se des plantes. Contient des oligo-\u00e9l\u00e9ments tels que le fer et le mangan\u00e8se.<\/span><\/li>\n<\/ul>\n","protected":false},"featured_media":28545,"comment_status":"open","ping_status":"closed","template":"","meta":{"_acf_changed":false},"product_brand":[],"product_cat":[461],"product_tag":[1563],"woo-feed-brand":[],"class_list":{"0":"post-18879","1":"product","2":"type-product","3":"status-publish","4":"has-post-thumbnail","6":"product_cat-substances-de-base","7":"product_tag-ecocert-fr","9":"first","10":"instock","11":"taxable","12":"shipping-taxable","13":"purchasable","14":"product-type-variable"},"acf":[],"_links":{"self":[{"href":"https:\/\/cultivers.es\/fr\/wp-json\/wp\/v2\/product\/18879","targetHints":{"allow":["GET"]}}],"collection":[{"href":"https:\/\/cultivers.es\/fr\/wp-json\/wp\/v2\/product"}],"about":[{"href":"https:\/\/cultivers.es\/fr\/wp-json\/wp\/v2\/types\/product"}],"replies":[{"embeddable":true,"href":"https:\/\/cultivers.es\/fr\/wp-json\/wp\/v2\/comments?post=18879"}],"wp:featuredmedia":[{"embeddable":true,"href":"https:\/\/cultivers.es\/fr\/wp-json\/wp\/v2\/media\/28545"}],"wp:attachment":[{"href":"https:\/\/cultivers.es\/fr\/wp-json\/wp\/v2\/media?parent=18879"}],"wp:term":[{"taxonomy":"product_brand","embeddable":true,"href":"https:\/\/cultivers.es\/fr\/wp-json\/wp\/v2\/product_brand?post=18879"},{"taxonomy":"product_cat","embeddable":true,"href":"https:\/\/cultivers.es\/fr\/wp-json\/wp\/v2\/product_cat?post=18879"},{"taxonomy":"product_tag","embeddable":true,"href":"https:\/\/cultivers.es\/fr\/wp-json\/wp\/v2\/product_tag?post=18879"},{"taxonomy":"woo-feed-brand","embeddable":true,"href":"https:\/\/cultivers.es\/fr\/wp-json\/wp\/v2\/woo-feed-brand?post=18879"}],"curies":[{"name":"wp","href":"https:\/\/api.w.org\/{rel}","templated":true}]}}