{"id":18881,"date":"2021-10-22T12:12:50","date_gmt":"2021-10-22T12:12:50","guid":{"rendered":"https:\/\/cultivers.es\/abonos\/force-contact-potassium-solution\/"},"modified":"2025-09-22T04:44:39","modified_gmt":"2025-09-22T04:44:39","slug":"solution-de-potassium","status":"publish","type":"product","link":"https:\/\/cultivers.es\/fr\/abonnements\/solution-de-potassium\/","title":{"rendered":"Force Contac Potassium Savon"},"content":{"rendered":"<p>Produit qui combine efficacement l&rsquo;effet tensioactif et dispersant des acides gras. L&rsquo;origine des acides gras et l&rsquo;effet du potassium en tant qu&rsquo;\u00e9l\u00e9ment structurant pr\u00e9parent de mani\u00e8re ad\u00e9quate la surface des feuilles, emp\u00eachant ainsi l&rsquo;attaque de divers insectes nuisibles. Il a \u00e9galement un effet de lavage du film foliaire ad\u00e9quat lorsqu&rsquo;il est pulv\u00e9ris\u00e9 \u00e0 haute pression.<\/p>\n","protected":false},"excerpt":{"rendered":"<ul class=\"a-unordered-list a-vertical a-spacing-mini\">\n<li><span class=\"a-list-item\">Solution de potassium, 100% organique, qui agit par contact et est efficace contre tous les types de parasites.<\/span><\/li>\n<li><span class=\"a-list-item\">Il doit \u00eatre appliqu\u00e9 t\u00f4t le matin ou le soir, en \u00e9vitant les heures d&rsquo;ensoleillement maximal. Caract\u00e9ristiques principales.<\/span><\/li>\n<li><span class=\"a-list-item\">Aide \u00e0 nettoyer les taches de m\u00e9lasse et de plantes, ainsi qu&rsquo;\u00e0 d\u00e9sinfecter les outils de travail. Caract\u00e9ristiques principales.<\/span><\/li>\n<li><span class=\"a-list-item\">Pas de phytotoxicit\u00e9, pas de p\u00e9riode de s\u00e9curit\u00e9. Insecticide sans r\u00e9sidu<\/span><\/li>\n<\/ul>\n","protected":false},"featured_media":14674,"comment_status":"open","ping_status":"closed","template":"","meta":{"_acf_changed":false},"product_brand":[],"product_cat":[570],"product_tag":[1563],"woo-feed-brand":[],"class_list":{"0":"post-18881","1":"product","2":"type-product","3":"status-publish","4":"has-post-thumbnail","6":"product_cat-bioprotecteurs","7":"product_tag-ecocert-fr","9":"first","10":"instock","11":"taxable","12":"shipping-taxable","13":"purchasable","14":"product-type-variable"},"acf":[],"_links":{"self":[{"href":"https:\/\/cultivers.es\/fr\/wp-json\/wp\/v2\/product\/18881","targetHints":{"allow":["GET"]}}],"collection":[{"href":"https:\/\/cultivers.es\/fr\/wp-json\/wp\/v2\/product"}],"about":[{"href":"https:\/\/cultivers.es\/fr\/wp-json\/wp\/v2\/types\/product"}],"replies":[{"embeddable":true,"href":"https:\/\/cultivers.es\/fr\/wp-json\/wp\/v2\/comments?post=18881"}],"wp:featuredmedia":[{"embeddable":true,"href":"https:\/\/cultivers.es\/fr\/wp-json\/wp\/v2\/media\/14674"}],"wp:attachment":[{"href":"https:\/\/cultivers.es\/fr\/wp-json\/wp\/v2\/media?parent=18881"}],"wp:term":[{"taxonomy":"product_brand","embeddable":true,"href":"https:\/\/cultivers.es\/fr\/wp-json\/wp\/v2\/product_brand?post=18881"},{"taxonomy":"product_cat","embeddable":true,"href":"https:\/\/cultivers.es\/fr\/wp-json\/wp\/v2\/product_cat?post=18881"},{"taxonomy":"product_tag","embeddable":true,"href":"https:\/\/cultivers.es\/fr\/wp-json\/wp\/v2\/product_tag?post=18881"},{"taxonomy":"woo-feed-brand","embeddable":true,"href":"https:\/\/cultivers.es\/fr\/wp-json\/wp\/v2\/woo-feed-brand?post=18881"}],"curies":[{"name":"wp","href":"https:\/\/api.w.org\/{rel}","templated":true}]}}