{"id":18882,"date":"2021-10-22T12:12:50","date_gmt":"2021-10-22T12:12:50","guid":{"rendered":"https:\/\/cultivers.es\/abonos\/cuivre-systemique\/"},"modified":"2026-03-19T07:05:34","modified_gmt":"2026-03-19T07:05:34","slug":"cuivre-systeme","status":"publish","type":"product","link":"https:\/\/cultivers.es\/fr\/abonnements\/cuivre-systeme\/","title":{"rendered":"Cuivre syst\u00e9mique"},"content":{"rendered":"<p>Le cuivre syst\u00e9mique est le meilleur apport en cuivre pour maintenir les tissus v\u00e9g\u00e9taux \u00e0 des niveaux de sant\u00e9 optimaux. Gr\u00e2ce \u00e0 son assimilation rapide et \u00e0 sa translocation interne efficace dans la plante, il a un effet fongistatique qui emp\u00eache le d\u00e9veloppement des agents pathog\u00e8nes. Contrairement \u00e0 d&rsquo;autres produits du march\u00e9, il ne ralentit pas la croissance des plantes apr\u00e8s l&rsquo;application, mais procure un effet biostimulant qui se traduit par une augmentation des rendements.<\/p>\n","protected":false},"excerpt":{"rendered":"<ul class=\"a-unordered-list a-vertical a-spacing-mini\">\n<li><span class=\"a-list-item\">Corrige les carences en cuivre, a un effet fongistatique, augmente le rendement des cultures.<\/span><\/li>\n<li><span class=\"a-list-item\">Solution organique de cuivre rapidement assimilable \u00e0 effet stimulant.<\/span><\/li>\n<li><span class=\"a-list-item\">Am\u00e9liore le syst\u00e8me de d\u00e9fense de la plante dans des environnements hostiles qui favorisent le d\u00e9veloppement de maladies fongiques et bact\u00e9riennes.<\/span><\/li>\n<li><span class=\"a-list-item\">C&rsquo;est le meilleur apport en cuivre pour maintenir les tissus v\u00e9g\u00e9taux \u00e0 des niveaux de sant\u00e9 optimaux.<\/span><\/li>\n<li><span class=\"a-list-item\">Il ne ralentit pas la croissance des plantes apr\u00e8s l&rsquo;application, mais fournit un effet biostimulant qui se traduit par une augmentation des rendements.<\/span><\/li>\n<\/ul>\n","protected":false},"featured_media":28478,"comment_status":"open","ping_status":"closed","template":"","meta":{"_acf_changed":false},"product_brand":[],"product_cat":[577,570,569,523,460,357,573],"product_tag":[1416],"class_list":{"0":"post-18882","1":"product","2":"type-product","3":"status-publish","4":"has-post-thumbnail","6":"product_cat-arbres-fruitiers","7":"product_cat-bioprotecteurs","8":"product_cat-correcteurs-de-carence","9":"product_cat-olivier","10":"product_cat-protection-des-cultures-et-des-plantes","11":"product_cat-tomates","12":"product_cat-verger","13":"product_tag-caae-fr","15":"first","16":"instock","17":"taxable","18":"shipping-taxable","19":"purchasable","20":"product-type-variable"},"acf":[],"_links":{"self":[{"href":"https:\/\/cultivers.es\/fr\/wp-json\/wp\/v2\/product\/18882","targetHints":{"allow":["GET"]}}],"collection":[{"href":"https:\/\/cultivers.es\/fr\/wp-json\/wp\/v2\/product"}],"about":[{"href":"https:\/\/cultivers.es\/fr\/wp-json\/wp\/v2\/types\/product"}],"replies":[{"embeddable":true,"href":"https:\/\/cultivers.es\/fr\/wp-json\/wp\/v2\/comments?post=18882"}],"wp:featuredmedia":[{"embeddable":true,"href":"https:\/\/cultivers.es\/fr\/wp-json\/wp\/v2\/media\/28478"}],"wp:attachment":[{"href":"https:\/\/cultivers.es\/fr\/wp-json\/wp\/v2\/media?parent=18882"}],"wp:term":[{"taxonomy":"product_brand","embeddable":true,"href":"https:\/\/cultivers.es\/fr\/wp-json\/wp\/v2\/product_brand?post=18882"},{"taxonomy":"product_cat","embeddable":true,"href":"https:\/\/cultivers.es\/fr\/wp-json\/wp\/v2\/product_cat?post=18882"},{"taxonomy":"product_tag","embeddable":true,"href":"https:\/\/cultivers.es\/fr\/wp-json\/wp\/v2\/product_tag?post=18882"}],"curies":[{"name":"wp","href":"https:\/\/api.w.org\/{rel}","templated":true}]}}