{"id":18883,"date":"2021-10-22T12:12:50","date_gmt":"2021-10-22T12:12:50","guid":{"rendered":"https:\/\/cultivers.es\/abonos\/engrais-dengraissement-et-de-maturation\/"},"modified":"2026-03-19T07:05:36","modified_gmt":"2026-03-19T07:05:36","slug":"engrais-engraissement-et-maturation","status":"publish","type":"product","link":"https:\/\/cultivers.es\/fr\/abonnements\/engrais-engraissement-et-maturation\/","title":{"rendered":"Engrais d&rsquo;engraissement et de maturation"},"content":{"rendered":"<div class=\"page\" title=\"Page 1\">\n<div class=\"section\">\n<div class=\"layoutArea\">\n<div class=\"column\">\n<p>L&rsquo;engrais pour l&rsquo;engraissement et la maturation est un engrais fortement concentr\u00e9 en <a href=\"https:\/\/cultivers.es\/fr\/abonos-ecologicos\/engrais\/acides-humiques\/\">acides fulviques<\/a> et en potassium. Il offre de nombreux avantages qui compl\u00e8tent sa fonction premi\u00e8re d&rsquo;apport de potassium de haute qualit\u00e9 et rapidement assimilable.<\/p>\n<p>Les acides fulviques sont de puissants stimulants organiques. Ils sont plus r\u00e9actifs que les acides humiques en raison de leur taille mol\u00e9culaire plus petite et agissent donc plus rapidement pour am\u00e9liorer la croissance des plantes. Ils augmentent \u00e9galement la perm\u00e9abilit\u00e9 des membranes cellulaires, am\u00e9liorant ainsi l&rsquo;absorption des nutriments.<\/p>\n<p>Dans le sol, ils agissent comme des agents ch\u00e9lateurs naturels. Ils forment des fulvates avec les cations bloqu\u00e9s, les convertissant en mol\u00e9cules facilement assimilables qui p\u00e9n\u00e8trent rapidement \u00e0 l&rsquo;int\u00e9rieur de la plante, optimisant ainsi l&rsquo;apport d&rsquo;engrais appliqu\u00e9s lors de l&rsquo;irrigation. Am\u00e9liore la structure du sol gr\u00e2ce \u00e0 une meilleure a\u00e9ration et \u00e0 la floculation de l&rsquo;argile, ce qui favorise la croissance des racines.<\/p>\n<p>Notre engrais d&rsquo;engraissement et de maturation am\u00e9liore la production de pigments dans les fruits et l\u00e9gumes et donc l&rsquo;intensit\u00e9 de la couleur. La teneur en sucre, en acidit\u00e9 et en jus augmente et l&rsquo;ar\u00f4me s&rsquo;intensifie. Les fruits commercialis\u00e9s sont beaucoup plus attrayants pour les clients.<\/p>\n<p>Il augmente la consistance des tissus v\u00e9g\u00e9taux, ce qui est d\u00e9cisif.<\/p>\n<\/div>\n<\/div>\n<\/div>\n<\/div>\n","protected":false},"excerpt":{"rendered":"<div id=\"featurebullets_feature_div\" class=\"celwidget\" data-feature-name=\"featurebullets\" data-csa-c-id=\"kxuqun-1zzt9o-6y97l6-wnlnvu\" data-cel-widget=\"featurebullets_feature_div\">\n<div id=\"feature-bullets\" class=\"a-section a-spacing-medium a-spacing-top-small\">\n<ul class=\"a-unordered-list a-vertical a-spacing-mini\">\n<li><span class=\"a-list-item\">Solution de potassium au pH neutre pour l&rsquo;engraissement et la maturation des fruits.<\/span><\/li>\n<li><span class=\"a-list-item\">Il est tr\u00e8s mobile et transloquant, de sorte que la plante a une plus grande capacit\u00e9 \u00e0 l&rsquo;assimiler rapidement.<\/span><\/li>\n<li><span class=\"a-list-item\">Il favorise la synth\u00e8se des sucres et leur accumulation dans les organes de r\u00e9serve.<\/span><\/li>\n<li><span class=\"a-list-item\">Il est recommand\u00e9 de l&rsquo;appliquer pendant la phase de fructification pour am\u00e9liorer le processus d&rsquo;engraissement, car il favorise l&rsquo;augmentation de la taille et l&rsquo;uniformit\u00e9 des fruits.<\/span><\/li>\n<li><span class=\"a-list-item\">engrais potassique indiqu\u00e9 pour l&rsquo;application pendant les phases de croissance des fruits et autres organes de r\u00e9serve<\/span><\/li>\n<\/ul>\n<\/div>\n<\/div>\n","protected":false},"featured_media":12694,"comment_status":"open","ping_status":"closed","template":"","meta":{"_acf_changed":false},"product_brand":[],"product_cat":[710,357,573],"product_tag":[1563],"class_list":{"0":"post-18883","1":"product","2":"type-product","3":"status-publish","4":"has-post-thumbnail","6":"product_cat-maturation-et-engraissement-fr","7":"product_cat-tomates","8":"product_cat-verger","9":"product_tag-ecocert-fr","11":"first","12":"instock","13":"featured","14":"taxable","15":"shipping-taxable","16":"purchasable","17":"product-type-variable"},"acf":[],"_links":{"self":[{"href":"https:\/\/cultivers.es\/fr\/wp-json\/wp\/v2\/product\/18883","targetHints":{"allow":["GET"]}}],"collection":[{"href":"https:\/\/cultivers.es\/fr\/wp-json\/wp\/v2\/product"}],"about":[{"href":"https:\/\/cultivers.es\/fr\/wp-json\/wp\/v2\/types\/product"}],"replies":[{"embeddable":true,"href":"https:\/\/cultivers.es\/fr\/wp-json\/wp\/v2\/comments?post=18883"}],"wp:featuredmedia":[{"embeddable":true,"href":"https:\/\/cultivers.es\/fr\/wp-json\/wp\/v2\/media\/12694"}],"wp:attachment":[{"href":"https:\/\/cultivers.es\/fr\/wp-json\/wp\/v2\/media?parent=18883"}],"wp:term":[{"taxonomy":"product_brand","embeddable":true,"href":"https:\/\/cultivers.es\/fr\/wp-json\/wp\/v2\/product_brand?post=18883"},{"taxonomy":"product_cat","embeddable":true,"href":"https:\/\/cultivers.es\/fr\/wp-json\/wp\/v2\/product_cat?post=18883"},{"taxonomy":"product_tag","embeddable":true,"href":"https:\/\/cultivers.es\/fr\/wp-json\/wp\/v2\/product_tag?post=18883"}],"curies":[{"name":"wp","href":"https:\/\/api.w.org\/{rel}","templated":true}]}}