{"id":18884,"date":"2021-10-22T12:12:51","date_gmt":"2021-10-22T12:12:51","guid":{"rendered":"https:\/\/cultivers.es\/abonos\/bicarbonate-de-sodium\/"},"modified":"2025-09-22T05:23:11","modified_gmt":"2025-09-22T05:23:11","slug":"bicarbonate-de-soude","status":"publish","type":"product","link":"https:\/\/cultivers.es\/fr\/abonnements\/bicarbonate-de-soude\/","title":{"rendered":"Bicarbonate de sodium"},"content":{"rendered":"<p>Le bicarbonate de sodium, \u00e9galement appel\u00e9 hydrog\u00e9nocarbonate de sodium, bicarbonate de soude ou sel de Vichy, est un compos\u00e9 solide cristallin blanc obtenu \u00e0 partir d&rsquo;un min\u00e9ral naturel appel\u00e9 natron, qui contient de grandes quantit\u00e9s de bicarbonate de sodium. Il s&rsquo;agit d&rsquo;un compos\u00e9 soluble dans l&rsquo;eau qui se d\u00e9compose en pr\u00e9sence d&rsquo;acide pour former du dioxyde de carbone (CO2) et de l&rsquo;eau.<\/p>\n","protected":false},"excerpt":{"rendered":"<ul>\n<li>Bicarbonate de soude 100% naturel pour de multiples usages.<\/li>\n<li>Aide \u00e0 acc\u00e9l\u00e9rer la photosynth\u00e8se, ce qui renforce la plante et lui permet de produire plus de feuilles.<\/li>\n<li>Il \u00e9loigne les fourmis et autres insectes.<\/li>\n<li>Nettoyage m\u00e9nager : nettoyant pour salle de bains, nettoyant pour cuisine, nettoyant pour textiles, d\u00e9tachant, etc.<\/li>\n<\/ul>\n","protected":false},"featured_media":11174,"comment_status":"open","ping_status":"closed","template":"","meta":{"_acf_changed":false},"product_brand":[],"product_cat":[460,461],"product_tag":[],"woo-feed-brand":[],"class_list":{"0":"post-18884","1":"product","2":"type-product","3":"status-publish","4":"has-post-thumbnail","6":"product_cat-protection-des-cultures-et-des-plantes","7":"product_cat-substances-de-base","9":"first","10":"instock","11":"taxable","12":"shipping-taxable","13":"purchasable","14":"product-type-variable","15":"has-default-attributes"},"acf":[],"_links":{"self":[{"href":"https:\/\/cultivers.es\/fr\/wp-json\/wp\/v2\/product\/18884","targetHints":{"allow":["GET"]}}],"collection":[{"href":"https:\/\/cultivers.es\/fr\/wp-json\/wp\/v2\/product"}],"about":[{"href":"https:\/\/cultivers.es\/fr\/wp-json\/wp\/v2\/types\/product"}],"replies":[{"embeddable":true,"href":"https:\/\/cultivers.es\/fr\/wp-json\/wp\/v2\/comments?post=18884"}],"wp:featuredmedia":[{"embeddable":true,"href":"https:\/\/cultivers.es\/fr\/wp-json\/wp\/v2\/media\/11174"}],"wp:attachment":[{"href":"https:\/\/cultivers.es\/fr\/wp-json\/wp\/v2\/media?parent=18884"}],"wp:term":[{"taxonomy":"product_brand","embeddable":true,"href":"https:\/\/cultivers.es\/fr\/wp-json\/wp\/v2\/product_brand?post=18884"},{"taxonomy":"product_cat","embeddable":true,"href":"https:\/\/cultivers.es\/fr\/wp-json\/wp\/v2\/product_cat?post=18884"},{"taxonomy":"product_tag","embeddable":true,"href":"https:\/\/cultivers.es\/fr\/wp-json\/wp\/v2\/product_tag?post=18884"},{"taxonomy":"woo-feed-brand","embeddable":true,"href":"https:\/\/cultivers.es\/fr\/wp-json\/wp\/v2\/woo-feed-brand?post=18884"}],"curies":[{"name":"wp","href":"https:\/\/api.w.org\/{rel}","templated":true}]}}