{"id":18890,"date":"2021-10-22T12:12:50","date_gmt":"2021-10-22T12:12:50","guid":{"rendered":"https:\/\/cultivers.es\/abonos\/engraissement-et-intensification-de-la-couleur-fertilisant\/"},"modified":"2025-09-22T05:00:34","modified_gmt":"2025-09-22T05:00:34","slug":"engrais-intensifiant-la-couleur-engrais-renforcant-la-couleur","status":"publish","type":"product","link":"https:\/\/cultivers.es\/fr\/abonnements\/engrais-intensifiant-la-couleur-engrais-renforcant-la-couleur\/","title":{"rendered":"Engraissement et intensification de la couleur Fertilisant"},"content":{"rendered":"<p>Engrais d&rsquo;engraissement et d&rsquo;intensification de la couleur \u00e0 base d&rsquo;<a href=\"https:\/\/cultivers.es\/fr\/abonos-ecologicos\/engrais\/biostimulants-fr\/algues\/\">extraits d&rsquo;algues<\/a> et d&rsquo;oligo-\u00e9l\u00e9ments. Ils agissent en synergie sur la plante pour rediriger le plus grand nombre possible de photoassimilats disponibles vers les fruits en croissance. Dans la plante, les fruits sont en concurrence pour une disponibilit\u00e9 limit\u00e9e, mais non fixe, de photoassimilats. Celles-ci sont r\u00e9parties entre les diff\u00e9rents puits en fonction de leur position et de leur distance par rapport aux sources. Et bien s\u00fbr, la force qu&rsquo;ils exercent, qui n&rsquo;est rien d&rsquo;autre que la capacit\u00e9 d&rsquo;attirer et d&rsquo;accumuler des photosimilats. Capacit\u00e9 d\u00e9termin\u00e9e par des facteurs anatomiques et hormonaux.<\/p>\n<p>La distribution des photoassimilats dans la plante peut donc \u00eatre consid\u00e9r\u00e9e comme un processus r\u00e9gul\u00e9. De mani\u00e8re complexe en raison de l&rsquo;interaction entre les fruits eux-m\u00eames, entre les fruits et les feuilles et, bien s\u00fbr, en raison de l&rsquo;\u00e9tat fonctionnel de la voie de transport, le phlo\u00e8me<a href=\"https:\/\/es.wikipedia.org\/wiki\/Floema\" target=\"_blank\" rel=\"noopener\">.<\/a> Compos\u00e9 des tubes cribl\u00e9s, des cellules associ\u00e9es et des connexions vasculaires.<\/p>\n<p>L&rsquo;engrais d&rsquo;engraissement et de coloration doit \u00eatre appliqu\u00e9 pendant les phases de nouaison, de croissance et de maturation des fruits, afin d&rsquo;augmenter le nombre de fruits, leur taille et leur coloration.<\/p>\n","protected":false},"excerpt":{"rendered":"<ul class=\"a-unordered-list a-vertical a-spacing-mini\">\n<li><span class=\"a-list-item\">Engrais \u00e0 base d&rsquo;algues pour stimuler la croissance des fruits, sans hormones de synth\u00e8se.<\/span><\/li>\n<li><span class=\"a-list-item\">C&rsquo;est un produit id\u00e9al pour la nouaison, l&rsquo;engraissement, la coloration et la maturation des fruits.<\/span><\/li>\n<li><span class=\"a-list-item\">Il augmente le rendement de tous les types de cultures et ses effets sont visibles tr\u00e8s rapidement.<\/span><\/li>\n<li><span class=\"a-list-item\">Am\u00e9liore tous les param\u00e8tres de qualit\u00e9 des fruits : taille, consistance, turgescence, coloration, homog\u00e9n\u00e9it\u00e9 et dur\u00e9e de conservation.<\/span><\/li>\n<li><span class=\"a-list-item\">C&rsquo;est un stimulateur 100% biologique. Certifi\u00e9 pour l&rsquo;agriculture biologique par le CAEE.<\/span><\/li>\n<\/ul>\n","protected":false},"featured_media":29170,"comment_status":"open","ping_status":"closed","template":"","meta":{"_acf_changed":false},"product_brand":[],"product_cat":[522,577,710,523,574],"product_tag":[],"class_list":{"0":"post-18890","1":"product","2":"type-product","3":"status-publish","4":"has-post-thumbnail","6":"product_cat-agrumes","7":"product_cat-arbres-fruitiers","8":"product_cat-maturation-et-engraissement-fr","9":"product_cat-olivier","10":"product_cat-tropical-fr","12":"first","13":"instock","14":"taxable","15":"shipping-taxable","16":"purchasable","17":"product-type-variable"},"acf":[],"_links":{"self":[{"href":"https:\/\/cultivers.es\/fr\/wp-json\/wp\/v2\/product\/18890","targetHints":{"allow":["GET"]}}],"collection":[{"href":"https:\/\/cultivers.es\/fr\/wp-json\/wp\/v2\/product"}],"about":[{"href":"https:\/\/cultivers.es\/fr\/wp-json\/wp\/v2\/types\/product"}],"replies":[{"embeddable":true,"href":"https:\/\/cultivers.es\/fr\/wp-json\/wp\/v2\/comments?post=18890"}],"wp:featuredmedia":[{"embeddable":true,"href":"https:\/\/cultivers.es\/fr\/wp-json\/wp\/v2\/media\/29170"}],"wp:attachment":[{"href":"https:\/\/cultivers.es\/fr\/wp-json\/wp\/v2\/media?parent=18890"}],"wp:term":[{"taxonomy":"product_brand","embeddable":true,"href":"https:\/\/cultivers.es\/fr\/wp-json\/wp\/v2\/product_brand?post=18890"},{"taxonomy":"product_cat","embeddable":true,"href":"https:\/\/cultivers.es\/fr\/wp-json\/wp\/v2\/product_cat?post=18890"},{"taxonomy":"product_tag","embeddable":true,"href":"https:\/\/cultivers.es\/fr\/wp-json\/wp\/v2\/product_tag?post=18890"}],"curies":[{"name":"wp","href":"https:\/\/api.w.org\/{rel}","templated":true}]}}