{"id":18892,"date":"2021-10-22T12:12:50","date_gmt":"2021-10-22T12:12:50","guid":{"rendered":"https:\/\/cultivers.es\/abonos\/engrais-a-base-dalgues\/"},"modified":"2025-09-22T04:59:34","modified_gmt":"2025-09-22T04:59:34","slug":"engrais-algues-marines","status":"publish","type":"product","link":"https:\/\/cultivers.es\/fr\/abonnements\/engrais-algues-marines\/","title":{"rendered":"Engrais \u00e0 base d&rsquo;algues Ascophyllum nodosum"},"content":{"rendered":"<p>Seaweed Fertiliser est un bioactivateur de pointe \u00e0 base d&rsquo;extraits d&rsquo;Ascophyllum nodosum.<\/p>\n<p>Cet engrais fournit des composants bioactifs tels que l&rsquo;acide alginique, le mannitol et les phytohormones. Ils aident la plante \u00e0 tol\u00e9rer efficacement les conditions d\u00e9favorables.<\/p>\n<p>L&rsquo;engrais formul\u00e9 \u00e0 base d&rsquo;algues est un solide soluble. \u00c9labor\u00e9 \u00e0 partir d&rsquo;algues de l&rsquo;Atlantique Nord r\u00e9colt\u00e9es, tri\u00e9es et trait\u00e9es sur le littoral afin de pr\u00e9server au maximum la fra\u00eecheur et la vigueur de leurs substances bioactives.<\/p>\n<p>La pr\u00e9sence d&rsquo;acide alginique et de mannitol dans sa composition contribue \u00e0 l&rsquo;absorption et \u00e0 la translocation des nutriments. Il g\u00e9n\u00e8re un effet synergique qui am\u00e9liore la r\u00e9ponse des cultures aux conditions d\u00e9favorables et favorise l&rsquo;activit\u00e9 hormonale \u00e0 diff\u00e9rents stades ph\u00e9nologiques. Cela permet d&rsquo;am\u00e9liorer les performances.<\/p>\n<p>L&rsquo;esp\u00e8ce Ascophyllum nodosum, contrairement aux autres algues brunes, supporte dans son habitat naturel des p\u00e9riodes d&rsquo;immersion marine et des p\u00e9riodes d&rsquo;exposition aux \u00e9l\u00e9ments, en fonction du cycle des mar\u00e9es. Il s&rsquo;agit d&rsquo;une adaptation physiologique r\u00e9ussie aux conditions de stress hydrique, salin et thermique, ce qui signifie que ces algues ont une composition biochimique unique.<\/p>\n<p>L&rsquo;acide alginique est un polysaccharide, un composant structurel des parois cellulaires de l&rsquo;Ascophyllum nodosum. Il joue un r\u00f4le cl\u00e9 dans l&rsquo;\u00e9quilibre hydrique et dans la r\u00e9ponse physiologique au stress abiotique.<\/p>\n<p>Le mannitol est un polyol synth\u00e9tis\u00e9 par Ascophyllum nodosum. En plus de son r\u00f4le d&rsquo;osmoprotecteur, il agit comme un antioxydant efficace en bloquant les esp\u00e8ces r\u00e9actives de l&rsquo;oxyg\u00e8ne (ROS) et en pr\u00e9venant ainsi les alt\u00e9rations m\u00e9taboliques.<\/p>\n","protected":false},"excerpt":{"rendered":"<ul>\n<li>Bioactivateur de derni\u00e8re g\u00e9n\u00e9ration \u00e0 base d&rsquo;extraits d&rsquo;Ascophyllum nodosum<\/li>\n<li>Fournit des composants bioactifs tels que l&rsquo;acide alginique, le mannitol et les phytohormones.<\/li>\n<li>Ils aident la plante \u00e0 tol\u00e9rer efficacement les conditions d\u00e9favorables.<\/li>\n<li>Formule solide soluble, \u00e9labor\u00e9e \u00e0 partir d&rsquo;algues de l&rsquo;Atlantique Nord qui sont r\u00e9colt\u00e9es, tri\u00e9es et trait\u00e9es sur le littoral afin de pr\u00e9server au maximum la fra\u00eecheur et la vigueur de leur mati\u00e8re bioactive.<\/li>\n<li>La pr\u00e9sence dans sa composition d&rsquo;acide alginique et de mannitol, qui contribuent \u00e0 l&rsquo;absorption et \u00e0 la translocation des nutriments.<\/li>\n<\/ul>\n","protected":false},"featured_media":11194,"comment_status":"open","ping_status":"closed","template":"","meta":{"_acf_changed":false},"product_brand":[],"product_cat":[522,688,577,463,317,581,533,523,532,582,580,357,574,573],"product_tag":[1416],"woo-feed-brand":[],"class_list":{"0":"post-18892","1":"product","2":"type-product","3":"status-publish","4":"has-post-thumbnail","6":"product_cat-agrumes","7":"product_cat-algues","8":"product_cat-arbres-fruitiers","9":"product_cat-biostimulants-fr","10":"product_cat-bonsai-fr","11":"product_cat-geraniums-fr","12":"product_cat-hortensias-fr","13":"product_cat-olivier","14":"product_cat-orchidees","15":"product_cat-plantes-ornementales","16":"product_cat-rosiers","17":"product_cat-tomates","18":"product_cat-tropical-fr","19":"product_cat-verger","20":"product_tag-caae-fr","22":"first","23":"instock","24":"taxable","25":"shipping-taxable","26":"purchasable","27":"product-type-variable"},"acf":[],"_links":{"self":[{"href":"https:\/\/cultivers.es\/fr\/wp-json\/wp\/v2\/product\/18892","targetHints":{"allow":["GET"]}}],"collection":[{"href":"https:\/\/cultivers.es\/fr\/wp-json\/wp\/v2\/product"}],"about":[{"href":"https:\/\/cultivers.es\/fr\/wp-json\/wp\/v2\/types\/product"}],"replies":[{"embeddable":true,"href":"https:\/\/cultivers.es\/fr\/wp-json\/wp\/v2\/comments?post=18892"}],"wp:featuredmedia":[{"embeddable":true,"href":"https:\/\/cultivers.es\/fr\/wp-json\/wp\/v2\/media\/11194"}],"wp:attachment":[{"href":"https:\/\/cultivers.es\/fr\/wp-json\/wp\/v2\/media?parent=18892"}],"wp:term":[{"taxonomy":"product_brand","embeddable":true,"href":"https:\/\/cultivers.es\/fr\/wp-json\/wp\/v2\/product_brand?post=18892"},{"taxonomy":"product_cat","embeddable":true,"href":"https:\/\/cultivers.es\/fr\/wp-json\/wp\/v2\/product_cat?post=18892"},{"taxonomy":"product_tag","embeddable":true,"href":"https:\/\/cultivers.es\/fr\/wp-json\/wp\/v2\/product_tag?post=18892"},{"taxonomy":"woo-feed-brand","embeddable":true,"href":"https:\/\/cultivers.es\/fr\/wp-json\/wp\/v2\/woo-feed-brand?post=18892"}],"curies":[{"name":"wp","href":"https:\/\/api.w.org\/{rel}","templated":true}]}}