{"id":19050,"date":"2022-01-03T15:43:48","date_gmt":"2022-01-03T15:43:48","guid":{"rendered":"https:\/\/cultivers.es\/abonos\/argile-expansee-arlite\/"},"modified":"2025-09-22T04:39:47","modified_gmt":"2025-09-22T04:39:47","slug":"argile-expansee-argile-arlite","status":"publish","type":"product","link":"https:\/\/cultivers.es\/fr\/abonnements\/argile-expansee-argile-arlite\/","title":{"rendered":"Argile expans\u00e9e Arlite"},"content":{"rendered":"<div id=\"dpx-product-description_feature_div\">\n<div class=\"celwidget\" data-csa-c-id=\"me6ggt-ey59js-65y5uj-bfwyy4\" data-cel-widget=\"dpx-product-description_csm_instrumentation_wrapper\">\n<div id=\"descriptionAndDetails\" class=\"a-section a-spacing-extra-large\">\n<div id=\"productDescription_feature_div\" class=\"celwidget\" data-feature-name=\"productDescription\" data-csa-c-id=\"8fgsas-5nyvrc-j3hehr-52zv5x\" data-cel-widget=\"productDescription_feature_div\">\n<div>\n<div id=\"productDescription_feature_div\" class=\"a-row feature\" data-feature-name=\"productDescription\" data-template-name=\"productDescription\" data-cel-widget=\"productDescription_feature_div\">\n<div id=\"productDescription\" class=\"a-section a-spacing-small\">\n<p>L&rsquo;arlite ou argile expans\u00e9e est un agr\u00e9gat c\u00e9ramique l\u00e9ger. D&rsquo;une granulom\u00e9trie de 8\/16mm avec de multiples utilisations dans le domaine du jardinage et de la construction. Boules d&rsquo;argile naturelle de couleur c\u00e9ramique, soumises \u00e0 des temp\u00e9ratures \u00e9lev\u00e9es, permettant d&rsquo;obtenir un produit l\u00e9ger, tr\u00e8s poreux, d\u00e9coratif et drainant. Emp\u00eache la formation de grumeaux dans les substrats et retient les nutriments. Base de drainage et cultures hydroponiques. Elles sont utilis\u00e9es comme \u00e9l\u00e9ments d\u00e9coratifs en raison de leur couleur et de leur aspect, mais aussi pour am\u00e9liorer la filtration de l&rsquo;eau, r\u00e9duire l&rsquo;\u00e9vaporation de l&rsquo;eau du substrat et diminuer la germination des mauvaises herbes dans le jardin.<\/p>\n<\/div>\n<\/div>\n<\/div>\n<\/div>\n<\/div>\n<\/div>\n<\/div>\n","protected":false},"excerpt":{"rendered":"<ul class=\"a-unordered-list a-vertical a-spacing-mini\">\n<li><span class=\"a-list-item\">Boules d&rsquo;argile naturelle obtenues \u00e0 haute temp\u00e9rature, taille 8\/16 mm. Produit homog\u00e8ne, l\u00e9ger et tr\u00e8s poreux.<\/span><\/li>\n<li><span class=\"a-list-item\">Emp\u00eache l&rsquo;agglom\u00e9ration des substrats et retient les nutriments.<\/span><\/li>\n<li><span class=\"a-list-item\">Il peut \u00eatre utilis\u00e9 comme base drainante et en hydroponie.<\/span><\/li>\n<li><span class=\"a-list-item\">Am\u00e9liore le drainage des plantes. Emp\u00eache les racines de pourrir. Prot\u00e8ge le sol contre les changements brusques de temp\u00e9rature.<\/span><\/li>\n<li><span class=\"a-list-item\">UTILISATION : Seul ou m\u00e9lang\u00e9 au substrat. Peut \u00eatre utilis\u00e9 \u00e0 des fins d\u00e9coratives.<\/span><\/li>\n<\/ul>\n","protected":false},"featured_media":13409,"comment_status":"open","ping_status":"closed","template":"","meta":{"_acf_changed":false},"product_brand":[],"product_cat":[579,532,583,721],"product_tag":[],"woo-feed-brand":[],"class_list":{"0":"post-19050","1":"product","2":"type-product","3":"status-publish","4":"has-post-thumbnail","6":"product_cat-cactus-plantes-grasses-et-succulentes","7":"product_cat-orchidees","8":"product_cat-plantes-dinterieur","9":"product_cat-substrats-et-decorations","11":"first","12":"instock","13":"taxable","14":"shipping-taxable","15":"purchasable","16":"product-type-variable"},"acf":[],"_links":{"self":[{"href":"https:\/\/cultivers.es\/fr\/wp-json\/wp\/v2\/product\/19050","targetHints":{"allow":["GET"]}}],"collection":[{"href":"https:\/\/cultivers.es\/fr\/wp-json\/wp\/v2\/product"}],"about":[{"href":"https:\/\/cultivers.es\/fr\/wp-json\/wp\/v2\/types\/product"}],"replies":[{"embeddable":true,"href":"https:\/\/cultivers.es\/fr\/wp-json\/wp\/v2\/comments?post=19050"}],"wp:featuredmedia":[{"embeddable":true,"href":"https:\/\/cultivers.es\/fr\/wp-json\/wp\/v2\/media\/13409"}],"wp:attachment":[{"href":"https:\/\/cultivers.es\/fr\/wp-json\/wp\/v2\/media?parent=19050"}],"wp:term":[{"taxonomy":"product_brand","embeddable":true,"href":"https:\/\/cultivers.es\/fr\/wp-json\/wp\/v2\/product_brand?post=19050"},{"taxonomy":"product_cat","embeddable":true,"href":"https:\/\/cultivers.es\/fr\/wp-json\/wp\/v2\/product_cat?post=19050"},{"taxonomy":"product_tag","embeddable":true,"href":"https:\/\/cultivers.es\/fr\/wp-json\/wp\/v2\/product_tag?post=19050"},{"taxonomy":"woo-feed-brand","embeddable":true,"href":"https:\/\/cultivers.es\/fr\/wp-json\/wp\/v2\/woo-feed-brand?post=19050"}],"curies":[{"name":"wp","href":"https:\/\/api.w.org\/{rel}","templated":true}]}}