{"id":19060,"date":"2021-12-21T14:34:10","date_gmt":"2021-12-21T14:34:10","guid":{"rendered":"https:\/\/cultivers.es\/abonos\/sulfate-de-potassium\/"},"modified":"2025-09-22T04:39:43","modified_gmt":"2025-09-22T04:39:43","slug":"sulfate-de-potassium","status":"publish","type":"product","link":"https:\/\/cultivers.es\/fr\/abonnements\/sulfate-de-potassium\/","title":{"rendered":"Sulfate de potassium"},"content":{"rendered":"<p class=\"p1\">Le <b>sulfate de potassium <\/b>(K2SO4) est le sel de potassium de l&rsquo;acide sulfurique sous la forme d&rsquo;une poudre blanche soluble dans l&rsquo;eau. Engrais <b>pour la<\/b> culture des plantes, en particulier des plantes aquatiques, car <b>il<\/b> ne contient pas de chlore. Il combine deux \u00e9l\u00e9ments nutritifs essentiels : le <b>potassium<\/b> et le soufre, tous deux assimilables par <b>les<\/b> plantes. La teneur \u00e9lev\u00e9e en potassium et en soufre am\u00e9liore la qualit\u00e9 et augmente les rendements. Le potassium am\u00e9liore le r\u00e9gime hydrique des plantes, active un certain nombre d&rsquo;enzymes qui contribuent au m\u00e9tabolisme de l&rsquo;azote. Augmente la teneur en prot\u00e9ines et en gluten (dans les c\u00e9r\u00e9ales), am\u00e9liore l&rsquo;activit\u00e9 de la photosynth\u00e8se et draine la digestion. Rend les plantes r\u00e9sistantes au stress et \u00e0 la verse. Le soufre est essentiel \u00e0 la synth\u00e8se des prot\u00e9ines et au fonctionnement des enzymes.<span class=\"Apple-converted-space\">  <\/span>Compatible avec la plupart des engrais, \u00e0 l&rsquo;exception des engrais calciques, car il produit des pr\u00e9cipit\u00e9s insolubles de sulfate de calcium. Compatible avec une large gamme d&rsquo;autres solutions de nutrition des cultures.<\/p>\n<p class=\"p2\">Stimule la teneur en eau des cellules, am\u00e9liore la teneur en eau des cellules, am\u00e9liore la teneur en eau des cellules, am\u00e9liore la teneur en eau des cellules, am\u00e9liore la teneur en eau des cellules, am\u00e9liore la teneur en eau des cellules.<span class=\"Apple-converted-space\">  <\/span>l&rsquo;engraissement et la qualit\u00e9 des fruits. Meilleure conservation des fruits et l\u00e9gumes.<\/p>\n<p class=\"p2\">Il contribue \u00e0 la r\u00e9sistance au froid des plantes en r\u00e9gulant la concentration en sel des sucs cellulaires.<\/p>\n<p class=\"p2\">Le potassium et l&rsquo;azote sont de bons amis, de sorte qu&rsquo;un plan d&rsquo;engrais riche en potassium favorisera l&rsquo;absorption de l&rsquo;azote.<\/p>\n","protected":false},"excerpt":{"rendered":"<ul class=\"a-unordered-list a-vertical a-spacing-mini\">\n<li><span class=\"a-list-item\">Engrais NPK 0-0-50. Engrais pour plantes de jardin et plantes d&rsquo;aquarium. Il ne laisse aucun r\u00e9sidu. Sans chlore.<\/span><\/li>\n<li><span class=\"a-list-item\">Aide \u00e0 r\u00e9duire le pH \u00e0 la surface des racines dans les sols alcalins et salins. Convient aux zones pr\u00e9sentant un risque de salinit\u00e9.<\/span><\/li>\n<li><span class=\"a-list-item\">Augmente la production agricole, engrais soluble dans l&rsquo;eau qui apporte du potassium et du soufre aux cultures. Am\u00e9liore la disponibilit\u00e9 du phosphore, du fer et d&rsquo;autres micronutriments.<\/span><\/li>\n<li><span class=\"a-list-item\">DOSE : 0,5\/1 g par litre d&rsquo;eau. Appliquer tous les quinze jours pour un maximum de 4 utilisations par saison. Application d&rsquo;eau d&rsquo;irrigation 2,5\/5 g par litre d&rsquo;eau.<\/span><\/li>\n<li><span class=\"a-list-item\">Stimule la teneur en eau des cellules, am\u00e9liore l&rsquo;engraissement et la qualit\u00e9 des fruits. Meilleure conservation des fruits et l\u00e9gumes. Il contribue \u00e0 la r\u00e9sistance au froid des plantes en r\u00e9gulant la concentration en sel des sucs cellulaires.<\/span><\/li>\n<\/ul>\n","protected":false},"featured_media":12884,"comment_status":"open","ping_status":"closed","template":"","meta":{"_acf_changed":false},"product_brand":[],"product_cat":[569,710],"product_tag":[1563],"woo-feed-brand":[],"class_list":{"0":"post-19060","1":"product","2":"type-product","3":"status-publish","4":"has-post-thumbnail","6":"product_cat-correcteurs-de-carence","7":"product_cat-maturation-et-engraissement-fr","8":"product_tag-ecocert-fr","10":"first","11":"instock","12":"taxable","13":"shipping-taxable","14":"purchasable","15":"product-type-variable"},"acf":[],"_links":{"self":[{"href":"https:\/\/cultivers.es\/fr\/wp-json\/wp\/v2\/product\/19060","targetHints":{"allow":["GET"]}}],"collection":[{"href":"https:\/\/cultivers.es\/fr\/wp-json\/wp\/v2\/product"}],"about":[{"href":"https:\/\/cultivers.es\/fr\/wp-json\/wp\/v2\/types\/product"}],"replies":[{"embeddable":true,"href":"https:\/\/cultivers.es\/fr\/wp-json\/wp\/v2\/comments?post=19060"}],"wp:featuredmedia":[{"embeddable":true,"href":"https:\/\/cultivers.es\/fr\/wp-json\/wp\/v2\/media\/12884"}],"wp:attachment":[{"href":"https:\/\/cultivers.es\/fr\/wp-json\/wp\/v2\/media?parent=19060"}],"wp:term":[{"taxonomy":"product_brand","embeddable":true,"href":"https:\/\/cultivers.es\/fr\/wp-json\/wp\/v2\/product_brand?post=19060"},{"taxonomy":"product_cat","embeddable":true,"href":"https:\/\/cultivers.es\/fr\/wp-json\/wp\/v2\/product_cat?post=19060"},{"taxonomy":"product_tag","embeddable":true,"href":"https:\/\/cultivers.es\/fr\/wp-json\/wp\/v2\/product_tag?post=19060"},{"taxonomy":"woo-feed-brand","embeddable":true,"href":"https:\/\/cultivers.es\/fr\/wp-json\/wp\/v2\/woo-feed-brand?post=19060"}],"curies":[{"name":"wp","href":"https:\/\/api.w.org\/{rel}","templated":true}]}}