{"id":19124,"date":"2023-06-06T07:51:18","date_gmt":"2023-06-06T07:51:18","guid":{"rendered":"https:\/\/cultivers.es\/abonos\/boost\/"},"modified":"2025-09-22T05:39:09","modified_gmt":"2025-09-22T05:39:09","slug":"stimuler","status":"publish","type":"product","link":"https:\/\/cultivers.es\/fr\/abonnements\/stimuler\/","title":{"rendered":"BOOST"},"content":{"rendered":"<p data-start=\"1499\" data-end=\"1776\">Cultivers a mis au point une solution avanc\u00e9e pour les producteurs qui souhaitent <strong data-start=\"1576\" data-end=\"1642\">obtenir des r\u00e9sultats sup\u00e9rieurs en mati\u00e8re d&rsquo;engraissement et de maturation des fruits<\/strong>. Cet engrais d&rsquo;engraissement a \u00e9t\u00e9 con\u00e7u pour am\u00e9liorer la <strong data-start=\"1698\" data-end=\"1726\">qualit\u00e9 et le rendement des<\/strong> cultures, m\u00eame dans des conditions d\u00e9favorables. <\/p>\n<p data-start=\"1778\" data-end=\"2127\">L&rsquo;un de ses principaux avantages est sa capacit\u00e9 \u00e0 <strong data-start=\"1831\" data-end=\"1871\">assurer un apport optimal en potassium<\/strong>, essentiel pour une nutrition durable. Gr\u00e2ce \u00e0 cela, le produit am\u00e9liore la <strong data-start=\"1950\" data-end=\"1969\">fixation du CO\u2082,<\/strong> ce qui se traduit par une plus grande efficacit\u00e9 photosynth\u00e9tique et une augmentation de la mati\u00e8re s\u00e8che, cl\u00e9 pour obtenir des fruits plus sucr\u00e9s et mieux conserv\u00e9s en post-r\u00e9colte. <\/p>\n<p data-start=\"2129\" data-end=\"2405\">Lors de son utilisation, les agriculteurs ont observ\u00e9 qu&rsquo;il <strong data-start=\"2180\" data-end=\"2247\">am\u00e9liorait la taille des fruits et la qualit\u00e9 finale de la r\u00e9colte<\/strong>, tout en r\u00e9duisant le besoin d&rsquo;autres min\u00e9raux. Il devient un alli\u00e9 id\u00e9al lorsque l&rsquo;on cherche \u00e0 augmenter la productivit\u00e9 sans compromettre la sant\u00e9 des cultures. <\/p>\n<p data-start=\"2407\" data-end=\"2757\">De plus, Cultivers BOOST <strong data-start=\"2431\" data-end=\"2499\">renforce la r\u00e9sistance des plantes aux stress abiotiques<\/strong> tels que la s\u00e9cheresse, la salinit\u00e9 et les temp\u00e9ratures extr\u00eames, prot\u00e9geant ainsi la culture et \u00e9vitant les pertes. Sa formulation agit \u00e9galement sur le m\u00e9tabolisme de la plante, en aidant \u00e0 <strong data-start=\"2662\" data-end=\"2705\">r\u00e9guler l&rsquo;\u00e9quilibre des sucres et des graisses<\/strong>, ce qui se traduit par une meilleure qualit\u00e9 nutritionnelle. <\/p>\n<p data-start=\"2759\" data-end=\"2958\">Cet engrais d&rsquo;engraissement offre \u00e9galement une <strong data-start=\"2797\" data-end=\"2850\">excellente synergie avec les solutions biotechnologiques<\/strong>, optimisant la r\u00e9ponse agronomique et am\u00e9liorant l&rsquo;adaptation des cultures aux diff\u00e9rents stades ph\u00e9nologiques.<\/p>\n<p data-start=\"2960\" data-end=\"3135\">Avec son application facile et s\u00fbre, BOOST se positionne comme <strong data-start=\"3018\" data-end=\"3072\">le choix professionnel de l&rsquo;agriculteur moderne<\/strong>, garantissant des performances, une qualit\u00e9 et une protection sans compromis.<\/p>\n","protected":false},"excerpt":{"rendered":"<p>D\u00e9couvrez BOOST, l&rsquo;alli\u00e9 parfait pour favoriser l&rsquo;engraissement, la maturation et la protection de vos fruits et baies. Ce produit avanc\u00e9 est sp\u00e9cialement con\u00e7u pour fournir des r\u00e9sultats exceptionnels en favorisant une croissance saine et en prot\u00e9geant les cultures contre le stress abiotique, garantissant ainsi une production de haute qualit\u00e9.<\/p>\n<ul>\n<li>Stimule l&rsquo;engraissement et la maturation<\/li>\n<li>Protection contre le stress abiotique<\/li>\n<li>Am\u00e9liore la qualit\u00e9 et le go\u00fbt<\/li>\n<li>Application facile<\/li>\n<li>S\u00fbre et efficace<\/li>\n<\/ul>\n","protected":false},"featured_media":33697,"comment_status":"open","ping_status":"closed","template":"","meta":{"_acf_changed":false},"product_brand":[],"product_cat":[522,577,463,1272,710,523,461,357,574,573],"product_tag":[],"class_list":{"0":"post-19124","1":"product","2":"type-product","3":"status-publish","4":"has-post-thumbnail","6":"product_cat-agrumes","7":"product_cat-arbres-fruitiers","8":"product_cat-biostimulants-fr","9":"product_cat-engrais-recommandes","10":"product_cat-maturation-et-engraissement-fr","11":"product_cat-olivier","12":"product_cat-substances-de-base","13":"product_cat-tomates","14":"product_cat-tropical-fr","15":"product_cat-verger","17":"first","18":"instock","19":"taxable","20":"shipping-taxable","21":"purchasable","22":"product-type-variable"},"acf":[],"_links":{"self":[{"href":"https:\/\/cultivers.es\/fr\/wp-json\/wp\/v2\/product\/19124","targetHints":{"allow":["GET"]}}],"collection":[{"href":"https:\/\/cultivers.es\/fr\/wp-json\/wp\/v2\/product"}],"about":[{"href":"https:\/\/cultivers.es\/fr\/wp-json\/wp\/v2\/types\/product"}],"replies":[{"embeddable":true,"href":"https:\/\/cultivers.es\/fr\/wp-json\/wp\/v2\/comments?post=19124"}],"wp:featuredmedia":[{"embeddable":true,"href":"https:\/\/cultivers.es\/fr\/wp-json\/wp\/v2\/media\/33697"}],"wp:attachment":[{"href":"https:\/\/cultivers.es\/fr\/wp-json\/wp\/v2\/media?parent=19124"}],"wp:term":[{"taxonomy":"product_brand","embeddable":true,"href":"https:\/\/cultivers.es\/fr\/wp-json\/wp\/v2\/product_brand?post=19124"},{"taxonomy":"product_cat","embeddable":true,"href":"https:\/\/cultivers.es\/fr\/wp-json\/wp\/v2\/product_cat?post=19124"},{"taxonomy":"product_tag","embeddable":true,"href":"https:\/\/cultivers.es\/fr\/wp-json\/wp\/v2\/product_tag?post=19124"}],"curies":[{"name":"wp","href":"https:\/\/api.w.org\/{rel}","templated":true}]}}