{"id":19184,"date":"2023-01-31T20:51:36","date_gmt":"2023-01-31T20:51:36","guid":{"rendered":"https:\/\/cultivers.es\/abonos\/coniferes-et-haies-anti-brunissement\/"},"modified":"2026-03-19T07:05:11","modified_gmt":"2026-03-19T07:05:11","slug":"contre-le-brunissement-des-coniferes-et-des-haies","status":"publish","type":"product","link":"https:\/\/cultivers.es\/fr\/abonnements\/contre-le-brunissement-des-coniferes-et-des-haies\/","title":{"rendered":"Conif\u00e8res et haies anti-brunissement"},"content":{"rendered":"<p>Engrais pr\u00e9ventif et curatif id\u00e9al pour les conif\u00e8res, sapins, pins, c\u00e8dres, thuyas, cypr\u00e8s, etc. Active la formation de feuilles vertes. Corrige les carences en magn\u00e9sium. Le jaunissement et le brunissement qui s&rsquo;ensuit sont dus \u00e0 un manque de magn\u00e9sium. Pr\u00e9ventive et curative, elle active la formation des feuilles vertes et am\u00e9liore leur efficacit\u00e9.<\/p>\n","protected":false},"excerpt":{"rendered":"<ul class=\"a-unordered-list a-vertical a-spacing-mini\">\n<li><span class=\"a-list-item\">Pr\u00e9ventif et curatif lors de l&rsquo;apparition de colorations brunes dues \u00e0 une carence en magn\u00e9sium affectant les pins, les sapins, les thuyas.<\/span><\/li>\n<li><span class=\"a-list-item\">Engrais naturel EC. Peut \u00eatre dilu\u00e9 dans de l&rsquo;eau pour \u00eatre utilis\u00e9 avec un pulv\u00e9risateur ou un arrosoir.<\/span><\/li>\n<li><span class=\"a-list-item\">Active la formation de feuilles vertes sur les conif\u00e8res, les sapins, les pins, les thuyas, les cypr\u00e8s. Acc\u00e9l\u00e8re la croissance.<\/span><\/li>\n<li><span class=\"a-list-item\">La carence en magn\u00e9sium provoque un jaunissement puis un brunissement qui commence \u00e0 l&rsquo;extr\u00e9mit\u00e9 des feuilles et s&rsquo;\u00e9tend jusqu&rsquo;\u00e0 la branche.<\/span><\/li>\n<li><span class=\"a-list-item\">100% naturel et inoffensif pour les animaux et les plantes.<\/span><\/li>\n<\/ul>\n","protected":false},"featured_media":16624,"comment_status":"open","ping_status":"closed","template":"","meta":{"_acf_changed":false},"product_brand":[],"product_cat":[313,569],"product_tag":[],"class_list":{"0":"post-19184","1":"product","2":"type-product","3":"status-publish","4":"has-post-thumbnail","6":"product_cat-coniferes-et-haies","7":"product_cat-correcteurs-de-carence","9":"first","10":"instock","11":"taxable","12":"shipping-taxable","13":"purchasable","14":"product-type-variable"},"acf":[],"_links":{"self":[{"href":"https:\/\/cultivers.es\/fr\/wp-json\/wp\/v2\/product\/19184","targetHints":{"allow":["GET"]}}],"collection":[{"href":"https:\/\/cultivers.es\/fr\/wp-json\/wp\/v2\/product"}],"about":[{"href":"https:\/\/cultivers.es\/fr\/wp-json\/wp\/v2\/types\/product"}],"replies":[{"embeddable":true,"href":"https:\/\/cultivers.es\/fr\/wp-json\/wp\/v2\/comments?post=19184"}],"wp:featuredmedia":[{"embeddable":true,"href":"https:\/\/cultivers.es\/fr\/wp-json\/wp\/v2\/media\/16624"}],"wp:attachment":[{"href":"https:\/\/cultivers.es\/fr\/wp-json\/wp\/v2\/media?parent=19184"}],"wp:term":[{"taxonomy":"product_brand","embeddable":true,"href":"https:\/\/cultivers.es\/fr\/wp-json\/wp\/v2\/product_brand?post=19184"},{"taxonomy":"product_cat","embeddable":true,"href":"https:\/\/cultivers.es\/fr\/wp-json\/wp\/v2\/product_cat?post=19184"},{"taxonomy":"product_tag","embeddable":true,"href":"https:\/\/cultivers.es\/fr\/wp-json\/wp\/v2\/product_tag?post=19184"}],"curies":[{"name":"wp","href":"https:\/\/api.w.org\/{rel}","templated":true}]}}