{"id":19207,"date":"2023-06-06T06:53:07","date_gmt":"2023-06-06T06:53:07","guid":{"rendered":"https:\/\/cultivers.es\/abonos\/melange-profond\/"},"modified":"2025-09-22T05:38:55","modified_gmt":"2025-09-22T05:38:55","slug":"deep-mix","status":"publish","type":"product","link":"https:\/\/cultivers.es\/fr\/abonnements\/deep-mix\/","title":{"rendered":"M\u00e9lange profond"},"content":{"rendered":"<p>D\u00e9couvrez Deep Mix, une solution r\u00e9volutionnaire pour am\u00e9liorer la sant\u00e9 et la performance de vos cultures en agriculture et en jardinage urbain. Cet optimiseur de traitement foliaire innovant est con\u00e7u pour maximiser l&rsquo;absorption et l&rsquo;efficacit\u00e9 des produits phytosanitaires et nutritionnels, garantissant ainsi des r\u00e9sultats exceptionnels.<\/p>\n<p>Am\u00e9liorez vos cultures d\u00e8s maintenant ! D\u00e9couvrez les avantages du Deep Mix et obtenez des r\u00e9coltes abondantes et saines. Boostez vos traitements foliaires et assurez la r\u00e9ussite de votre agriculture et de votre jardin urbain.<\/p>\n<ul>\n<li>Am\u00e9lioration de l&rsquo;absorption des nutriments<\/li>\n<li>Renforcer l&rsquo;efficacit\u00e9 des traitements<\/li>\n<li>Am\u00e9lioration des performances et de la qualit\u00e9<\/li>\n<li>Facile \u00e0 utiliser<\/li>\n<\/ul>\n","protected":false},"excerpt":{"rendered":"<p>Am\u00e9liorez la sant\u00e9 de vos plantes et maximisez les r\u00e9sultats de vos traitements foliaires avec Deep Mix. Optimisez le potentiel de vos cultures et profitez d&rsquo;une agriculture urbaine et d&rsquo;un jardinage r\u00e9ussis. Augmentez votre production et d\u00e9veloppez vos activit\u00e9s en toute confiance !<\/p>\n","protected":false},"featured_media":16694,"comment_status":"open","ping_status":"closed","template":"","meta":{"_acf_changed":false},"product_brand":[],"product_cat":[570],"product_tag":[],"woo-feed-brand":[],"class_list":{"0":"post-19207","1":"product","2":"type-product","3":"status-publish","4":"has-post-thumbnail","6":"product_cat-bioprotecteurs","8":"first","9":"instock","10":"taxable","11":"shipping-taxable","12":"purchasable","13":"product-type-variable"},"acf":[],"_links":{"self":[{"href":"https:\/\/cultivers.es\/fr\/wp-json\/wp\/v2\/product\/19207","targetHints":{"allow":["GET"]}}],"collection":[{"href":"https:\/\/cultivers.es\/fr\/wp-json\/wp\/v2\/product"}],"about":[{"href":"https:\/\/cultivers.es\/fr\/wp-json\/wp\/v2\/types\/product"}],"replies":[{"embeddable":true,"href":"https:\/\/cultivers.es\/fr\/wp-json\/wp\/v2\/comments?post=19207"}],"wp:featuredmedia":[{"embeddable":true,"href":"https:\/\/cultivers.es\/fr\/wp-json\/wp\/v2\/media\/16694"}],"wp:attachment":[{"href":"https:\/\/cultivers.es\/fr\/wp-json\/wp\/v2\/media?parent=19207"}],"wp:term":[{"taxonomy":"product_brand","embeddable":true,"href":"https:\/\/cultivers.es\/fr\/wp-json\/wp\/v2\/product_brand?post=19207"},{"taxonomy":"product_cat","embeddable":true,"href":"https:\/\/cultivers.es\/fr\/wp-json\/wp\/v2\/product_cat?post=19207"},{"taxonomy":"product_tag","embeddable":true,"href":"https:\/\/cultivers.es\/fr\/wp-json\/wp\/v2\/product_tag?post=19207"},{"taxonomy":"woo-feed-brand","embeddable":true,"href":"https:\/\/cultivers.es\/fr\/wp-json\/wp\/v2\/woo-feed-brand?post=19207"}],"curies":[{"name":"wp","href":"https:\/\/api.w.org\/{rel}","templated":true}]}}