{"id":19212,"date":"2022-12-23T13:48:46","date_gmt":"2022-12-23T13:48:46","guid":{"rendered":"https:\/\/cultivers.es\/abonos\/farine-de-plumes\/"},"modified":"2025-09-22T04:45:11","modified_gmt":"2025-09-22T04:45:11","slug":"farine-de-plumes","status":"publish","type":"product","link":"https:\/\/cultivers.es\/fr\/abonnements\/farine-de-plumes\/","title":{"rendered":"Farine de plumes"},"content":{"rendered":"<p>La farine de plumes peut \u00eatre utilis\u00e9e en agriculture et constitue une source d&rsquo;azote et d&rsquo;acides amin\u00e9s, avec 85 % de mati\u00e8re organique et plus de 49 % de carbone organique, ce qui constitue un bon engrais pour nos plantes. La farine de plumes est un engrais organique \u00e0 forte teneur en azote, qui favorise la croissance des racines, des tiges et des feuilles. Elle est id\u00e9ale pour les vergers biologiques, les arbres \u00e0 fleurs et \u00e0 fruits et les plantes ornementales.<\/p>\n<p>De plus, gr\u00e2ce \u00e0 l&rsquo;utilisation de la technologie d&rsquo;hydrolyse \u00e0 temp\u00e9rature, pression et enzymes, les mol\u00e9cules d&rsquo;acides amin\u00e9s sont rendues suffisamment petites pour \u00eatre absorb\u00e9es par la racine de la plante.<\/p>\n<p>Une autre caract\u00e9ristique de la farine de plumes est que son azote se lib\u00e8re lentement, contrairement \u00e0 la farine de sang, qui se lib\u00e8re plus rapidement. En outre, cet azote, qui se d\u00e9compose lentement, est utile pour activer la d\u00e9composition des r\u00e9sidus v\u00e9g\u00e9taux dans le compost.<\/p>\n","protected":false},"excerpt":{"rendered":"<div class=\"page\" title=\"Page 1\">\n<div class=\"section\">\n<div class=\"layoutArea\">\n<div class=\"column\">\n<p>Farine de Pluma. Engrais organique d&rsquo;origine animale \u00e0 forte teneur en azote et \u00e0 lib\u00e9ration lente<\/p>\n<p>Favorise la croissance des racines, des tiges et des feuilles, id\u00e9al pour les potagers biologiques, les arbres \u00e0 fleurs et \u00e0 fruits et les plantes ornementales.<\/p>\n<p>Active la d\u00e9composition des r\u00e9sidus v\u00e9g\u00e9taux dans le compost.<\/p>\n<p>L&rsquo;utilisation de la technologie de l&rsquo;hydrolyse avec la temp\u00e9rature, la pression et les enzymes permet de rendre les mol\u00e9cules d&rsquo;acides amin\u00e9s suffisamment petites pour \u00eatre absorb\u00e9es par la racine de la plante.<\/p>\n<p>Dosage g\u00e9n\u00e9ral : appliquer 40 grammes par m\u00e8tre carr\u00e9 toutes les 3 semaines ou selon les besoins de la culture.<\/p>\n<\/div>\n<\/div>\n<\/div>\n<\/div>\n","protected":false},"featured_media":16484,"comment_status":"open","ping_status":"closed","template":"","meta":{"_acf_changed":false},"product_brand":[],"product_cat":[687],"product_tag":[],"woo-feed-brand":[],"class_list":{"0":"post-19212","1":"product","2":"type-product","3":"status-publish","4":"has-post-thumbnail","6":"product_cat-matieres-premieres","8":"first","9":"outofstock","10":"taxable","11":"shipping-taxable","12":"purchasable","13":"product-type-variable","14":"has-default-attributes"},"acf":[],"_links":{"self":[{"href":"https:\/\/cultivers.es\/fr\/wp-json\/wp\/v2\/product\/19212","targetHints":{"allow":["GET"]}}],"collection":[{"href":"https:\/\/cultivers.es\/fr\/wp-json\/wp\/v2\/product"}],"about":[{"href":"https:\/\/cultivers.es\/fr\/wp-json\/wp\/v2\/types\/product"}],"replies":[{"embeddable":true,"href":"https:\/\/cultivers.es\/fr\/wp-json\/wp\/v2\/comments?post=19212"}],"wp:featuredmedia":[{"embeddable":true,"href":"https:\/\/cultivers.es\/fr\/wp-json\/wp\/v2\/media\/16484"}],"wp:attachment":[{"href":"https:\/\/cultivers.es\/fr\/wp-json\/wp\/v2\/media?parent=19212"}],"wp:term":[{"taxonomy":"product_brand","embeddable":true,"href":"https:\/\/cultivers.es\/fr\/wp-json\/wp\/v2\/product_brand?post=19212"},{"taxonomy":"product_cat","embeddable":true,"href":"https:\/\/cultivers.es\/fr\/wp-json\/wp\/v2\/product_cat?post=19212"},{"taxonomy":"product_tag","embeddable":true,"href":"https:\/\/cultivers.es\/fr\/wp-json\/wp\/v2\/product_tag?post=19212"},{"taxonomy":"woo-feed-brand","embeddable":true,"href":"https:\/\/cultivers.es\/fr\/wp-json\/wp\/v2\/woo-feed-brand?post=19212"}],"curies":[{"name":"wp","href":"https:\/\/api.w.org\/{rel}","templated":true}]}}