{"id":19213,"date":"2023-05-19T09:55:06","date_gmt":"2023-05-19T09:55:06","guid":{"rendered":"https:\/\/cultivers.es\/abonos\/paquet-pnp\/"},"modified":"2025-09-22T04:44:23","modified_gmt":"2025-09-22T04:44:23","slug":"nnp","status":"publish","type":"product","link":"https:\/\/cultivers.es\/fr\/abonnements\/nnp\/","title":{"rendered":"Paquet PNP"},"content":{"rendered":"<p>Ce pack comprend trois produits naturels puissants pour lutter contre les ravageurs et les maladies dans vos cultures. Ces trois produits combin\u00e9s offrent une solution compl\u00e8te et respectueuse de l&rsquo;environnement pour prot\u00e9ger vos plantes contre les parasites et les infections fongiques. Une utilisation r\u00e9guli\u00e8re permet de maintenir un jardin sain et sans probl\u00e8me, sans avoir recours \u00e0 des produits chimiques agressifs. Prenez soin de vos cultures de mani\u00e8re naturelle et respectueuse de l&rsquo;environnement avec ce pack complet d&rsquo;insecticides et de fongicides !<\/p>\n","protected":false},"excerpt":{"rendered":"<p>Ce pack comprend trois produits naturels puissants pour lutter contre les ravageurs et les maladies dans vos cultures. Ces trois produits combin\u00e9s offrent une solution compl\u00e8te et respectueuse de l&rsquo;environnement pour prot\u00e9ger vos plantes contre les parasites et les infections fongiques. Une utilisation r\u00e9guli\u00e8re permet de maintenir un jardin sain et sans probl\u00e8me, sans avoir [&hellip;]<\/p>\n","protected":false},"featured_media":16654,"comment_status":"open","ping_status":"closed","template":"","meta":{"_acf_changed":false},"product_brand":[],"product_cat":[570,460],"product_tag":[],"woo-feed-brand":[],"class_list":{"0":"post-19213","1":"product","2":"type-product","3":"status-publish","4":"has-post-thumbnail","6":"product_cat-bioprotecteurs","7":"product_cat-protection-des-cultures-et-des-plantes","9":"first","10":"instock","11":"taxable","12":"shipping-taxable","13":"purchasable","14":"product-type-variable"},"acf":[],"_links":{"self":[{"href":"https:\/\/cultivers.es\/fr\/wp-json\/wp\/v2\/product\/19213","targetHints":{"allow":["GET"]}}],"collection":[{"href":"https:\/\/cultivers.es\/fr\/wp-json\/wp\/v2\/product"}],"about":[{"href":"https:\/\/cultivers.es\/fr\/wp-json\/wp\/v2\/types\/product"}],"replies":[{"embeddable":true,"href":"https:\/\/cultivers.es\/fr\/wp-json\/wp\/v2\/comments?post=19213"}],"wp:featuredmedia":[{"embeddable":true,"href":"https:\/\/cultivers.es\/fr\/wp-json\/wp\/v2\/media\/16654"}],"wp:attachment":[{"href":"https:\/\/cultivers.es\/fr\/wp-json\/wp\/v2\/media?parent=19213"}],"wp:term":[{"taxonomy":"product_brand","embeddable":true,"href":"https:\/\/cultivers.es\/fr\/wp-json\/wp\/v2\/product_brand?post=19213"},{"taxonomy":"product_cat","embeddable":true,"href":"https:\/\/cultivers.es\/fr\/wp-json\/wp\/v2\/product_cat?post=19213"},{"taxonomy":"product_tag","embeddable":true,"href":"https:\/\/cultivers.es\/fr\/wp-json\/wp\/v2\/product_tag?post=19213"},{"taxonomy":"woo-feed-brand","embeddable":true,"href":"https:\/\/cultivers.es\/fr\/wp-json\/wp\/v2\/woo-feed-brand?post=19213"}],"curies":[{"name":"wp","href":"https:\/\/api.w.org\/{rel}","templated":true}]}}