{"id":19218,"date":"2022-12-19T11:26:32","date_gmt":"2022-12-19T11:26:32","guid":{"rendered":"https:\/\/cultivers.es\/abonos\/paquet-de-6-graines-aromatiques-biologiques-et-6-fleurs-comestibles-biologiques-engrais-et-traitements\/"},"modified":"2025-09-22T05:17:07","modified_gmt":"2025-09-22T05:17:07","slug":"pack-6-aromatique-et-6-fleurs-alimentaires-ecologiques-engrais-et-traitements-paquets-de-semences","status":"publish","type":"product","link":"https:\/\/cultivers.es\/fr\/abonnements\/pack-6-aromatique-et-6-fleurs-alimentaires-ecologiques-engrais-et-traitements-paquets-de-semences\/","title":{"rendered":"Paquet de 6 graines aromatiques et 6 fleurs comestibles \/ Engrais et traitements"},"content":{"rendered":"<p><img loading=\"lazy\" decoding=\"async\" class=\"alignnone wp-image-6980\" src=\"https:\/\/cultivers.es\/wp-content\/uploads\/2022\/12\/12-AROMATICASFLORESCOMESTIBLES-300x134.jpg\" alt=\"\" width=\"1200\" height=\"536\" title=\"\" srcset=\"https:\/\/cultivers.es\/wp-content\/uploads\/2022\/12\/12-AROMATICASFLORESCOMESTIBLES-300x134.jpg 300w, https:\/\/cultivers.es\/wp-content\/uploads\/2022\/12\/12-AROMATICASFLORESCOMESTIBLES-scaled-600x268.jpg 600w, https:\/\/cultivers.es\/wp-content\/uploads\/2022\/12\/12-AROMATICASFLORESCOMESTIBLES-1024x458.jpg 1024w, https:\/\/cultivers.es\/wp-content\/uploads\/2022\/12\/12-AROMATICASFLORESCOMESTIBLES-768x343.jpg 768w, https:\/\/cultivers.es\/wp-content\/uploads\/2022\/12\/12-AROMATICASFLORESCOMESTIBLES-1536x687.jpg 1536w, https:\/\/cultivers.es\/wp-content\/uploads\/2022\/12\/12-AROMATICASFLORESCOMESTIBLES-2048x916.jpg 2048w, https:\/\/cultivers.es\/wp-content\/uploads\/2022\/12\/12-AROMATICASFLORESCOMESTIBLES-1080x483.jpg 1080w, https:\/\/cultivers.es\/wp-content\/uploads\/2022\/12\/12-AROMATICASFLORESCOMESTIBLES-1280x573.jpg 1280w, https:\/\/cultivers.es\/wp-content\/uploads\/2022\/12\/12-AROMATICASFLORESCOMESTIBLES-980x438.jpg 980w, https:\/\/cultivers.es\/wp-content\/uploads\/2022\/12\/12-AROMATICASFLORESCOMESTIBLES-480x215.jpg 480w\" sizes=\"auto, (max-width: 1200px) 100vw, 1200px\" \/><\/p>\n<p>&nbsp;<\/p>\n<p>Contenu de l&#8217;emballage :<br \/>\n<strong><br \/>\n6 SEMENCES DE FLEURS EDIBLES<\/strong><br \/>\nCosmos M\u00e9lange de couleurs<br \/>\nEchinacea<br \/>\nPens\u00e9e<br \/>\nTournesol g\u00e9ant<br \/>\nSureau bleu<br \/>\nSouci<\/p>\n<p><strong>6 GRAINES AROMATIQUES<\/strong><br \/>\nBasilic g\u00e9nois<br \/>\nCoriandre<br \/>\nPersil g\u00e9ant<br \/>\nCiboulette<br \/>\nThym<br \/>\nAneth<\/p>\n<p><strong>ENGRAIS ET TRAITEMENTS ORGANIQUES<\/strong><\/p>\n<p>1 l de m\u00e9lasse de canne<br \/>\n500 ml de triple action<br \/>\n1 l d&rsquo;acides amin\u00e9s<br \/>\n250 g d&rsquo;engrais NPK Guano<br \/>\n6 kg d&rsquo;humus de vers de terre<br \/>\n-- --<\/p>\n<p class=\"p1\"><strong><span class=\"s1\">Comment utiliser nos produits.<\/span><\/strong><\/p>\n<p>&nbsp;<\/p>\n<p class=\"p1\"><strong><span class=\"s1\">L&rsquo;HUMUS DE VERS DE TERRE ET LE COMPOST DE GUANO.<\/span><\/strong><\/p>\n<p class=\"p1\"><span class=\"s1\">1) Nous m\u00e9langeons votre substrat ou votre terre avec notre humus de vers et notre engrais NPK granul\u00e9 provenant du Guano. Selon les dimensions de l&#8217;emballage.<\/span><\/p>\n<p class=\"p1\"><span class=\"s1\">2. Une fois le m\u00e9lange pr\u00eat, l&rsquo;ajouter \u00e0 la marmite et bien m\u00e9langer jusqu&rsquo;\u00e0 ce qu&rsquo;il soit bien int\u00e9gr\u00e9. Dans le cas des pots, nous remplissons simplement les pots.<\/span><\/p>\n<p>&nbsp;<\/p>\n<p class=\"p1\"><strong><span class=\"s1\">AGRO MELAZA<\/span><\/strong><\/p>\n<p class=\"p3\"><span class=\"s2\">1. Lo <\/span><span class=\"s1\">utilisation<\/span><span class=\"s2\"> une fois que les plantes ont une taille d&rsquo;environ 10 cm, si on l&rsquo;utilise avant, on l&rsquo;utilisera \u00e0 1\/3 de ses doses.<\/span><\/p>\n<p class=\"p3\"><span class=\"s2\">2. Appliquer par voie racinaire, soit par <\/span><span class=\"s1\">fertigation<\/span><span class=\"s2\"> ou \u00e0 l&rsquo;aide d&rsquo;un tuyau d&rsquo;arrosage, les doses indiqu\u00e9es sur l&#8217;emballage tous les 15-21 jours.<\/span><\/p>\n<p class=\"p3\"><span class=\"s2\">3. Nous pouvons <\/span><span class=\"s1\">l&rsquo;utiliser<\/span><span class=\"s2\"> pendant tout le cycle de nos plantes.<\/span><\/p>\n<p>&nbsp;<\/p>\n<p class=\"p1\"><strong><span class=\"s1\">CH\u00c9LATE DE FER (CORRECTEUR DE CARENCE)<\/span><\/strong><\/p>\n<p class=\"p3\"><span class=\"s2\">1. nous pouvons <\/span><span class=\"s1\">l&rsquo;utiliser<\/span><span class=\"s2\"> pour corriger une carence en fer et pour la pr\u00e9venir.<\/span><\/p>\n<p class=\"p3\"><span class=\"s2\">2. Lo <\/span><span class=\"s1\">utiliser<\/span><span class=\"s2\"> toujours dans les doses recommand\u00e9es sur l&#8217;emballage.<\/span><\/p>\n<p class=\"p1\"><span class=\"s1\">3. Ce produit sera appliqu\u00e9 par voie racinaire sur nos cultures.<\/span><\/p>\n<p>&nbsp;<\/p>\n<p class=\"p1\"><strong><span class=\"s1\">TRIPLE ACTION (INSECTICIDE-ACARICIDE-FONGICIDE)<\/span><\/strong><\/p>\n<p class=\"p3\"><span class=\"s2\">1. Ce produit sera <\/span><span class=\"s1\">l&rsquo;utiliser<\/span><span class=\"s2\"> \u00e0 titre pr\u00e9ventif ou lorsque l&rsquo;organisme nuisible n&rsquo;est pas tr\u00e8s r\u00e9pandu.<\/span><\/p>\n<p class=\"p1\"><span class=\"s1\">2) En tant que produit biologique, il ne n\u00e9cessite pas de d\u00e9lai de gr\u00e2ce.<\/span><\/p>\n<p class=\"p1\"><span class=\"s1\">3. Comme il s&rsquo;agit d&rsquo;un produit \u00e0 utiliser, il n&rsquo;est pas n\u00e9cessaire de le m\u00e9langer avec de l&rsquo;eau, nous l&rsquo;appliquerons simplement sur nos cultures.<\/span><\/p>\n<p>&nbsp;<\/p>\n<p class=\"p1\"><strong><span class=\"s1\">ACIDES AMIN\u00c9S<\/span><\/strong><\/p>\n<p class=\"p1\"><span class=\"s1\">1. aide nos plantes \u00e0 pousser sans probl\u00e8me.<\/span><\/p>\n<p class=\"p3\"><span class=\"s2\">2. <\/span><span class=\"s1\">Vous remarquerez<\/span><span class=\"s2\"> que vos plantes sont <\/span><span class=\"s1\">plus<\/span><span class=\"s2\"> et vigoureuses, augmentant la floraison, la fructification et la productivit\u00e9 de vos plantes.<\/span><\/p>\n<p class=\"p3\"><span class=\"s2\">3. Nous appliquerons \u00e0 nos plantes des traitements <\/span><span class=\"s1\">foliaire<\/span><span class=\"s2\"> et racinaire, dans les doses indiqu\u00e9es sur l&#8217;emballage.<span class=\"Apple-converted-space\"> <\/span><\/span> <\/p>\n<p class=\"p1\"><span class=\"s1\">4. 2 \u00e0 3 applications pendant tout le cycle de nos plantes.<\/span><\/p>\n<p>&nbsp;<\/p>\n<p class=\"p1\"><strong><span class=\"s1\">ENGRAIS \u00c0 BASE D&rsquo;ALGUES<\/span><\/strong><\/p>\n<p class=\"p3\"><span class=\"s2\">1. <\/span><span class=\"s1\">Il aidera<\/span><span class=\"s2\"> nos cultures \u00e0 \u00eatre exemptes de stress.<\/span><\/p>\n<p class=\"p1\"><span class=\"s1\">2. Il contient \u00e9galement de l&rsquo;azote et du potassium, macro-\u00e9l\u00e9ments essentiels pour nos plantes.<\/span><\/p>\n<p class=\"p3\"><span class=\"s2\">3. Administrer \u00e0 nos cultures tous les 20 <\/span><span class=\"s1\">jours,<\/span><span class=\"s2\"> lorsque la plante est d\u00e9j\u00e0 <\/span><span class=\"s1\">est<\/span><span class=\"s2\">  avec environ 10 cm. S&rsquo;il s&rsquo;agit d&rsquo;un lit de semence, appliquer \u00bc de la dose recommand\u00e9e.<\/span><\/p>\n<p>&nbsp;<\/p>\n<p class=\"p5\"><strong><span class=\"s1\">CONSEILS POUR LA GERMINATION DES GRAINES<span class=\"Apple-converted-space\"> <\/span><\/span><\/strong><\/p>\n<p>&nbsp;<\/p>\n<p class=\"p7\"><span class=\"s1\">Irrigation. Pour germer, les graines doivent absorber de l&rsquo;eau.  <\/span><\/p>\n<p class=\"p7\"><span class=\"s1\">Temp\u00e9rature. Chaque esp\u00e8ce a sa propre temp\u00e9rature de germination qui doit \u00eatre atteinte et maintenue pour que les graines germent correctement.<\/span><\/p>\n<p class=\"p7\"><span class=\"s1\">L\u00e9ger. Au d\u00e9but de la germination, le besoin de lumi\u00e8re n&rsquo;est pas essentiel, mais apr\u00e8s la germination, il est essentiel que les semis disposent d&rsquo;une source de lumi\u00e8re correcte, et les lits de semences doivent donc \u00eatre plac\u00e9s dans un espace bien \u00e9clair\u00e9.<\/span><\/p>\n<p class=\"p5\"><span class=\"s2\">Semences pour une germination et une croissance correctes :  <\/span><\/p>\n<p class=\"p7\"><span class=\"s1\">Ils seront sem\u00e9s en temps voulu. Certaines esp\u00e8ces peuvent \u00eatre plant\u00e9es toute l&rsquo;ann\u00e9e, tandis que d&rsquo;autres doivent \u00eatre plant\u00e9es \u00e0 une p\u00e9riode sp\u00e9cifique de l&rsquo;ann\u00e9e.<\/span><\/p>\n<p class=\"p7\"><span class=\"s1\">Le substrat dans lequel elles germent doit retenir l&rsquo;humidit\u00e9 et l&rsquo;air, et \u00eatre riche en nutriments pour assurer leur croissance.<\/span><\/p>\n<p class=\"p7\"><span class=\"s1\">L&rsquo;humidit\u00e9 doit \u00eatre constante, en \u00e9vitant de trop arroser, car un exc\u00e8s d&rsquo;eau fait pourrir les graines ou les petites plantules.<\/span><\/p>\n","protected":false},"excerpt":{"rendered":"<p>Contenu de l&#8217;emballage :<br \/>\n<strong><br \/>\n 6 <\/strong><strong>SEMENCES DE FLEURS EDIBLES : <\/strong>Cosmos Mixed Colours, Echinacea, Pansy, Giant Sunflower, Blue Elder, Marigold<\/p>\n<p> 6<strong>SEMENCES AROMATIQUES<\/strong>: Basilic g\u00e9nois, coriandre, persil g\u00e9ant, ciboulette, thym, aneth<\/p>\n<p><strong>ENGRAIS ET TRAITEMENTS BIOLOGIQUES : <\/strong>1 l de m\u00e9lasse de canne, 1 l de triple action, 1 l d&rsquo;acides amin\u00e9s, 250 g d&rsquo;engrais NPK Guano, 6 kg d&rsquo;humus de vers de terre.<\/p>\n","protected":false},"featured_media":16369,"comment_status":"open","ping_status":"closed","template":"","meta":{"_acf_changed":false},"product_brand":[],"product_cat":[424],"product_tag":[1579],"class_list":{"0":"post-19218","1":"product","2":"type-product","3":"status-publish","4":"has-post-thumbnail","6":"product_cat-semences-biologiques","7":"product_tag-eco","9":"first","10":"instock","11":"taxable","12":"shipping-taxable","13":"purchasable","14":"product-type-simple"},"acf":[],"_links":{"self":[{"href":"https:\/\/cultivers.es\/fr\/wp-json\/wp\/v2\/product\/19218","targetHints":{"allow":["GET"]}}],"collection":[{"href":"https:\/\/cultivers.es\/fr\/wp-json\/wp\/v2\/product"}],"about":[{"href":"https:\/\/cultivers.es\/fr\/wp-json\/wp\/v2\/types\/product"}],"replies":[{"embeddable":true,"href":"https:\/\/cultivers.es\/fr\/wp-json\/wp\/v2\/comments?post=19218"}],"wp:featuredmedia":[{"embeddable":true,"href":"https:\/\/cultivers.es\/fr\/wp-json\/wp\/v2\/media\/16369"}],"wp:attachment":[{"href":"https:\/\/cultivers.es\/fr\/wp-json\/wp\/v2\/media?parent=19218"}],"wp:term":[{"taxonomy":"product_brand","embeddable":true,"href":"https:\/\/cultivers.es\/fr\/wp-json\/wp\/v2\/product_brand?post=19218"},{"taxonomy":"product_cat","embeddable":true,"href":"https:\/\/cultivers.es\/fr\/wp-json\/wp\/v2\/product_cat?post=19218"},{"taxonomy":"product_tag","embeddable":true,"href":"https:\/\/cultivers.es\/fr\/wp-json\/wp\/v2\/product_tag?post=19218"}],"curies":[{"name":"wp","href":"https:\/\/api.w.org\/{rel}","templated":true}]}}