{"id":19229,"date":"2022-12-23T13:40:28","date_gmt":"2022-12-23T13:40:28","guid":{"rendered":"https:\/\/cultivers.es\/abonos\/correcteur-calcique-vegetal\/"},"modified":"2025-09-22T05:17:05","modified_gmt":"2025-09-22T05:17:05","slug":"correcteur-calcium-legumes","status":"publish","type":"product","link":"https:\/\/cultivers.es\/fr\/abonnements\/correcteur-calcium-legumes\/","title":{"rendered":"Correcteur calcique v\u00e9g\u00e9tal"},"content":{"rendered":"<p><b>Calcium<\/b> disponible pour la plante. Niveau de micronisation \u00e9lev\u00e9 (0,02 mm). Apport de magn\u00e9sium (maintien du rapport 10\/1, Ca\/M) <strong>Am\u00e9liore la structure du sol<\/strong>. Maintient et am\u00e9liore la capacit\u00e9 d&rsquo;\u00e9change cationique (CEC). Am\u00e9lioration du lessivage, du drainage et de l&rsquo;a\u00e9ration. Aussi bien dans les sols acides que dans les sols basiques. <strong>Correcteur de salinit\u00e9 pour les<\/strong> sols alcalins en raison du sodium et du pH alcalin. <b>Apport de NPK<\/b>. <strong>Pr\u00e9vient la perte de sol<\/strong> due \u00e0 l&rsquo;\u00e9rosion et maintient la structure du complexe argilo-humique. <strong>Apport de mati\u00e8re organique<\/strong>. <strong>Activit\u00e9 fortifiante<\/strong> pour les plantes. Apport d&rsquo;<strong>acides organiques<\/strong> ayant des caract\u00e9ristiques biostimulantes<strong>. <\/strong><strong>Correcteur de ph.<\/strong><\/p>\n<p>&nbsp;<\/p>\n","protected":false},"excerpt":{"rendered":"<p>Apport en calcium. Haut niveau de micronisation. Correcteur calcique organique pour les plantes, \u00e0 appliquer dans le sol.<\/p>\n<p>Am\u00e9liore la structure du sol. Maintient et am\u00e9liore la capacit\u00e9 d&rsquo;\u00e9change cationique (CEC). Am\u00e9liore le lessivage, le drainage et l&rsquo;a\u00e9ration des sols acides et basiques.<\/p>\n<p>Apporte de la mati\u00e8re organique Agit comme un correcteur de salinit\u00e9 pour les sols sodiques \u00e0 pH alcalin. Pr\u00e9vient la perte de sol par \u00e9rosion et maintient la structure du complexe argilo-humique.<\/p>\n<p>Il fournit du NPK comme seule source et r\u00e9duit la dose d&rsquo;engrais traditionnels.<\/p>\n<p>Agit comme un correcteur de pH Contribue \u00e0 am\u00e9liorer le d\u00e9veloppement des plantes. Fournit des acides organiques avec des caract\u00e9ristiques biostimulantes, r\u00e9duit certaines maladies cryptogamiques.<\/p>\n","protected":false},"featured_media":16474,"comment_status":"open","ping_status":"closed","template":"","meta":{"_acf_changed":false},"product_brand":[],"product_cat":[569],"product_tag":[],"class_list":{"0":"post-19229","1":"product","2":"type-product","3":"status-publish","4":"has-post-thumbnail","6":"product_cat-correcteurs-de-carence","8":"first","9":"instock","10":"featured","11":"taxable","12":"shipping-taxable","13":"purchasable","14":"product-type-variable"},"acf":[],"_links":{"self":[{"href":"https:\/\/cultivers.es\/fr\/wp-json\/wp\/v2\/product\/19229","targetHints":{"allow":["GET"]}}],"collection":[{"href":"https:\/\/cultivers.es\/fr\/wp-json\/wp\/v2\/product"}],"about":[{"href":"https:\/\/cultivers.es\/fr\/wp-json\/wp\/v2\/types\/product"}],"replies":[{"embeddable":true,"href":"https:\/\/cultivers.es\/fr\/wp-json\/wp\/v2\/comments?post=19229"}],"wp:featuredmedia":[{"embeddable":true,"href":"https:\/\/cultivers.es\/fr\/wp-json\/wp\/v2\/media\/16474"}],"wp:attachment":[{"href":"https:\/\/cultivers.es\/fr\/wp-json\/wp\/v2\/media?parent=19229"}],"wp:term":[{"taxonomy":"product_brand","embeddable":true,"href":"https:\/\/cultivers.es\/fr\/wp-json\/wp\/v2\/product_brand?post=19229"},{"taxonomy":"product_cat","embeddable":true,"href":"https:\/\/cultivers.es\/fr\/wp-json\/wp\/v2\/product_cat?post=19229"},{"taxonomy":"product_tag","embeddable":true,"href":"https:\/\/cultivers.es\/fr\/wp-json\/wp\/v2\/product_tag?post=19229"}],"curies":[{"name":"wp","href":"https:\/\/api.w.org\/{rel}","templated":true}]}}