{"id":19250,"date":"2022-11-30T07:48:40","date_gmt":"2022-11-30T07:48:40","guid":{"rendered":"https:\/\/cultivers.es\/abonos\/graines-daubergine-tsakoniki-bio\/"},"modified":"2025-09-22T05:38:14","modified_gmt":"2025-09-22T05:38:14","slug":"bio-tsakoniki-tsakoniki-aubergines-graines","status":"publish","type":"product","link":"https:\/\/cultivers.es\/fr\/abonnements\/bio-tsakoniki-tsakoniki-aubergines-graines\/","title":{"rendered":"Graines d&rsquo;aubergine Tsakoniki Biodynamique Demeter"},"content":{"rendered":"","protected":false},"excerpt":{"rendered":"<p>L&rsquo;<strong>aubergine Tsakoniki<\/strong> est une vari\u00e9t\u00e9 traditionnelle originaire de Gr\u00e8ce, connue pour sa forme allong\u00e9e et sa peau <strong>violette avec des veines blanches<\/strong>, ce qui en fait un choix visuellement attrayant et d\u00e9licieux. Sa chair tendre, \u00e0 la saveur douce, avec une pointe de sucr\u00e9, est parfaite pour une grande vari\u00e9t\u00e9 de plats tels que les rago\u00fbts, les r\u00f4tis, les moussakas et les farces. Cette aubergine est facile \u00e0 cultiver et tr\u00e8s productive, id\u00e9ale pour enrichir votre <strong>jardin<\/strong> d&rsquo;une plante nutritive et polyvalente.  <\/p>\n<p><strong>Forme allong\u00e9e et \u00e9l\u00e9gante :<\/strong> Avec sa peau violette ray\u00e9e de blanc, cette vari\u00e9t\u00e9 se distingue par son aspect attrayant et sa texture tendre.<\/p>\n<p><strong>Saveur douce et sucr\u00e9e :<\/strong> la chair de l&rsquo;aubergine Tsakoniki est d\u00e9licate, avec une saveur douce qui la rend parfaite pour les grillades, les rago\u00fbts, les fritures ou les farces.<\/p>\n<p><strong>Productivit\u00e9 \u00e9lev\u00e9e :<\/strong> il s&rsquo;agit d&rsquo;une plante vigoureuse qui produit des fruits de mani\u00e8re constante tout au long de la saison, ce qui garantit une r\u00e9colte abondante.<\/p>\n<p><strong>Rustique et facile \u00e0 cultiver :<\/strong> elle s&rsquo;adapte bien \u00e0 diff\u00e9rents climats et sols, \u00e9tant une vari\u00e9t\u00e9 r\u00e9sistante aux maladies, id\u00e9ale pour les jardiniers d\u00e9butants et exp\u00e9riment\u00e9s.<\/p>\n<p><strong>Riche en nutriments :<\/strong> Les aubergines sont une excellente source d&rsquo;antioxydants, de vitamines et de min\u00e9raux, contribuant \u00e0 une alimentation \u00e9quilibr\u00e9e et saine.<\/p>\n<p><strong>Certification Demeter :<\/strong> Ces semences r\u00e9pondent aux normes de l&rsquo;agriculture biodynamique, garantissant une culture respectueuse des cycles naturels et de l&rsquo;environnement.<\/p>\n<p><strong>Culture biologique :<\/strong> Nos semences sont <strong>100% biologiques<\/strong>, sans pesticides ni engrais chimiques, favorisant un <strong>jardin<\/strong> durable et respectueux de la biodiversit\u00e9.<\/p>\n<p>Cultivez les <strong>aubergines Demeter Organic Tsakoniki<\/strong> et profitez d&rsquo;une vari\u00e9t\u00e9 traditionnelle qui allie go\u00fbt, productivit\u00e9 et beaut\u00e9 dans votre <strong>jardin<\/strong>. Commandez d\u00e8s aujourd&rsquo;hui et apportez l&rsquo;authenticit\u00e9 grecque \u00e0 votre table ! <\/p>\n","protected":false},"featured_media":16279,"comment_status":"open","ping_status":"closed","template":"","meta":{"_acf_changed":false},"product_brand":[],"product_cat":[1303,424,430],"product_tag":[1385],"class_list":{"0":"post-19250","1":"product","2":"type-product","3":"status-publish","4":"has-post-thumbnail","6":"product_cat-graines-de-demeter","7":"product_cat-semences-biologiques","8":"product_cat-semences-de-fruits-et-legumes-biologiques","9":"product_tag-demeter-fr","11":"first","12":"instock","13":"taxable","14":"shipping-taxable","15":"purchasable","16":"product-type-simple"},"acf":[],"_links":{"self":[{"href":"https:\/\/cultivers.es\/fr\/wp-json\/wp\/v2\/product\/19250","targetHints":{"allow":["GET"]}}],"collection":[{"href":"https:\/\/cultivers.es\/fr\/wp-json\/wp\/v2\/product"}],"about":[{"href":"https:\/\/cultivers.es\/fr\/wp-json\/wp\/v2\/types\/product"}],"replies":[{"embeddable":true,"href":"https:\/\/cultivers.es\/fr\/wp-json\/wp\/v2\/comments?post=19250"}],"wp:featuredmedia":[{"embeddable":true,"href":"https:\/\/cultivers.es\/fr\/wp-json\/wp\/v2\/media\/16279"}],"wp:attachment":[{"href":"https:\/\/cultivers.es\/fr\/wp-json\/wp\/v2\/media?parent=19250"}],"wp:term":[{"taxonomy":"product_brand","embeddable":true,"href":"https:\/\/cultivers.es\/fr\/wp-json\/wp\/v2\/product_brand?post=19250"},{"taxonomy":"product_cat","embeddable":true,"href":"https:\/\/cultivers.es\/fr\/wp-json\/wp\/v2\/product_cat?post=19250"},{"taxonomy":"product_tag","embeddable":true,"href":"https:\/\/cultivers.es\/fr\/wp-json\/wp\/v2\/product_tag?post=19250"}],"curies":[{"name":"wp","href":"https:\/\/api.w.org\/{rel}","templated":true}]}}