{"id":19253,"date":"2022-11-30T07:44:26","date_gmt":"2022-11-30T07:44:26","guid":{"rendered":"https:\/\/cultivers.es\/abonos\/radis-cherry-belle-semences-biologiques\/"},"modified":"2025-09-22T05:37:31","modified_gmt":"2025-09-22T05:37:31","slug":"radis-cherry-cherry-belle-semences-ecologiques","status":"publish","type":"product","link":"https:\/\/cultivers.es\/fr\/abonnements\/radis-cherry-cherry-belle-semences-ecologiques\/","title":{"rendered":"Graines de radis Cherry Belle"},"content":{"rendered":"","protected":false},"excerpt":{"rendered":"<p>Le <strong>radis Cherry Belle<\/strong><em>(Raphanus sativus<\/em>) est une vari\u00e9t\u00e9 \u00e0 croissance rapide, r\u00e9put\u00e9e pour ses racines rondes d&rsquo;un <strong>rouge vif<\/strong> et son int\u00e9rieur blanc et croustillant, \u00e0 la saveur douce et fra\u00eeche. Parfait pour les salades, les plats d&rsquo;accompagnement ou \u00e0 d\u00e9guster cru en tant qu&rsquo;en-cas sain, ce radis est un choix id\u00e9al pour ceux qui recherchent une culture <strong>potag\u00e8re<\/strong> facile et productive. <\/p>\n<p>Des <strong>racines rondes et color\u00e9es :<\/strong> Cherry Belle produit des radis de taille uniforme, avec une peau rouge vif qui se distingue dans tous les plats.<\/p>\n<p><strong>Une saveur douce et croquante :<\/strong> Sa texture ferme et sa saveur fra\u00eeche et d\u00e9licate en font un compl\u00e9ment id\u00e9al pour les salades et les en-cas.<\/p>\n<p><strong>Croissance rapide :<\/strong> Cette vari\u00e9t\u00e9 arrive \u00e0 maturit\u00e9 en seulement 20 \u00e0 30 jours, ce qui permet des r\u00e9coltes fr\u00e9quentes tout au long de la saison.<\/p>\n<p><strong>Riche en nutriments :<\/strong> Les radis sont une excellente source de vitamine C, d&rsquo;antioxydants et de min\u00e9raux, ce qui favorise une alimentation saine.<\/p>\n<p><strong>Facile \u00e0 cultiver :<\/strong> s&rsquo;adapte bien aux sols l\u00e9gers et bien drain\u00e9s et est id\u00e9al pour les d\u00e9butants comme pour les jardiniers exp\u00e9riment\u00e9s.<\/p>\n<p><strong>Culture biologique :<\/strong> Nos semences sont <strong>100 % biologiques<\/strong>, sans pesticides ni engrais chimiques, ce qui favorise une culture durable et respectueuse de l&rsquo;environnement.<\/p>\n<p>Appr\u00e9ciez la fra\u00eecheur, la saveur et la facilit\u00e9 de culture du <strong>radis Cherry Belle Organic<\/strong>, une vari\u00e9t\u00e9 indispensable pour votre <strong>jardin<\/strong>. Commandez aujourd&rsquo;hui et r\u00e9coltez des radis sains en quelques jours seulement ! <\/p>\n","protected":false},"featured_media":16284,"comment_status":"open","ping_status":"closed","template":"","meta":{"_acf_changed":false},"product_brand":[],"product_cat":[426,424],"product_tag":[1579],"woo-feed-brand":[],"class_list":{"0":"post-19253","1":"product","2":"type-product","3":"status-publish","4":"has-post-thumbnail","6":"product_cat-graines-de-racines-biologiques","7":"product_cat-semences-biologiques","8":"product_tag-eco","10":"first","11":"instock","12":"taxable","13":"shipping-taxable","14":"purchasable","15":"product-type-simple"},"acf":[],"_links":{"self":[{"href":"https:\/\/cultivers.es\/fr\/wp-json\/wp\/v2\/product\/19253","targetHints":{"allow":["GET"]}}],"collection":[{"href":"https:\/\/cultivers.es\/fr\/wp-json\/wp\/v2\/product"}],"about":[{"href":"https:\/\/cultivers.es\/fr\/wp-json\/wp\/v2\/types\/product"}],"replies":[{"embeddable":true,"href":"https:\/\/cultivers.es\/fr\/wp-json\/wp\/v2\/comments?post=19253"}],"wp:featuredmedia":[{"embeddable":true,"href":"https:\/\/cultivers.es\/fr\/wp-json\/wp\/v2\/media\/16284"}],"wp:attachment":[{"href":"https:\/\/cultivers.es\/fr\/wp-json\/wp\/v2\/media?parent=19253"}],"wp:term":[{"taxonomy":"product_brand","embeddable":true,"href":"https:\/\/cultivers.es\/fr\/wp-json\/wp\/v2\/product_brand?post=19253"},{"taxonomy":"product_cat","embeddable":true,"href":"https:\/\/cultivers.es\/fr\/wp-json\/wp\/v2\/product_cat?post=19253"},{"taxonomy":"product_tag","embeddable":true,"href":"https:\/\/cultivers.es\/fr\/wp-json\/wp\/v2\/product_tag?post=19253"},{"taxonomy":"woo-feed-brand","embeddable":true,"href":"https:\/\/cultivers.es\/fr\/wp-json\/wp\/v2\/woo-feed-brand?post=19253"}],"curies":[{"name":"wp","href":"https:\/\/api.w.org\/{rel}","templated":true}]}}