{"id":19255,"date":"2022-11-30T07:45:47","date_gmt":"2022-11-30T07:45:47","guid":{"rendered":"https:\/\/cultivers.es\/abonos\/graines-de-tomate-cerise-honey-du-mexique-bio\/"},"modified":"2025-09-22T05:37:57","modified_gmt":"2025-09-22T05:37:57","slug":"graines-de-cerise-tomate-bio","status":"publish","type":"product","link":"https:\/\/cultivers.es\/fr\/abonnements\/graines-de-cerise-tomate-bio\/","title":{"rendered":"Graines de tomates cerises Honey Du Mexique"},"content":{"rendered":"","protected":false},"excerpt":{"rendered":"<p>La <strong>tomate cerise Miel Du Mexique<\/strong> est une vari\u00e9t\u00e9 de tomate cerise connue pour son go\u00fbt <strong>sucr\u00e9 et intense<\/strong>, rappelant le miel, et sa texture juteuse. Ces petites tomates rouge vif sont id\u00e9ales pour les salades, les ap\u00e9ritifs, les sauces fra\u00eeches ou pour \u00eatre d\u00e9gust\u00e9es directement dans le jardin. Leur productivit\u00e9 et leur r\u00e9sistance \u00e9lev\u00e9es en font un choix parfait pour les d\u00e9butants et les experts en culture biologique.  <\/p>\n<p><strong>Fruits sucr\u00e9s et aromatiques :<\/strong> Ces tomates se distinguent par leur go\u00fbt exceptionnellement sucr\u00e9, id\u00e9al pour agr\u00e9menter les salades et les plats frais.<\/p>\n<p><strong>Productivit\u00e9 \u00e9lev\u00e9e :<\/strong> Chaque plante produit une abondance de petits fruits uniformes tout au long de la saison.<\/p>\n<p><strong>Facile \u00e0 cultiver :<\/strong> Adaptable \u00e0 diff\u00e9rents climats et sols, cette vari\u00e9t\u00e9 est r\u00e9sistante aux maladies et pousse bien en pot et en pleine terre.<\/p>\n<p><strong>Utilisation polyvalente :<\/strong> parfait pour manger frais, dans des salades, des sauces ou m\u00eame comme en-cas sain directement du jardin.<\/p>\n<p><strong>Riche en nutriments :<\/strong> Source naturelle d&rsquo;antioxydants, de vitamines A, C et K, les tomates cerises contribuent \u00e0 une alimentation \u00e9quilibr\u00e9e et saine.<\/p>\n<p><strong>Culture biologique :<\/strong> Nos semences sont <strong>100% biologiques<\/strong>, sans pesticides ni engrais chimiques, ce qui garantit une culture durable et respectueuse de l&rsquo;environnement.<\/p>\n<p>Appr\u00e9ciez la saveur et la fra\u00eecheur uniques de la <strong>tomate biologique Cherry Miel Du Mexique<\/strong>, une vari\u00e9t\u00e9 qui remplira votre <strong>jardin<\/strong> de couleur, de douceur et de vie. Commandez d\u00e8s aujourd&rsquo;hui et commencez \u00e0 profiter de cette d\u00e9licieuse exp\u00e9rience ! <\/p>\n","protected":false},"featured_media":16289,"comment_status":"open","ping_status":"closed","template":"","meta":{"_acf_changed":false},"product_brand":[],"product_cat":[424,430],"product_tag":[1579],"class_list":{"0":"post-19255","1":"product","2":"type-product","3":"status-publish","4":"has-post-thumbnail","6":"product_cat-semences-biologiques","7":"product_cat-semences-de-fruits-et-legumes-biologiques","8":"product_tag-eco","10":"first","11":"instock","12":"taxable","13":"shipping-taxable","14":"purchasable","15":"product-type-simple"},"acf":[],"_links":{"self":[{"href":"https:\/\/cultivers.es\/fr\/wp-json\/wp\/v2\/product\/19255","targetHints":{"allow":["GET"]}}],"collection":[{"href":"https:\/\/cultivers.es\/fr\/wp-json\/wp\/v2\/product"}],"about":[{"href":"https:\/\/cultivers.es\/fr\/wp-json\/wp\/v2\/types\/product"}],"replies":[{"embeddable":true,"href":"https:\/\/cultivers.es\/fr\/wp-json\/wp\/v2\/comments?post=19255"}],"wp:featuredmedia":[{"embeddable":true,"href":"https:\/\/cultivers.es\/fr\/wp-json\/wp\/v2\/media\/16289"}],"wp:attachment":[{"href":"https:\/\/cultivers.es\/fr\/wp-json\/wp\/v2\/media?parent=19255"}],"wp:term":[{"taxonomy":"product_brand","embeddable":true,"href":"https:\/\/cultivers.es\/fr\/wp-json\/wp\/v2\/product_brand?post=19255"},{"taxonomy":"product_cat","embeddable":true,"href":"https:\/\/cultivers.es\/fr\/wp-json\/wp\/v2\/product_cat?post=19255"},{"taxonomy":"product_tag","embeddable":true,"href":"https:\/\/cultivers.es\/fr\/wp-json\/wp\/v2\/product_tag?post=19255"}],"curies":[{"name":"wp","href":"https:\/\/api.w.org\/{rel}","templated":true}]}}