{"id":19259,"date":"2022-11-29T14:31:42","date_gmt":"2022-11-29T14:31:42","guid":{"rendered":"https:\/\/cultivers.es\/abonos\/clonepunch\/"},"modified":"2025-09-22T05:37:16","modified_gmt":"2025-09-22T05:37:16","slug":"clonepunch","status":"publish","type":"product","link":"https:\/\/cultivers.es\/fr\/abonnements\/clonepunch\/","title":{"rendered":"ClonePunch"},"content":{"rendered":"","protected":false},"excerpt":{"rendered":"<p>Stimule la formation de racines secondaires en augmentant le nombre de poils absorbants et en r\u00e9g\u00e9n\u00e9rant la capacit\u00e9 d&rsquo;absorption des nutriments. Engrais organique pour le d\u00e9veloppement des racines.<\/p>\n<p>Il favorise les interactions sol-plante et l&rsquo;\u00e9quilibre entre les racines et la partie a\u00e9rienne de la plante.<\/p>\n<p>Il doit \u00eatre utilis\u00e9 d\u00e8s la transplantation, dans la phase de floraison et de nouaison ou pour surmonter le stress ou la phytotoxicit\u00e9 qui peuvent survenir au cours du cycle de croissance.<\/p>\n<p>Engrais organique indiqu\u00e9 pour stimuler le d\u00e9veloppement des racines dans les phases les plus difficiles de la culture et o\u00f9 l&rsquo;implication maximale du syst\u00e8me racinaire est requise.<\/p>\n<p>Formulation avec des micro-\u00e9l\u00e9ments ch\u00e9lat\u00e9s par EDTA et complex\u00e9s par des acides amin\u00e9s, permettant leur absorption et translocation rapide dans la plante, assurant une efficacit\u00e9 maximale dans les plus brefs d\u00e9lais.<\/p>\n","protected":false},"featured_media":16309,"comment_status":"open","ping_status":"closed","template":"","meta":{"_acf_changed":false},"product_brand":[],"product_cat":[726],"product_tag":[],"woo-feed-brand":[],"class_list":{"0":"post-19259","1":"product","2":"type-product","3":"status-publish","4":"has-post-thumbnail","6":"product_cat-growpunch-fr","8":"first","9":"instock","10":"taxable","11":"shipping-taxable","12":"purchasable","13":"product-type-variable"},"acf":[],"_links":{"self":[{"href":"https:\/\/cultivers.es\/fr\/wp-json\/wp\/v2\/product\/19259","targetHints":{"allow":["GET"]}}],"collection":[{"href":"https:\/\/cultivers.es\/fr\/wp-json\/wp\/v2\/product"}],"about":[{"href":"https:\/\/cultivers.es\/fr\/wp-json\/wp\/v2\/types\/product"}],"replies":[{"embeddable":true,"href":"https:\/\/cultivers.es\/fr\/wp-json\/wp\/v2\/comments?post=19259"}],"wp:featuredmedia":[{"embeddable":true,"href":"https:\/\/cultivers.es\/fr\/wp-json\/wp\/v2\/media\/16309"}],"wp:attachment":[{"href":"https:\/\/cultivers.es\/fr\/wp-json\/wp\/v2\/media?parent=19259"}],"wp:term":[{"taxonomy":"product_brand","embeddable":true,"href":"https:\/\/cultivers.es\/fr\/wp-json\/wp\/v2\/product_brand?post=19259"},{"taxonomy":"product_cat","embeddable":true,"href":"https:\/\/cultivers.es\/fr\/wp-json\/wp\/v2\/product_cat?post=19259"},{"taxonomy":"product_tag","embeddable":true,"href":"https:\/\/cultivers.es\/fr\/wp-json\/wp\/v2\/product_tag?post=19259"},{"taxonomy":"woo-feed-brand","embeddable":true,"href":"https:\/\/cultivers.es\/fr\/wp-json\/wp\/v2\/woo-feed-brand?post=19259"}],"curies":[{"name":"wp","href":"https:\/\/api.w.org\/{rel}","templated":true}]}}