{"id":19260,"date":"2022-12-14T11:23:14","date_gmt":"2022-12-14T11:23:14","guid":{"rendered":"https:\/\/cultivers.es\/abonos\/vinaigre-dalcool-herbicide-naturel-a-base-de-vinaigre\/"},"modified":"2025-09-22T05:38:05","modified_gmt":"2025-09-22T05:38:05","slug":"vinaigre-herbicide-naturel","status":"publish","type":"product","link":"https:\/\/cultivers.es\/fr\/abonnements\/vinaigre-herbicide-naturel\/","title":{"rendered":"Vinaigre d&rsquo;alcool. Herbicide naturel \u00e0 base de vinaigre."},"content":{"rendered":"<p>Il s&rsquo;agit d&rsquo;un produit inoffensif et respectueux de l&rsquo;environnement, car les seuls produits de d\u00e9composition sont le dioxyde de carbone et le m\u00e9thane, qui sont largement pr\u00e9sents dans la nature. Il est tr\u00e8s efficace comme d\u00e9tartrant des d\u00e9p\u00f4ts calcaires dans les syst\u00e8mes d&rsquo;irrigation utilisant de l&rsquo;eau \u00e0 duret\u00e9 \u00e9lev\u00e9e, \u00e9liminant les blocages dus \u00e0 la pr\u00e9cipitation de sels insolubles. Corrige le pH de l&rsquo;eau d&rsquo;irrigation et le maintient \u00e0 un niveau inf\u00e9rieur \u00e0 6,5, en \u00e9vitant continuellement la formation d&rsquo;incrustations calcaires dans les syst\u00e8mes et les \u00e9l\u00e9ments d&rsquo;irrigation, en \u00e9vitant le colmatage d\u00fb \u00e0 la pr\u00e9cipitation de sel dans les \u00e9metteurs et en am\u00e9liorant l&rsquo;absorption des nutriments dans la fertirrigation.<\/p>\n","protected":false},"excerpt":{"rendered":"<p>Vinaigre d&rsquo;alcool. Herbicide 100% naturel. \u00c9limine les mauvaises herbes.<br \/>\nPr\u00e9vient les maladies des plantes. Fongicide et bact\u00e9ricide naturels.<br \/>\nNettoyant pour syst\u00e8mes d&rsquo;irrigation. Tr\u00e8s efficace comme d\u00e9tartrant pour les d\u00e9p\u00f4ts de calcaire dans les syst\u00e8mes d&rsquo;irrigation utilisant des eaux tr\u00e8s dures, en \u00e9liminant les blocages dus \u00e0 la pr\u00e9cipitation de sels insolubles.<br \/>\nCorrige le pH de l&rsquo;eau d&rsquo;irrigation et le maintient en dessous de 6,5, en \u00e9vitant continuellement la formation d&rsquo;incrustations calcaires dans les syst\u00e8mes et les \u00e9l\u00e9ments d&rsquo;irrigation, en \u00e9vitant les obstructions dues \u00e0 la pr\u00e9cipitation de sels dans les \u00e9metteurs et en am\u00e9liorant l&rsquo;absorption des nutriments dans la fertirrigation.<br \/>\nDiluer \u00e0 50 % avec de l&rsquo;eau. Avant de secouer la carafe. Bien mouiller la plante. Appliquer \u00e0 faible pression \u00e0 une distance de 15 \u00e0 20 centim\u00e8tres de la plante. Appliquer au moment le plus chaud de la journ\u00e9e. Comme d\u00e9tartrant : 40L\/ha<br \/>\nGu\u00e9rit et pr\u00e9vient la chlorose ferreuse.<\/p>\n","protected":false},"featured_media":28973,"comment_status":"open","ping_status":"closed","template":"","meta":{"_acf_changed":false},"product_brand":[],"product_cat":[460,461],"product_tag":[],"woo-feed-brand":[],"class_list":{"0":"post-19260","1":"product","2":"type-product","3":"status-publish","4":"has-post-thumbnail","6":"product_cat-protection-des-cultures-et-des-plantes","7":"product_cat-substances-de-base","9":"first","10":"instock","11":"taxable","12":"shipping-taxable","13":"purchasable","14":"product-type-variable"},"acf":[],"_links":{"self":[{"href":"https:\/\/cultivers.es\/fr\/wp-json\/wp\/v2\/product\/19260","targetHints":{"allow":["GET"]}}],"collection":[{"href":"https:\/\/cultivers.es\/fr\/wp-json\/wp\/v2\/product"}],"about":[{"href":"https:\/\/cultivers.es\/fr\/wp-json\/wp\/v2\/types\/product"}],"replies":[{"embeddable":true,"href":"https:\/\/cultivers.es\/fr\/wp-json\/wp\/v2\/comments?post=19260"}],"wp:featuredmedia":[{"embeddable":true,"href":"https:\/\/cultivers.es\/fr\/wp-json\/wp\/v2\/media\/28973"}],"wp:attachment":[{"href":"https:\/\/cultivers.es\/fr\/wp-json\/wp\/v2\/media?parent=19260"}],"wp:term":[{"taxonomy":"product_brand","embeddable":true,"href":"https:\/\/cultivers.es\/fr\/wp-json\/wp\/v2\/product_brand?post=19260"},{"taxonomy":"product_cat","embeddable":true,"href":"https:\/\/cultivers.es\/fr\/wp-json\/wp\/v2\/product_cat?post=19260"},{"taxonomy":"product_tag","embeddable":true,"href":"https:\/\/cultivers.es\/fr\/wp-json\/wp\/v2\/product_tag?post=19260"},{"taxonomy":"woo-feed-brand","embeddable":true,"href":"https:\/\/cultivers.es\/fr\/wp-json\/wp\/v2\/woo-feed-brand?post=19260"}],"curies":[{"name":"wp","href":"https:\/\/api.w.org\/{rel}","templated":true}]}}