{"id":19338,"date":"2022-11-29T14:30:59","date_gmt":"2022-11-29T14:30:59","guid":{"rendered":"https:\/\/cultivers.es\/abonos\/budspunch\/"},"modified":"2025-09-22T05:37:20","modified_gmt":"2025-09-22T05:37:20","slug":"bourgeon","status":"publish","type":"product","link":"https:\/\/cultivers.es\/fr\/abonnements\/bourgeon\/","title":{"rendered":"BudsPunch"},"content":{"rendered":"","protected":false},"excerpt":{"rendered":"<div class=\"page\" title=\"Page 15\">\n<div class=\"section\">\n<div class=\"layoutArea\">\n<div class=\"column\">\n<p>Compacteur et exhausteur de r\u00e9sine.<\/p>\n<p>Engrais \u00e0 base d&rsquo;algues pour stimuler la croissance des bourgeons.<\/p>\n<p>Augmente la taille des bourgeons, ce qui permet d&rsquo;obtenir plus de r\u00e9sine.<br \/>\nAugmente la r\u00e9colte et ses effets sont visibles tr\u00e8s rapidement.<br \/>\nAm\u00e9liore tous les param\u00e8tres de qualit\u00e9 des bourgeons : calibre, duret\u00e9, odeur, homog\u00e9n\u00e9it\u00e9 et quantit\u00e9 de r\u00e9sine.<\/p>\n<\/div>\n<\/div>\n<\/div>\n<\/div>\n","protected":false},"featured_media":16304,"comment_status":"open","ping_status":"closed","template":"","meta":{"_acf_changed":false},"product_brand":[],"product_cat":[726],"product_tag":[],"woo-feed-brand":[],"class_list":{"0":"post-19338","1":"product","2":"type-product","3":"status-publish","4":"has-post-thumbnail","6":"product_cat-growpunch-fr","8":"first","9":"instock","10":"taxable","11":"shipping-taxable","12":"purchasable","13":"product-type-variable"},"acf":[],"_links":{"self":[{"href":"https:\/\/cultivers.es\/fr\/wp-json\/wp\/v2\/product\/19338","targetHints":{"allow":["GET"]}}],"collection":[{"href":"https:\/\/cultivers.es\/fr\/wp-json\/wp\/v2\/product"}],"about":[{"href":"https:\/\/cultivers.es\/fr\/wp-json\/wp\/v2\/types\/product"}],"replies":[{"embeddable":true,"href":"https:\/\/cultivers.es\/fr\/wp-json\/wp\/v2\/comments?post=19338"}],"wp:featuredmedia":[{"embeddable":true,"href":"https:\/\/cultivers.es\/fr\/wp-json\/wp\/v2\/media\/16304"}],"wp:attachment":[{"href":"https:\/\/cultivers.es\/fr\/wp-json\/wp\/v2\/media?parent=19338"}],"wp:term":[{"taxonomy":"product_brand","embeddable":true,"href":"https:\/\/cultivers.es\/fr\/wp-json\/wp\/v2\/product_brand?post=19338"},{"taxonomy":"product_cat","embeddable":true,"href":"https:\/\/cultivers.es\/fr\/wp-json\/wp\/v2\/product_cat?post=19338"},{"taxonomy":"product_tag","embeddable":true,"href":"https:\/\/cultivers.es\/fr\/wp-json\/wp\/v2\/product_tag?post=19338"},{"taxonomy":"woo-feed-brand","embeddable":true,"href":"https:\/\/cultivers.es\/fr\/wp-json\/wp\/v2\/woo-feed-brand?post=19338"}],"curies":[{"name":"wp","href":"https:\/\/api.w.org\/{rel}","templated":true}]}}