{"id":19390,"date":"2022-11-29T14:29:48","date_gmt":"2022-11-29T14:29:48","guid":{"rendered":"https:\/\/cultivers.es\/abonos\/bloompunch\/"},"modified":"2025-09-22T05:36:57","modified_gmt":"2025-09-22T05:36:57","slug":"bloompunch","status":"publish","type":"product","link":"https:\/\/cultivers.es\/fr\/abonnements\/bloompunch\/","title":{"rendered":"BloomPunch"},"content":{"rendered":"","protected":false},"excerpt":{"rendered":"<div class=\"page\" title=\"Page 12\">\n<div class=\"section\">\n<div class=\"layoutArea\">\n<div class=\"column\">\n<p>Engrais de floraison NPK 3-4-3<br \/>\nNPK NPK organique avec acides humiques et acides amin\u00e9s.<\/p>\n<\/div>\n<\/div>\n<\/div>\n<\/div>\n<p>La mati\u00e8re organique et les acides fulviques apportent des \u00e9l\u00e9ments dispensables tels que N, P, K, Ca, ainsi que des substances biostimulantes naturelles telles que des b\u00e9ta\u00efnes, des sucres, des prot\u00e9ines, des enzymes, des auxines et des vitamines.<br \/>\nFormul\u00e9 \u00e0 partir de mati\u00e8re organique obtenue \u00e0 partir de plantes. Il am\u00e9liore la rhizosph\u00e8re, retient l&rsquo;eau et l&rsquo;oxyg\u00e8ne dans le sol et stimule le d\u00e9veloppement des organes verts et des bourgeons des plantes dans les situations d\u00e9favorables.<\/p>\n","protected":false},"featured_media":16294,"comment_status":"open","ping_status":"closed","template":"","meta":{"_acf_changed":false},"product_brand":[],"product_cat":[726],"product_tag":[],"woo-feed-brand":[],"class_list":{"0":"post-19390","1":"product","2":"type-product","3":"status-publish","4":"has-post-thumbnail","6":"product_cat-growpunch-fr","8":"first","9":"instock","10":"taxable","11":"shipping-taxable","12":"purchasable","13":"product-type-variable"},"acf":[],"_links":{"self":[{"href":"https:\/\/cultivers.es\/fr\/wp-json\/wp\/v2\/product\/19390","targetHints":{"allow":["GET"]}}],"collection":[{"href":"https:\/\/cultivers.es\/fr\/wp-json\/wp\/v2\/product"}],"about":[{"href":"https:\/\/cultivers.es\/fr\/wp-json\/wp\/v2\/types\/product"}],"replies":[{"embeddable":true,"href":"https:\/\/cultivers.es\/fr\/wp-json\/wp\/v2\/comments?post=19390"}],"wp:featuredmedia":[{"embeddable":true,"href":"https:\/\/cultivers.es\/fr\/wp-json\/wp\/v2\/media\/16294"}],"wp:attachment":[{"href":"https:\/\/cultivers.es\/fr\/wp-json\/wp\/v2\/media?parent=19390"}],"wp:term":[{"taxonomy":"product_brand","embeddable":true,"href":"https:\/\/cultivers.es\/fr\/wp-json\/wp\/v2\/product_brand?post=19390"},{"taxonomy":"product_cat","embeddable":true,"href":"https:\/\/cultivers.es\/fr\/wp-json\/wp\/v2\/product_cat?post=19390"},{"taxonomy":"product_tag","embeddable":true,"href":"https:\/\/cultivers.es\/fr\/wp-json\/wp\/v2\/product_tag?post=19390"},{"taxonomy":"woo-feed-brand","embeddable":true,"href":"https:\/\/cultivers.es\/fr\/wp-json\/wp\/v2\/woo-feed-brand?post=19390"}],"curies":[{"name":"wp","href":"https:\/\/api.w.org\/{rel}","templated":true}]}}